{"id":1015,"date":"2025-02-17T11:51:12","date_gmt":"2025-02-17T11:51:12","guid":{"rendered":"https:\/\/www.bookhardanger.com\/products\/isbretur-fra-jondal\/"},"modified":"2025-03-07T22:39:34","modified_gmt":"2025-03-07T22:39:34","slug":"isbretur-fra-jondal","status":"publish","type":"product","link":"https:\/\/www.bookhardanger.com\/no\/produkter\/isbretur-fra-jondal\/","title":{"rendered":"Bl\u00e5isvandring fra Jondal\u00a0"},"content":{"rendered":"\n<p>Bli med de dyktige bref\u00f8rerne fra Folgefonni Bref\u00f8rarlag p\u00e5 et eventyr over Juklavassbreen \u2013 en brearm av Folgefonna, Norges tredje st\u00f8rste isbre. P\u00e5 turen f\u00e5r du utforske det unike is-landskapet, fra lettg\u00e5tte isflater til mer utfordrende omr\u00e5der med spennende bresprekker.<\/p>\n\n\n\n<p>Lunsjen nytes med en fantastisk utsikt over de majestetiske Rosendalsalpene, og p\u00e5 klare dager kan du til og med se helt ut til Nordsj\u00f8en.<\/p>\n\n\n\n<p>Underveis vil guiden dele spennende innsikt om lokal kulturhistorie, klima og breens utvikling, samt forklare den unike geografien i omr\u00e5det. Du f\u00e5r selvf\u00f8lgelig ogs\u00e5 mulighet til \u00e5 stille sp\u00f8rsm\u00e5l.<\/p>\n\n\n\n<p>P\u00e5 vei tilbake venter en imponerende utsikt over fjordlandskapet \u2013 en perfekt avslutning p\u00e5 en spektakul\u00e6r naturopplevelse.<\/p>\n\n\n\n<p>Brevandring er ikke bare et eventyr, det er en sjelden sjanse til \u00e5 komme tett p\u00e5 en av naturens store underverk og skape minner for livet.<\/p>\n\n\n\n<p><strong>Inkludert i prisen:<\/strong><\/p>\n\n\n\n<p>Brevandringsutstyr:<\/p>\n\n\n\n<ul class=\"wp-block-list\">\n<li>Stegjern<\/li>\n\n\n\n<li>Is\u00f8ks<\/li>\n\n\n\n<li>Klatresele<\/li>\n\n\n\n<li>Hjelm<\/li>\n\n\n\n<li>Tau<\/li>\n\n\n\n<li>Fjellsko (st\u00f8rrelse EUR 33\u201348)<\/li>\n<\/ul>\n\n\n\n<p><strong>Ta med deg:<\/strong><\/p>\n\n\n\n<ul class=\"wp-block-list\">\n<li>Varme, vind- og vanntette kl\u00e6r<\/li>\n\n\n\n<li>Egne varme fjellst\u00f8vler (hvis du har)<\/li>\n\n\n\n<li>Mat og drikke<\/li>\n\n\n\n<li>Solbriller og solkrem<\/li>\n\n\n\n<li>Ryggsekk med ekstra plass til utstyr<\/li>\n<\/ul>\n\n\n\n<figure class=\"wp-block-gallery has-nested-images columns-2 is-cropped wp-block-gallery-1 is-layout-flex wp-block-gallery-is-layout-flex\">\n<figure data-wp-context=\"{&quot;imageId&quot;:&quot;69e46defbb3d0&quot;}\" data-wp-interactive=\"core\/image\" data-wp-key=\"69e46defbb3d0\" class=\"wp-block-image size-large wp-lightbox-container\"><img loading=\"lazy\" decoding=\"async\" width=\"683\" height=\"1024\" data-wp-class--hide=\"state.isContentHidden\" data-wp-class--show=\"state.isContentVisible\" data-wp-init=\"callbacks.setButtonStyles\" data-wp-on--click=\"actions.showLightbox\" data-wp-on--load=\"callbacks.setButtonStyles\" data-wp-on-window--resize=\"callbacks.setButtonStyles\" data-id=\"346\" src=\"https:\/\/www.bookhardanger.com\/wp-content\/uploads\/2025\/02\/Blue-Ice-Hike_Folgefonni-Breforarlag_-Desire-W-683x1024.jpg\" alt=\"\" class=\"wp-image-346\" srcset=\"https:\/\/www.bookhardanger.com\/wp-content\/uploads\/2025\/02\/Blue-Ice-Hike_Folgefonni-Breforarlag_-Desire-W-683x1024.jpg 683w, https:\/\/www.bookhardanger.com\/wp-content\/uploads\/2025\/02\/Blue-Ice-Hike_Folgefonni-Breforarlag_-Desire-W-200x300.jpg 200w, https:\/\/www.bookhardanger.com\/wp-content\/uploads\/2025\/02\/Blue-Ice-Hike_Folgefonni-Breforarlag_-Desire-W-768x1152.jpg 768w, https:\/\/www.bookhardanger.com\/wp-content\/uploads\/2025\/02\/Blue-Ice-Hike_Folgefonni-Breforarlag_-Desire-W-1024x1536.jpg 1024w, https:\/\/www.bookhardanger.com\/wp-content\/uploads\/2025\/02\/Blue-Ice-Hike_Folgefonni-Breforarlag_-Desire-W.jpg 1080w\" sizes=\"auto, (max-width: 683px) 100vw, 683px\" \/><button\n\t\t\tclass=\"lightbox-trigger\"\n\t\t\ttype=\"button\"\n\t\t\taria-haspopup=\"dialog\"\n\t\t\taria-label=\"Forst\u00f8rr\"\n\t\t\tdata-wp-init=\"callbacks.initTriggerButton\"\n\t\t\tdata-wp-on--click=\"actions.showLightbox\"\n\t\t\tdata-wp-style--right=\"state.imageButtonRight\"\n\t\t\tdata-wp-style--top=\"state.imageButtonTop\"\n\t\t>\n\t\t\t<svg xmlns=\"http:\/\/www.w3.org\/2000\/svg\" width=\"12\" height=\"12\" fill=\"none\" viewBox=\"0 0 12 12\">\n\t\t\t\t<path fill=\"#fff\" d=\"M2 0a2 2 0 0 0-2 2v2h1.5V2a.5.5 0 0 1 .5-.5h2V0H2Zm2 10.5H2a.5.5 0 0 1-.5-.5V8H0v2a2 2 0 0 0 2 2h2v-1.5ZM8 12v-1.5h2a.5.5 0 0 0 .5-.5V8H12v2a2 2 0 0 1-2 2H8Zm2-12a2 2 0 0 1 2 2v2h-1.5V2a.5.5 0 0 0-.5-.5H8V0h2Z\" \/>\n\t\t\t<\/svg>\n\t\t<\/button><\/figure>\n\n\n\n<figure data-wp-context=\"{&quot;imageId&quot;:&quot;69e46defbb912&quot;}\" data-wp-interactive=\"core\/image\" data-wp-key=\"69e46defbb912\" class=\"wp-block-image size-large wp-lightbox-container\"><img loading=\"lazy\" decoding=\"async\" width=\"683\" height=\"1024\" data-wp-class--hide=\"state.isContentHidden\" data-wp-class--show=\"state.isContentVisible\" data-wp-init=\"callbacks.setButtonStyles\" data-wp-on--click=\"actions.showLightbox\" data-wp-on--load=\"callbacks.setButtonStyles\" data-wp-on-window--resize=\"callbacks.setButtonStyles\" data-id=\"348\" src=\"https:\/\/www.bookhardanger.com\/wp-content\/uploads\/2025\/02\/Blue-Ice-Hike_Folgefonni-Breforarlag_-Eksponert-Media_02-683x1024.jpg\" alt=\"\" class=\"wp-image-348\" srcset=\"https:\/\/www.bookhardanger.com\/wp-content\/uploads\/2025\/02\/Blue-Ice-Hike_Folgefonni-Breforarlag_-Eksponert-Media_02-683x1024.jpg 683w, https:\/\/www.bookhardanger.com\/wp-content\/uploads\/2025\/02\/Blue-Ice-Hike_Folgefonni-Breforarlag_-Eksponert-Media_02-200x300.jpg 200w, https:\/\/www.bookhardanger.com\/wp-content\/uploads\/2025\/02\/Blue-Ice-Hike_Folgefonni-Breforarlag_-Eksponert-Media_02-768x1152.jpg 768w, https:\/\/www.bookhardanger.com\/wp-content\/uploads\/2025\/02\/Blue-Ice-Hike_Folgefonni-Breforarlag_-Eksponert-Media_02-1024x1536.jpg 1024w, https:\/\/www.bookhardanger.com\/wp-content\/uploads\/2025\/02\/Blue-Ice-Hike_Folgefonni-Breforarlag_-Eksponert-Media_02.jpg 1080w\" sizes=\"auto, (max-width: 683px) 100vw, 683px\" \/><button\n\t\t\tclass=\"lightbox-trigger\"\n\t\t\ttype=\"button\"\n\t\t\taria-haspopup=\"dialog\"\n\t\t\taria-label=\"Forst\u00f8rr\"\n\t\t\tdata-wp-init=\"callbacks.initTriggerButton\"\n\t\t\tdata-wp-on--click=\"actions.showLightbox\"\n\t\t\tdata-wp-style--right=\"state.imageButtonRight\"\n\t\t\tdata-wp-style--top=\"state.imageButtonTop\"\n\t\t>\n\t\t\t<svg xmlns=\"http:\/\/www.w3.org\/2000\/svg\" width=\"12\" height=\"12\" fill=\"none\" viewBox=\"0 0 12 12\">\n\t\t\t\t<path fill=\"#fff\" d=\"M2 0a2 2 0 0 0-2 2v2h1.5V2a.5.5 0 0 1 .5-.5h2V0H2Zm2 10.5H2a.5.5 0 0 1-.5-.5V8H0v2a2 2 0 0 0 2 2h2v-1.5ZM8 12v-1.5h2a.5.5 0 0 0 .5-.5V8H12v2a2 2 0 0 1-2 2H8Zm2-12a2 2 0 0 1 2 2v2h-1.5V2a.5.5 0 0 0-.5-.5H8V0h2Z\" \/>\n\t\t\t<\/svg>\n\t\t<\/button><\/figure>\n\n\n\n<figure data-wp-context=\"{&quot;imageId&quot;:&quot;69e46defbbdcc&quot;}\" data-wp-interactive=\"core\/image\" data-wp-key=\"69e46defbbdcc\" class=\"wp-block-image size-large wp-lightbox-container\"><img loading=\"lazy\" decoding=\"async\" width=\"1024\" height=\"683\" data-wp-class--hide=\"state.isContentHidden\" data-wp-class--show=\"state.isContentVisible\" data-wp-init=\"callbacks.setButtonStyles\" data-wp-on--click=\"actions.showLightbox\" data-wp-on--load=\"callbacks.setButtonStyles\" data-wp-on-window--resize=\"callbacks.setButtonStyles\" data-id=\"347\" src=\"https:\/\/www.bookhardanger.com\/wp-content\/uploads\/2025\/02\/Blue-Ice-Hike_Folgefonni-Breforarlag_Eksponert-Media-1024x683.jpg\" alt=\"\" class=\"wp-image-347\" srcset=\"https:\/\/www.bookhardanger.com\/wp-content\/uploads\/2025\/02\/Blue-Ice-Hike_Folgefonni-Breforarlag_Eksponert-Media-1024x683.jpg 1024w, https:\/\/www.bookhardanger.com\/wp-content\/uploads\/2025\/02\/Blue-Ice-Hike_Folgefonni-Breforarlag_Eksponert-Media-300x200.jpg 300w, https:\/\/www.bookhardanger.com\/wp-content\/uploads\/2025\/02\/Blue-Ice-Hike_Folgefonni-Breforarlag_Eksponert-Media-768x512.jpg 768w, https:\/\/www.bookhardanger.com\/wp-content\/uploads\/2025\/02\/Blue-Ice-Hike_Folgefonni-Breforarlag_Eksponert-Media-1536x1024.jpg 1536w, https:\/\/www.bookhardanger.com\/wp-content\/uploads\/2025\/02\/Blue-Ice-Hike_Folgefonni-Breforarlag_Eksponert-Media.jpg 1620w\" sizes=\"auto, (max-width: 1024px) 100vw, 1024px\" \/><button\n\t\t\tclass=\"lightbox-trigger\"\n\t\t\ttype=\"button\"\n\t\t\taria-haspopup=\"dialog\"\n\t\t\taria-label=\"Forst\u00f8rr\"\n\t\t\tdata-wp-init=\"callbacks.initTriggerButton\"\n\t\t\tdata-wp-on--click=\"actions.showLightbox\"\n\t\t\tdata-wp-style--right=\"state.imageButtonRight\"\n\t\t\tdata-wp-style--top=\"state.imageButtonTop\"\n\t\t>\n\t\t\t<svg xmlns=\"http:\/\/www.w3.org\/2000\/svg\" width=\"12\" height=\"12\" fill=\"none\" viewBox=\"0 0 12 12\">\n\t\t\t\t<path fill=\"#fff\" d=\"M2 0a2 2 0 0 0-2 2v2h1.5V2a.5.5 0 0 1 .5-.5h2V0H2Zm2 10.5H2a.5.5 0 0 1-.5-.5V8H0v2a2 2 0 0 0 2 2h2v-1.5ZM8 12v-1.5h2a.5.5 0 0 0 .5-.5V8H12v2a2 2 0 0 1-2 2H8Zm2-12a2 2 0 0 1 2 2v2h-1.5V2a.5.5 0 0 0-.5-.5H8V0h2Z\" \/>\n\t\t\t<\/svg>\n\t\t<\/button><\/figure>\n<figcaption class=\"blocks-gallery-caption wp-element-caption\">\u00a9Desire W.\/ \u00a9Eksponert Media<\/figcaption><\/figure>\n","protected":false},"excerpt":{"rendered":"<p>Opplev den spektakul\u00e6re bl\u00e5isen p\u00e5 Juklavassbreen med en erfaren guide!<\/p>\n","protected":false},"featured_media":842,"parent":0,"template":"","tags":[],"activity-categories":[42],"location":[34],"class_list":["post-1015","product","type-product","status-publish","has-post-thumbnail","hentry","activity-categories-opplevelsesferie","location-jondal"],"acf":[],"_links":{"self":[{"href":"https:\/\/www.bookhardanger.com\/no\/wp-json\/wp\/v2\/product\/1015","targetHints":{"allow":["GET"]}}],"collection":[{"href":"https:\/\/www.bookhardanger.com\/no\/wp-json\/wp\/v2\/product"}],"about":[{"href":"https:\/\/www.bookhardanger.com\/no\/wp-json\/wp\/v2\/types\/product"}],"wp:featuredmedia":[{"embeddable":true,"href":"https:\/\/www.bookhardanger.com\/no\/wp-json\/wp\/v2\/media\/842"}],"wp:attachment":[{"href":"https:\/\/www.bookhardanger.com\/no\/wp-json\/wp\/v2\/media?parent=1015"}],"wp:term":[{"taxonomy":"post_tag","embeddable":true,"href":"https:\/\/www.bookhardanger.com\/no\/wp-json\/wp\/v2\/tags?post=1015"},{"taxonomy":"activity-categories","embeddable":true,"href":"https:\/\/www.bookhardanger.com\/no\/wp-json\/wp\/v2\/activity-categories?post=1015"},{"taxonomy":"location","embeddable":true,"href":"https:\/\/www.bookhardanger.com\/no\/wp-json\/wp\/v2\/location?post=1015"}],"curies":[{"name":"wp","href":"https:\/\/api.w.org\/{rel}","templated":true}]}}