{"id":1041,"date":"2025-02-26T20:34:45","date_gmt":"2025-02-26T20:34:45","guid":{"rendered":"https:\/\/www.bookhardanger.com\/products\/sidersmaking-syse-gard-in-ulvik-from-voss\/"},"modified":"2025-06-13T13:20:07","modified_gmt":"2025-06-13T13:20:07","slug":"sidersmaking-i-ulvik-fra-voss","status":"publish","type":"product","link":"https:\/\/www.bookhardanger.com\/no\/produkter\/sidersmaking-i-ulvik-fra-voss\/","title":{"rendered":"Sidersmaking i Ulvik fra Voss"},"content":{"rendered":"\n<p>Denne pakken er perfekt for deg som bor i Voss, men \u00f8nsker \u00e5 bes\u00f8ke Ulvik ved Hardangerfjorden og pr\u00f8ve den ber\u00f8mte eplesideren.<\/p>\n\n\n\n<p>Fra Voss tar du lokalbussen til Ulvik sentrum. Det er ikke uten grunn at Ulvik kalles Hardangers perle. Bygda ligger vakkert til mellom en av fjordens mest naturskj\u00f8nne deler og majestetiske fjell. Her finner du eplehager s\u00e5 langt \u00f8yet kan se.<\/p>\n\n\n\n<p>I Ulvik venter sidersmaking p\u00e5 en av de lokale g\u00e5rdene, Syse Gard eller Lekve Gard. Du kan velge mellom smaking kl. 12:00 eller 13:00. F\u00f8r eller etter smakingen kan du spise lunsj, bes\u00f8ke museet dedikert til dikteren Olav H. Hauge, eller bare rusle rundt og nyte stemningen.<\/p>\n\n\n\n<p>Syse Gard ligger en 30 minutters spasertur fra bussholdeplassen og sentrum. Husk \u00e5 beregne nok tid til \u00e5 rekke bussen tilbake til Voss.<\/p>\n\n\n\n<p><strong>Dette er inkludert i prisen:<\/strong><\/p>\n\n\n\n<ul class=\"wp-block-list\">\n<li>Tur-retur bussbillett<\/li>\n\n\n\n<li>Sidersmaking p\u00e5 Syse eller Lekve Gard med kort introduksjon<\/li>\n<\/ul>\n\n\n\n<p><strong>Reiseplan:<\/strong><\/p>\n\n\n\n<ul class=\"wp-block-list\">\n<li>10.05 \u2013 Bussavgang fra Voss stasjon (buss 945)<\/li>\n\n\n\n<li>11.10 \u2013 Buss ankommer Ulvik\n<ul class=\"wp-block-list\">\n<li>30 minutters gange til Syse Gard (Apalvegen 104)<\/li>\n\n\n\n<li>40 minutters gange til Lekve Gard<\/li>\n<\/ul>\n<\/li>\n\n\n\n<li>12.00 eller 13.00 \u2013 Sidersmaking (velg sted og tidspunkt i neste steg ved bestilling)\n<ul class=\"wp-block-list\">\n<li>G\u00e5 tilbake til Ulvik sentrum, nyt fjordutsikten og den promenaden (ca. 30 min gange)<\/li>\n<\/ul>\n<\/li>\n\n\n\n<li>15.13 \u2013 Bussavgang fra Ulvik sentrum (buss 945)<\/li>\n\n\n\n<li>16.10 \u2013 Ankomst Voss<\/li>\n<\/ul>\n\n\n\n<figure class=\"wp-block-image size-large\"><img loading=\"lazy\" decoding=\"async\" width=\"1024\" height=\"682\" src=\"https:\/\/www.bookhardanger.com\/wp-content\/uploads\/2025\/01\/Syse-gard-i-Ulvik-Foto-Reinhold-Kager-4540316-Foto_Reinhold_Kager-1024x682.jpg\" alt=\"\" class=\"wp-image-765\" srcset=\"https:\/\/www.bookhardanger.com\/wp-content\/uploads\/2025\/01\/Syse-gard-i-Ulvik-Foto-Reinhold-Kager-4540316-Foto_Reinhold_Kager-1024x682.jpg 1024w, https:\/\/www.bookhardanger.com\/wp-content\/uploads\/2025\/01\/Syse-gard-i-Ulvik-Foto-Reinhold-Kager-4540316-Foto_Reinhold_Kager-300x200.jpg 300w, https:\/\/www.bookhardanger.com\/wp-content\/uploads\/2025\/01\/Syse-gard-i-Ulvik-Foto-Reinhold-Kager-4540316-Foto_Reinhold_Kager-768x512.jpg 768w, https:\/\/www.bookhardanger.com\/wp-content\/uploads\/2025\/01\/Syse-gard-i-Ulvik-Foto-Reinhold-Kager-4540316-Foto_Reinhold_Kager-1536x1024.jpg 1536w, https:\/\/www.bookhardanger.com\/wp-content\/uploads\/2025\/01\/Syse-gard-i-Ulvik-Foto-Reinhold-Kager-4540316-Foto_Reinhold_Kager-2048x1365.jpg 2048w\" sizes=\"auto, (max-width: 1024px) 100vw, 1024px\" \/><figcaption class=\"wp-element-caption\">Syse Gard | \u00a9 Reinhold Kager<\/figcaption><\/figure>\n\n\n\n<h2 class=\"wp-block-heading\">Syse Gard: G\u00e5rdsutsalg og sidersmaking<\/h2>\n\n\n\n<p>Dette er den minste av de to g\u00e5rdene, og den f\u00f8rste du kommer til n\u00e5r du g\u00e5r Frukt- og Siderruta fra Ulvik sentrum. Syse Gard har den ekte, tradisjonelle g\u00e5rdsf\u00f8lelsen. Her f\u00e5r du ikke bare sider \u2013 du kan ogs\u00e5 kose deg med lokalproduserte sm\u00e5retter som passer perfekt til smakebrettet. I g\u00e5rdsbutikken finner du alt fra eplemost og syltet\u00f8y til spekep\u00f8lser og fenal\u00e5r av lam \u2013 alt laget p\u00e5 g\u00e5rden.<\/p>\n\n\n\n<p>Syse Gard ligger omtrent 30 minutters gange fra bussholdeplassen og sentrum.<\/p>\n\n\n\n<figure class=\"wp-block-image size-large\"><img loading=\"lazy\" decoding=\"async\" width=\"1024\" height=\"576\" src=\"https:\/\/www.bookhardanger.com\/wp-content\/uploads\/2025\/06\/Lekve-Gard_Ulvik_01-1024x576.jpg\" alt=\"\" class=\"wp-image-2001\" srcset=\"https:\/\/www.bookhardanger.com\/wp-content\/uploads\/2025\/06\/Lekve-Gard_Ulvik_01-1024x576.jpg 1024w, https:\/\/www.bookhardanger.com\/wp-content\/uploads\/2025\/06\/Lekve-Gard_Ulvik_01-300x169.jpg 300w, https:\/\/www.bookhardanger.com\/wp-content\/uploads\/2025\/06\/Lekve-Gard_Ulvik_01-768x432.jpg 768w, https:\/\/www.bookhardanger.com\/wp-content\/uploads\/2025\/06\/Lekve-Gard_Ulvik_01-1536x864.jpg 1536w, https:\/\/www.bookhardanger.com\/wp-content\/uploads\/2025\/06\/Lekve-Gard_Ulvik_01.jpg 2048w\" sizes=\"auto, (max-width: 1024px) 100vw, 1024px\" \/><figcaption class=\"wp-element-caption\">Lekve Gard<\/figcaption><\/figure>\n\n\n\n<h2 class=\"wp-block-heading\">Lekve Gard: Siderfabrikk med smaksbrett<\/h2>\n\n\n\n<p>Lekve Gard \u2013 eller Hardanger Saft- og Siderfabrikk som den ogs\u00e5 kalles \u2013 var de f\u00f8rste som begynte \u00e5 lage sider for salg. Her lager de et stort utvalg eplemost og over 20 ulike typer sider. I tillegg har de et eget destilleri der edle dr\u00e5per f\u00e5r modne p\u00e5 eikefat. Har du lyst, kan du bytte ut sidersmakinga med tre smakspr\u00f8ver av de sterkere variantene. Og skal du handle med deg noe hjem, er det lurt \u00e5 stikke innom utsalget f\u00f8r du drar.<\/p>\n\n\n\n<p>Lekve Gard ligger cirka 40 minutters gange fra Ulvik sentrum.<\/p>\n\n\n\n<p><strong>Husk \u00e5 v\u00e6re tilbake i tide til bussen mot Voss!<\/strong><\/p>\n","protected":false},"excerpt":{"rendered":"<p>Bli med p\u00e5 en tur fra Voss til Ulvik for \u00e5 smake p\u00e5 lokal sider!<\/p>\n","protected":false},"featured_media":923,"parent":0,"template":"","tags":[],"activity-categories":[41,47],"location":[33,38],"class_list":["post-1041","product","type-product","status-publish","has-post-thumbnail","hentry","activity-categories-mat-og-kultur","activity-categories-reis-offentlig","location-granvin-voss","location-ulvik"],"acf":[],"_links":{"self":[{"href":"https:\/\/www.bookhardanger.com\/no\/wp-json\/wp\/v2\/product\/1041","targetHints":{"allow":["GET"]}}],"collection":[{"href":"https:\/\/www.bookhardanger.com\/no\/wp-json\/wp\/v2\/product"}],"about":[{"href":"https:\/\/www.bookhardanger.com\/no\/wp-json\/wp\/v2\/types\/product"}],"wp:featuredmedia":[{"embeddable":true,"href":"https:\/\/www.bookhardanger.com\/no\/wp-json\/wp\/v2\/media\/923"}],"wp:attachment":[{"href":"https:\/\/www.bookhardanger.com\/no\/wp-json\/wp\/v2\/media?parent=1041"}],"wp:term":[{"taxonomy":"post_tag","embeddable":true,"href":"https:\/\/www.bookhardanger.com\/no\/wp-json\/wp\/v2\/tags?post=1041"},{"taxonomy":"activity-categories","embeddable":true,"href":"https:\/\/www.bookhardanger.com\/no\/wp-json\/wp\/v2\/activity-categories?post=1041"},{"taxonomy":"location","embeddable":true,"href":"https:\/\/www.bookhardanger.com\/no\/wp-json\/wp\/v2\/location?post=1041"}],"curies":[{"name":"wp","href":"https:\/\/api.w.org\/{rel}","templated":true}]}}