{"id":1054,"date":"2025-02-20T22:09:42","date_gmt":"2025-02-20T22:09:42","guid":{"rendered":"https:\/\/www.bookhardanger.com\/products\/cider-tasting-at-syse-gard\/"},"modified":"2025-03-07T22:19:01","modified_gmt":"2025-03-07T22:19:01","slug":"sidermaking-pa-syse-gard","status":"publish","type":"product","link":"https:\/\/www.bookhardanger.com\/no\/produkter\/sidermaking-pa-syse-gard\/","title":{"rendered":"Sidersmaking p\u00e5 Syse Gard"},"content":{"rendered":"\n<p>Syse Gard er en av tre siderprodusenter langs siderruta i Ulvik, ildyllisk plassert i bakkene over fjorden &#8211; omgitt av epletr\u00e6r.<\/p>\n\n\n\n<p>P\u00e5 denne smakingen f\u00e5r du pr\u00f8ve fire av Syse Gard sine sidere, servert p\u00e5 et smakebrett. Mens du smaker, kan du nyte den vakre utsikten over fjorden fra terrassen eller slappe av i det koselige smakerommet. Det vil ogs\u00e5 v\u00e6re en kort presentasjon av drikkene. Som alkoholfritt alternativ serveres fire typer lokal eplejuice.<\/p>\n\n\n\n<p>Syse har ogs\u00e5 en liten g\u00e5rdsbutikk der du kan kj\u00f8pe juice, sider, syltet\u00f8y, kj\u00f8tt med mer. <\/p>\n\n\n\n<p><strong>Inludert i prisen:\u00a0<\/strong><\/p>\n\n\n\n<ul class=\"wp-block-list\">\n<li>Smaking av 4 typer sider eller eplejuice<\/li>\n<\/ul>\n","protected":false},"excerpt":{"rendered":"<p>Flott mulighet til \u00e5 smake p\u00e5 lokal Hardanger-sider eller eplejuice i Ulvik.<\/p>\n","protected":false},"featured_media":898,"parent":0,"template":"","tags":[],"activity-categories":[41],"location":[38],"class_list":["post-1054","product","type-product","status-publish","has-post-thumbnail","hentry","activity-categories-mat-og-kultur","location-ulvik"],"acf":[],"_links":{"self":[{"href":"https:\/\/www.bookhardanger.com\/no\/wp-json\/wp\/v2\/product\/1054","targetHints":{"allow":["GET"]}}],"collection":[{"href":"https:\/\/www.bookhardanger.com\/no\/wp-json\/wp\/v2\/product"}],"about":[{"href":"https:\/\/www.bookhardanger.com\/no\/wp-json\/wp\/v2\/types\/product"}],"wp:featuredmedia":[{"embeddable":true,"href":"https:\/\/www.bookhardanger.com\/no\/wp-json\/wp\/v2\/media\/898"}],"wp:attachment":[{"href":"https:\/\/www.bookhardanger.com\/no\/wp-json\/wp\/v2\/media?parent=1054"}],"wp:term":[{"taxonomy":"post_tag","embeddable":true,"href":"https:\/\/www.bookhardanger.com\/no\/wp-json\/wp\/v2\/tags?post=1054"},{"taxonomy":"activity-categories","embeddable":true,"href":"https:\/\/www.bookhardanger.com\/no\/wp-json\/wp\/v2\/activity-categories?post=1054"},{"taxonomy":"location","embeddable":true,"href":"https:\/\/www.bookhardanger.com\/no\/wp-json\/wp\/v2\/location?post=1054"}],"curies":[{"name":"wp","href":"https:\/\/api.w.org\/{rel}","templated":true}]}}