{"id":1059,"date":"2025-02-24T18:58:47","date_gmt":"2025-02-24T18:58:47","guid":{"rendered":"https:\/\/www.bookhardanger.com\/products\/omvisning-og-sidersmaking-pa-lekve-gard\/"},"modified":"2025-03-07T22:08:22","modified_gmt":"2025-03-07T22:08:22","slug":"omvisning-og-sidersmaking-pa-lekve-gard","status":"publish","type":"product","link":"https:\/\/www.bookhardanger.com\/no\/produkter\/omvisning-og-sidersmaking-pa-lekve-gard\/","title":{"rendered":"Omvisning og sidersmaking p\u00e5 Lekve Gard"},"content":{"rendered":"\n<p>Bes\u00f8k en av de vakre epleg\u00e5rdene i Ulvik! Med generasjoner av erfaring var eierne av Lekve G\u00e5rd pionerer innen moderne, kommersiell siderproduksjon i Hardanger.<\/p>\n\n\n\n<p>I dag kan du selv l\u00e6re om denne tradisjonen p\u00e5 en guidet sidersmaking. Du f\u00e5r h\u00f8re historien bak siderproduksjonen som ble kommersialisert i 2004, og hvordan den har utviklet seg til et sted der det n\u00e5 produseres over 20 ulike sidere. I tillegg produserer g\u00e5rden andre typer alkohol, samt alkoholfrie alternativer og juice.<\/p>\n\n\n\n<p>Under omvisningen f\u00e5r du se produksjonslokalene med eplepresse, sidertanker, destilleri og eikefatkjeller. Det blir selvf\u00f8lgelig ogs\u00e5 mulighet til \u00e5 smake p\u00e5 de lokale produktene, samt bes\u00f8ke g\u00e5rdsbutikken hvor du kan kj\u00f8pe med deg flytende suvenirer.<\/p>\n\n\n\n<p><strong>Inkludert i prisen:\u00a0<\/strong><\/p>\n\n\n\n<ul class=\"wp-block-list\">\n<li>Omvisning i produksjonslokalene<\/li>\n\n\n\n<li>Smaking av en alkoholfri drikke (sider eller juice), 4 sidere og 1 sterkere alkohol.<\/li>\n<\/ul>\n","protected":false},"excerpt":{"rendered":"<p>L\u00e6r om tradisjonen, historien og kulturen bak siderproduksjon i Hardanger.<\/p>\n","protected":false},"featured_media":907,"parent":0,"template":"","tags":[],"activity-categories":[41],"location":[38],"class_list":["post-1059","product","type-product","status-publish","has-post-thumbnail","hentry","activity-categories-mat-og-kultur","location-ulvik"],"acf":[],"_links":{"self":[{"href":"https:\/\/www.bookhardanger.com\/no\/wp-json\/wp\/v2\/product\/1059","targetHints":{"allow":["GET"]}}],"collection":[{"href":"https:\/\/www.bookhardanger.com\/no\/wp-json\/wp\/v2\/product"}],"about":[{"href":"https:\/\/www.bookhardanger.com\/no\/wp-json\/wp\/v2\/types\/product"}],"wp:featuredmedia":[{"embeddable":true,"href":"https:\/\/www.bookhardanger.com\/no\/wp-json\/wp\/v2\/media\/907"}],"wp:attachment":[{"href":"https:\/\/www.bookhardanger.com\/no\/wp-json\/wp\/v2\/media?parent=1059"}],"wp:term":[{"taxonomy":"post_tag","embeddable":true,"href":"https:\/\/www.bookhardanger.com\/no\/wp-json\/wp\/v2\/tags?post=1059"},{"taxonomy":"activity-categories","embeddable":true,"href":"https:\/\/www.bookhardanger.com\/no\/wp-json\/wp\/v2\/activity-categories?post=1059"},{"taxonomy":"location","embeddable":true,"href":"https:\/\/www.bookhardanger.com\/no\/wp-json\/wp\/v2\/location?post=1059"}],"curies":[{"name":"wp","href":"https:\/\/api.w.org\/{rel}","templated":true}]}}