{"id":1062,"date":"2025-02-19T14:15:49","date_gmt":"2025-02-19T14:15:49","guid":{"rendered":"https:\/\/www.bookhardanger.com\/products\/klassisk-fjordpadling-fra-eidfjord\/"},"modified":"2026-03-12T15:51:34","modified_gmt":"2026-03-12T15:51:34","slug":"klassisk-fjordpadling-fra-eidfjord","status":"publish","type":"product","link":"https:\/\/www.bookhardanger.com\/no\/produkter\/klassisk-fjordpadling-fra-eidfjord\/","title":{"rendered":"Klassisk fjordpadling fra Eidfjord"},"content":{"rendered":"\n<p>Bli med p\u00e5 et uforglemmelig kajakkeventyr gjennom det spektakul\u00e6re landskapet i Eidfjord. Her tar hvert padletak deg n\u00e6rmere den fantastiske naturen.<\/p>\n\n<p>Turen starter med en grundig introduksjon til padleteknikk og sikkerhet, ledet av erfarne guider. N\u00e5r du er klar, setter vi kursen ut p\u00e5 fjorden \u2013 hvor en unik naturopplevelse venter.<\/p>\n\n<p>Kajakkpadling lar deg komme s\u00e5 n\u00e6rt fjorden som mulig \u2013 i hvert fall uten \u00e5 bli v\u00e5t! Med litt flaks kan du f\u00e5 \u00f8ye p\u00e5 sel, niser eller majestetiske hav\u00f8rner.<\/p>\n\n<p>De klassiske fjordpadlingsturene fra Eidfjord passer for alle niv\u00e5er. Enten du er nybegynner eller erfaren padler, lover vi en fantastisk opplevelse!<\/p>\n\n<p><strong>Inkludert i prisen:<\/strong><\/p>\n\n<ul class=\"wp-block-list\">\n<li>Vanlig kajakkutstyr<\/li>\n<\/ul>\n\n<p><strong>Hva b\u00f8r du ta med:<\/strong><\/p>\n\n<ul class=\"wp-block-list\">\n<li>Vannflaske<\/li>\n<\/ul>\n\n<ul class=\"wp-block-list\">\n<li>Sjokolade, n\u00f8tter eller annen lett snacks<\/li>\n<\/ul>\n\n<figure class=\"wp-block-gallery has-nested-images columns-2 is-cropped wp-block-gallery-1 is-layout-flex wp-block-gallery-is-layout-flex\">\n<figure data-wp-context=\"{&quot;imageId&quot;:&quot;69ec189a24c67&quot;}\" data-wp-interactive=\"core\/image\" data-wp-key=\"69ec189a24c67\" class=\"wp-block-image size-large wp-lightbox-container\"><img loading=\"lazy\" decoding=\"async\" width=\"1024\" height=\"683\" data-wp-class--hide=\"state.isContentHidden\" data-wp-class--show=\"state.isContentVisible\" data-wp-init=\"callbacks.setButtonStyles\" data-wp-on--click=\"actions.showLightbox\" data-wp-on--load=\"callbacks.setButtonStyles\" data-wp-on-window--resize=\"callbacks.setButtonStyles\" data-id=\"385\" src=\"https:\/\/www.bookhardanger.com\/wp-content\/uploads\/2025\/02\/Kayaking-Eidfjord_Best-Adventures_01-1024x683.jpg\" alt=\"\" class=\"wp-image-385\" srcset=\"https:\/\/www.bookhardanger.com\/wp-content\/uploads\/2025\/02\/Kayaking-Eidfjord_Best-Adventures_01-1024x683.jpg 1024w, https:\/\/www.bookhardanger.com\/wp-content\/uploads\/2025\/02\/Kayaking-Eidfjord_Best-Adventures_01-300x200.jpg 300w, https:\/\/www.bookhardanger.com\/wp-content\/uploads\/2025\/02\/Kayaking-Eidfjord_Best-Adventures_01-768x512.jpg 768w, https:\/\/www.bookhardanger.com\/wp-content\/uploads\/2025\/02\/Kayaking-Eidfjord_Best-Adventures_01-1536x1024.jpg 1536w, https:\/\/www.bookhardanger.com\/wp-content\/uploads\/2025\/02\/Kayaking-Eidfjord_Best-Adventures_01.jpg 1987w\" sizes=\"auto, (max-width: 1024px) 100vw, 1024px\" \/><button\n\t\t\tclass=\"lightbox-trigger\"\n\t\t\ttype=\"button\"\n\t\t\taria-haspopup=\"dialog\"\n\t\t\taria-label=\"Forst\u00f8rr\"\n\t\t\tdata-wp-init=\"callbacks.initTriggerButton\"\n\t\t\tdata-wp-on--click=\"actions.showLightbox\"\n\t\t\tdata-wp-style--right=\"state.imageButtonRight\"\n\t\t\tdata-wp-style--top=\"state.imageButtonTop\"\n\t\t>\n\t\t\t<svg xmlns=\"http:\/\/www.w3.org\/2000\/svg\" width=\"12\" height=\"12\" fill=\"none\" viewBox=\"0 0 12 12\">\n\t\t\t\t<path fill=\"#fff\" d=\"M2 0a2 2 0 0 0-2 2v2h1.5V2a.5.5 0 0 1 .5-.5h2V0H2Zm2 10.5H2a.5.5 0 0 1-.5-.5V8H0v2a2 2 0 0 0 2 2h2v-1.5ZM8 12v-1.5h2a.5.5 0 0 0 .5-.5V8H12v2a2 2 0 0 1-2 2H8Zm2-12a2 2 0 0 1 2 2v2h-1.5V2a.5.5 0 0 0-.5-.5H8V0h2Z\" \/>\n\t\t\t<\/svg>\n\t\t<\/button><\/figure>\n\n\n\n<figure data-wp-context=\"{&quot;imageId&quot;:&quot;69ec189a25160&quot;}\" data-wp-interactive=\"core\/image\" data-wp-key=\"69ec189a25160\" class=\"wp-block-image size-large wp-lightbox-container\"><img loading=\"lazy\" decoding=\"async\" width=\"1024\" height=\"683\" data-wp-class--hide=\"state.isContentHidden\" data-wp-class--show=\"state.isContentVisible\" data-wp-init=\"callbacks.setButtonStyles\" data-wp-on--click=\"actions.showLightbox\" data-wp-on--load=\"callbacks.setButtonStyles\" data-wp-on-window--resize=\"callbacks.setButtonStyles\" data-id=\"386\" src=\"https:\/\/www.bookhardanger.com\/wp-content\/uploads\/2025\/02\/Kayaking-Eidfjord_Best-Adventures_02-1024x683.jpg\" alt=\"\" class=\"wp-image-386\" srcset=\"https:\/\/www.bookhardanger.com\/wp-content\/uploads\/2025\/02\/Kayaking-Eidfjord_Best-Adventures_02-1024x683.jpg 1024w, https:\/\/www.bookhardanger.com\/wp-content\/uploads\/2025\/02\/Kayaking-Eidfjord_Best-Adventures_02-300x200.jpg 300w, https:\/\/www.bookhardanger.com\/wp-content\/uploads\/2025\/02\/Kayaking-Eidfjord_Best-Adventures_02-768x512.jpg 768w, https:\/\/www.bookhardanger.com\/wp-content\/uploads\/2025\/02\/Kayaking-Eidfjord_Best-Adventures_02-1536x1024.jpg 1536w, https:\/\/www.bookhardanger.com\/wp-content\/uploads\/2025\/02\/Kayaking-Eidfjord_Best-Adventures_02.jpg 2048w\" sizes=\"auto, (max-width: 1024px) 100vw, 1024px\" \/><button\n\t\t\tclass=\"lightbox-trigger\"\n\t\t\ttype=\"button\"\n\t\t\taria-haspopup=\"dialog\"\n\t\t\taria-label=\"Forst\u00f8rr\"\n\t\t\tdata-wp-init=\"callbacks.initTriggerButton\"\n\t\t\tdata-wp-on--click=\"actions.showLightbox\"\n\t\t\tdata-wp-style--right=\"state.imageButtonRight\"\n\t\t\tdata-wp-style--top=\"state.imageButtonTop\"\n\t\t>\n\t\t\t<svg xmlns=\"http:\/\/www.w3.org\/2000\/svg\" width=\"12\" height=\"12\" fill=\"none\" viewBox=\"0 0 12 12\">\n\t\t\t\t<path fill=\"#fff\" d=\"M2 0a2 2 0 0 0-2 2v2h1.5V2a.5.5 0 0 1 .5-.5h2V0H2Zm2 10.5H2a.5.5 0 0 1-.5-.5V8H0v2a2 2 0 0 0 2 2h2v-1.5ZM8 12v-1.5h2a.5.5 0 0 0 .5-.5V8H12v2a2 2 0 0 1-2 2H8Zm2-12a2 2 0 0 1 2 2v2h-1.5V2a.5.5 0 0 0-.5-.5H8V0h2Z\" \/>\n\t\t\t<\/svg>\n\t\t<\/button><\/figure>\n\n\n\n<figure data-wp-context=\"{&quot;imageId&quot;:&quot;69ec189a25618&quot;}\" data-wp-interactive=\"core\/image\" data-wp-key=\"69ec189a25618\" class=\"wp-block-image size-large wp-lightbox-container\"><img loading=\"lazy\" decoding=\"async\" width=\"1024\" height=\"683\" data-wp-class--hide=\"state.isContentHidden\" data-wp-class--show=\"state.isContentVisible\" data-wp-init=\"callbacks.setButtonStyles\" data-wp-on--click=\"actions.showLightbox\" data-wp-on--load=\"callbacks.setButtonStyles\" data-wp-on-window--resize=\"callbacks.setButtonStyles\" data-id=\"388\" src=\"https:\/\/www.bookhardanger.com\/wp-content\/uploads\/2025\/02\/Kayaking-Eidfjord_Best-Adventures_04-1024x683.jpg\" alt=\"\" class=\"wp-image-388\" srcset=\"https:\/\/www.bookhardanger.com\/wp-content\/uploads\/2025\/02\/Kayaking-Eidfjord_Best-Adventures_04-1024x683.jpg 1024w, https:\/\/www.bookhardanger.com\/wp-content\/uploads\/2025\/02\/Kayaking-Eidfjord_Best-Adventures_04-300x200.jpg 300w, https:\/\/www.bookhardanger.com\/wp-content\/uploads\/2025\/02\/Kayaking-Eidfjord_Best-Adventures_04-768x512.jpg 768w, https:\/\/www.bookhardanger.com\/wp-content\/uploads\/2025\/02\/Kayaking-Eidfjord_Best-Adventures_04-1536x1024.jpg 1536w, https:\/\/www.bookhardanger.com\/wp-content\/uploads\/2025\/02\/Kayaking-Eidfjord_Best-Adventures_04.jpg 2048w\" sizes=\"auto, (max-width: 1024px) 100vw, 1024px\" \/><button\n\t\t\tclass=\"lightbox-trigger\"\n\t\t\ttype=\"button\"\n\t\t\taria-haspopup=\"dialog\"\n\t\t\taria-label=\"Forst\u00f8rr\"\n\t\t\tdata-wp-init=\"callbacks.initTriggerButton\"\n\t\t\tdata-wp-on--click=\"actions.showLightbox\"\n\t\t\tdata-wp-style--right=\"state.imageButtonRight\"\n\t\t\tdata-wp-style--top=\"state.imageButtonTop\"\n\t\t>\n\t\t\t<svg xmlns=\"http:\/\/www.w3.org\/2000\/svg\" width=\"12\" height=\"12\" fill=\"none\" viewBox=\"0 0 12 12\">\n\t\t\t\t<path fill=\"#fff\" d=\"M2 0a2 2 0 0 0-2 2v2h1.5V2a.5.5 0 0 1 .5-.5h2V0H2Zm2 10.5H2a.5.5 0 0 1-.5-.5V8H0v2a2 2 0 0 0 2 2h2v-1.5ZM8 12v-1.5h2a.5.5 0 0 0 .5-.5V8H12v2a2 2 0 0 1-2 2H8Zm2-12a2 2 0 0 1 2 2v2h-1.5V2a.5.5 0 0 0-.5-.5H8V0h2Z\" \/>\n\t\t\t<\/svg>\n\t\t<\/button><\/figure>\n\n\n\n<figure data-wp-context=\"{&quot;imageId&quot;:&quot;69ec189a25aa5&quot;}\" data-wp-interactive=\"core\/image\" data-wp-key=\"69ec189a25aa5\" class=\"wp-block-image size-large wp-lightbox-container\"><img loading=\"lazy\" decoding=\"async\" width=\"1024\" height=\"683\" data-wp-class--hide=\"state.isContentHidden\" data-wp-class--show=\"state.isContentVisible\" data-wp-init=\"callbacks.setButtonStyles\" data-wp-on--click=\"actions.showLightbox\" data-wp-on--load=\"callbacks.setButtonStyles\" data-wp-on-window--resize=\"callbacks.setButtonStyles\" data-id=\"389\" src=\"https:\/\/www.bookhardanger.com\/wp-content\/uploads\/2025\/02\/Kayaking-Eidfjord_Best-Adventures_05-1024x683.jpg\" alt=\"\" class=\"wp-image-389\" srcset=\"https:\/\/www.bookhardanger.com\/wp-content\/uploads\/2025\/02\/Kayaking-Eidfjord_Best-Adventures_05-1024x683.jpg 1024w, https:\/\/www.bookhardanger.com\/wp-content\/uploads\/2025\/02\/Kayaking-Eidfjord_Best-Adventures_05-300x200.jpg 300w, https:\/\/www.bookhardanger.com\/wp-content\/uploads\/2025\/02\/Kayaking-Eidfjord_Best-Adventures_05-768x512.jpg 768w, https:\/\/www.bookhardanger.com\/wp-content\/uploads\/2025\/02\/Kayaking-Eidfjord_Best-Adventures_05-1536x1024.jpg 1536w, https:\/\/www.bookhardanger.com\/wp-content\/uploads\/2025\/02\/Kayaking-Eidfjord_Best-Adventures_05.jpg 2048w\" sizes=\"auto, (max-width: 1024px) 100vw, 1024px\" \/><button\n\t\t\tclass=\"lightbox-trigger\"\n\t\t\ttype=\"button\"\n\t\t\taria-haspopup=\"dialog\"\n\t\t\taria-label=\"Forst\u00f8rr\"\n\t\t\tdata-wp-init=\"callbacks.initTriggerButton\"\n\t\t\tdata-wp-on--click=\"actions.showLightbox\"\n\t\t\tdata-wp-style--right=\"state.imageButtonRight\"\n\t\t\tdata-wp-style--top=\"state.imageButtonTop\"\n\t\t>\n\t\t\t<svg xmlns=\"http:\/\/www.w3.org\/2000\/svg\" width=\"12\" height=\"12\" fill=\"none\" viewBox=\"0 0 12 12\">\n\t\t\t\t<path fill=\"#fff\" d=\"M2 0a2 2 0 0 0-2 2v2h1.5V2a.5.5 0 0 1 .5-.5h2V0H2Zm2 10.5H2a.5.5 0 0 1-.5-.5V8H0v2a2 2 0 0 0 2 2h2v-1.5ZM8 12v-1.5h2a.5.5 0 0 0 .5-.5V8H12v2a2 2 0 0 1-2 2H8Zm2-12a2 2 0 0 1 2 2v2h-1.5V2a.5.5 0 0 0-.5-.5H8V0h2Z\" \/>\n\t\t\t<\/svg>\n\t\t<\/button><\/figure>\n<figcaption class=\"blocks-gallery-caption wp-element-caption\">\u00a9 Best Adventures Eidfjord<\/figcaption><\/figure>\n\n<h2 class=\"wp-block-heading\">Vanlige sp\u00f8rsm\u00e5l<\/h2>\n\n<h3 class=\"wp-block-heading\"><strong>Trenger jeg erfaring for \u00e5 bli med p\u00e5 turen?<\/strong><\/h3>\n\n<p>Nei. De fleste kajakkturene passer ogs\u00e5 for nybegynnere. F\u00f8r avgang vil guiden gi grundig informasjon og sikkerhetsinstruksjoner, slik at alle f\u00f8ler seg trygge og godt forberedt.<br\/>Se ogs\u00e5 avsnittet <strong>\u00abViktig \u00e5 vite!\u00bb<\/strong> nedenfor for mer informasjon.<\/p>\n\n<h3 class=\"wp-block-heading\"><strong>Kan barn bli med p\u00e5 kajakkturen?<\/strong><\/h3>\n\n<p>Barn fra 10 \u00e5r og oppover kan bli med p\u00e5 kajakktur, men kun dersom de er i f\u00f8lge med en voksen. Derfor tilbyr vi ikke billetter for barn som reiser alene.<br\/>For ungdom over 15 \u00e5r m\u00e5 det kj\u00f8pes vanlig voksenbillett.<\/p>\n\n<h3 class=\"wp-block-heading\"><strong>M\u00e5 jeg kunne sv\u00f8mme?<\/strong><\/h3>\n\n<p>Selv om alle deltakere f\u00e5r utdelt redningsvest, m\u00e5 alle deltakere kunne sv\u00f8mme.<\/p>\n\n<h3 class=\"wp-block-heading\"><strong>Hva skjer hvis v\u00e6ret er d\u00e5rlig?<\/strong><\/h3>\n\n<p>Kajakkturer gjennomf\u00f8res normalt i de fleste v\u00e6rforhold, ogs\u00e5 n\u00e5r det regner.<br\/>Ved sterk vind eller andre forhold som kan p\u00e5virke sikkerheten, kan turarrang\u00f8ren likevel bli n\u00f8dt til \u00e5 avlyse turen. I s\u00e5 fall vil du selvf\u00f8lgelig f\u00e5 full refusjon, eller mulighet til \u00e5 bli med p\u00e5 en annen tur dersom det er ledig kapasitet.<\/p>\n\n<h3 class=\"wp-block-heading\"><strong>Hva b\u00f8r jeg ha p\u00e5 meg?<\/strong><\/h3>\n\n<p>Vi anbefaler at du tar med varme, vindtette og vanntette kl\u00e6r, samt gode og vanntette sko.<br\/>Det kan ogs\u00e5 v\u00e6re lurt \u00e5 ta med et skift med t\u00f8rre kl\u00e6r etter turen, for sikkerhets skyld.<\/p>\n\n<h3 class=\"wp-block-heading\"><strong>Kan jeg ta med kamera eller mobil?<\/strong><\/h3>\n\n<p>Selvf\u00f8lgelig \u2013 vi forst\u00e5r godt at du \u00f8nsker \u00e5 ta bilder fra kajakkturen.<br\/>Vi anbefaler likevel at du tar med en vanntett pose eller beholder til kamera og andre personlige eiendeler. Merk at personlige eiendeler du tar med p\u00e5 turen er p\u00e5 eget ansvar.<\/p>\n\n<h3 class=\"wp-block-heading\"><strong>Jeg finner ingen tilgjengelige turer<\/strong><\/h3>\n\n<p>Sjekk kalenderen for \u00e5 se hvilke dager det er ledige billetter. Dersom det er mulig, kan du ogs\u00e5 pr\u00f8ve \u00e5 se p\u00e5 andre datoer.<\/p>\n\n<h3 class=\"wp-block-heading\"><strong>Hvorfor kan jeg ikke bestille billett for bare \u00e9n person?<\/strong><\/h3>\n\n<p>Turarrang\u00f8ren trenger minst to deltakere for \u00e5 gjennomf\u00f8re turen. Derfor er det dessverre ikke mulig \u00e5 bestille billett for bare \u00e9n person.<\/p>\n\n<p>Vi forst\u00e5r at billettsystemet kan v\u00e6re litt forvirrende, s\u00e5 her er en kort forklaring:<\/p>\n\n<ul class=\"wp-block-list\">\n<li><strong>Billetter for 3 voksne og 1 barn<\/strong><br\/>Velg 1 billett<strong> \u201cTo voksne\u201d<\/strong> og 1 billett<strong> \u201cVoksen (15) + Barn (10\u201314)\u201d<\/strong>.<\/li>\n\n\n\n<li><strong>Billetter for 2 voksne og 2 barn<\/strong><br\/>Velg 2 billetter<strong> \u201cVoksen (15) + Barn (10\u201314)\u201d<\/strong>.<\/li>\n\n\n\n<li><strong>Billetter for 3 voksne<\/strong><br\/>Velg 1 billett<strong> \u201cTo voksne\u201d<\/strong>, og etter at du har valgt tidspunkt kan du legge til \u00e9n billett<strong> \u201cekstra voksen\u201d<\/strong>.<\/li>\n\n\n\n<li><strong>Billetter for 2 voksne og 1 barn<\/strong><br\/>Velg 1 billett<strong> \u201cVoksen (15) + Barn (10\u201314)\u201d<\/strong>, og etter at du har valgt tidspunkt kan du legge til \u00e9n billett <strong>\u201cekstra voksen\u201d<\/strong>.<\/li>\n\n\n\n<li><strong>Billetter for 2 voksne og 3 barn<\/strong><br\/>Dette er dessverre ikke mulig, siden hvert barn mellom 10 og 14 \u00e5r m\u00e5 v\u00e6re i f\u00f8lge med en voksen.<\/li>\n<\/ul>\n","protected":false},"excerpt":{"rendered":"<p>Opplev gleden av \u00e5 padle p\u00e5 vakre Hardangerfjorden!<\/p>\n","protected":false},"featured_media":863,"parent":0,"template":"","tags":[],"activity-categories":[42],"location":[32],"class_list":["post-1062","product","type-product","status-publish","has-post-thumbnail","hentry","activity-categories-opplevelsesferie","location-eidfjord"],"acf":[],"_links":{"self":[{"href":"https:\/\/www.bookhardanger.com\/no\/wp-json\/wp\/v2\/product\/1062","targetHints":{"allow":["GET"]}}],"collection":[{"href":"https:\/\/www.bookhardanger.com\/no\/wp-json\/wp\/v2\/product"}],"about":[{"href":"https:\/\/www.bookhardanger.com\/no\/wp-json\/wp\/v2\/types\/product"}],"wp:featuredmedia":[{"embeddable":true,"href":"https:\/\/www.bookhardanger.com\/no\/wp-json\/wp\/v2\/media\/863"}],"wp:attachment":[{"href":"https:\/\/www.bookhardanger.com\/no\/wp-json\/wp\/v2\/media?parent=1062"}],"wp:term":[{"taxonomy":"post_tag","embeddable":true,"href":"https:\/\/www.bookhardanger.com\/no\/wp-json\/wp\/v2\/tags?post=1062"},{"taxonomy":"activity-categories","embeddable":true,"href":"https:\/\/www.bookhardanger.com\/no\/wp-json\/wp\/v2\/activity-categories?post=1062"},{"taxonomy":"location","embeddable":true,"href":"https:\/\/www.bookhardanger.com\/no\/wp-json\/wp\/v2\/location?post=1062"}],"curies":[{"name":"wp","href":"https:\/\/api.w.org\/{rel}","templated":true}]}}