{"id":1066,"date":"2025-02-28T21:59:43","date_gmt":"2025-02-28T21:59:43","guid":{"rendered":"https:\/\/www.bookhardanger.com\/products\/kulturvandring-i-ulvik\/"},"modified":"2025-03-07T22:06:29","modified_gmt":"2025-03-07T22:06:29","slug":"kulturvandring-i-ulvik","status":"publish","type":"product","link":"https:\/\/www.bookhardanger.com\/no\/produkter\/kulturvandring-i-ulvik\/","title":{"rendered":"Kulturvandring i Ulvik"},"content":{"rendered":"\n<p>Bli med p\u00e5 en guidet vandring gjennom Ulvik, ei lita fjordbygd med en rik kultur- og jordbrukshistorie. Turen starter i sentrum og tar deg langs rolige stier og veier, med nydelig utsikt over fjorden, fjellene og de frodige frukthagene rundt.<\/p>\n\n\n\n<p>Med en lokalkjent guide f\u00e5r du h\u00f8re historier om Ulvik, b\u00e5de fra gamle dager og i dag. Ruten f\u00f8lger elva Tysso, en viktig vannvei som har preget bygdas utvikling \u2013 fra de f\u00f8rste bosettingene til moderne g\u00e5rdsdrift. P\u00e5 veien passerer vi fruktg\u00e5rder, der du f\u00e5r l\u00e6re hvordan Hardangers unike klima og tradisjoner har gjort regionen til et av Norges viktigste fruktomr\u00e5der.<\/p>\n\n\n\n<p>Vi stopper ved g\u00e5rdsbutikken p\u00e5 Syse Gard, hvor du f\u00e5r mulighet til \u00e5 kj\u00f8pe lokale produkter. Den familiedrevne g\u00e5rden tilbyr sesongbaserte varer som frukt, sider, spekemat og syltet\u00f8y. Etter pausen p\u00e5 Syse fortsetter vi tilbake til sentrum, hvor du kan utforske mer av Ulvik i ditt eget tempo.<\/p>\n\n\n\n<p>Denne turen gir deg en flott mulighet til \u00e5 oppleve Ulviks landskap, kultur og g\u00e5rdsdrift \u2013 med spennende innsikt fra en guide som kjenner omr\u00e5det godt.<\/p>\n\n\n\n<figure class=\"wp-block-gallery has-nested-images columns-2 is-cropped wp-block-gallery-1 is-layout-flex wp-block-gallery-is-layout-flex\">\n<figure class=\"wp-block-image size-large\"><img loading=\"lazy\" decoding=\"async\" width=\"683\" height=\"1024\" data-id=\"689\" src=\"https:\/\/www.bookhardanger.com\/wp-content\/uploads\/2025\/02\/Ulvik_Orchards_02-683x1024.jpg\" alt=\"\" class=\"wp-image-689\" srcset=\"https:\/\/www.bookhardanger.com\/wp-content\/uploads\/2025\/02\/Ulvik_Orchards_02-683x1024.jpg 683w, https:\/\/www.bookhardanger.com\/wp-content\/uploads\/2025\/02\/Ulvik_Orchards_02-200x300.jpg 200w, https:\/\/www.bookhardanger.com\/wp-content\/uploads\/2025\/02\/Ulvik_Orchards_02-768x1152.jpg 768w, https:\/\/www.bookhardanger.com\/wp-content\/uploads\/2025\/02\/Ulvik_Orchards_02-1024x1536.jpg 1024w, https:\/\/www.bookhardanger.com\/wp-content\/uploads\/2025\/02\/Ulvik_Orchards_02.jpg 1365w\" sizes=\"auto, (max-width: 683px) 100vw, 683px\" \/><\/figure>\n\n\n\n<figure class=\"wp-block-image size-large\"><img loading=\"lazy\" decoding=\"async\" width=\"768\" height=\"1024\" data-id=\"688\" src=\"https:\/\/www.bookhardanger.com\/wp-content\/uploads\/2025\/02\/Ulvik_Foto-Ina-Hakestad-768x1024.jpg\" alt=\"\" class=\"wp-image-688\" srcset=\"https:\/\/www.bookhardanger.com\/wp-content\/uploads\/2025\/02\/Ulvik_Foto-Ina-Hakestad-768x1024.jpg 768w, https:\/\/www.bookhardanger.com\/wp-content\/uploads\/2025\/02\/Ulvik_Foto-Ina-Hakestad-225x300.jpg 225w, https:\/\/www.bookhardanger.com\/wp-content\/uploads\/2025\/02\/Ulvik_Foto-Ina-Hakestad-1152x1536.jpg 1152w, https:\/\/www.bookhardanger.com\/wp-content\/uploads\/2025\/02\/Ulvik_Foto-Ina-Hakestad.jpg 1536w\" sizes=\"auto, (max-width: 768px) 100vw, 768px\" \/><\/figure>\n\n\n\n<figure class=\"wp-block-image size-large\"><img loading=\"lazy\" decoding=\"async\" width=\"1024\" height=\"683\" data-id=\"687\" src=\"https:\/\/www.bookhardanger.com\/wp-content\/uploads\/2025\/02\/Ulvik_Walking-Tour_Angr_01-1024x683.jpg\" alt=\"\" class=\"wp-image-687\" srcset=\"https:\/\/www.bookhardanger.com\/wp-content\/uploads\/2025\/02\/Ulvik_Walking-Tour_Angr_01-1024x683.jpg 1024w, https:\/\/www.bookhardanger.com\/wp-content\/uploads\/2025\/02\/Ulvik_Walking-Tour_Angr_01-300x200.jpg 300w, https:\/\/www.bookhardanger.com\/wp-content\/uploads\/2025\/02\/Ulvik_Walking-Tour_Angr_01-768x512.jpg 768w, https:\/\/www.bookhardanger.com\/wp-content\/uploads\/2025\/02\/Ulvik_Walking-Tour_Angr_01-1536x1024.jpg 1536w, https:\/\/www.bookhardanger.com\/wp-content\/uploads\/2025\/02\/Ulvik_Walking-Tour_Angr_01.jpg 2048w\" sizes=\"auto, (max-width: 1024px) 100vw, 1024px\" \/><\/figure>\n<figcaption class=\"blocks-gallery-caption wp-element-caption\">\u00a9 Book Hardanger \/ \u00a9 Ina Hakestad \/ \u00a9 Angr<\/figcaption><\/figure>\n\n\n\n<p><strong>Hva b\u00f8r du ta med:\u00a0<\/strong><\/p>\n\n\n\n<ul class=\"wp-block-list\">\n<li>Gode tursko<\/li>\n\n\n\n<li>Vann og litt lett mat<\/li>\n\n\n\n<li>Kl\u00e6r etter v\u00e6ret<\/li>\n<\/ul>\n\n\n\n<p><\/p>\n","protected":false},"excerpt":{"rendered":"<p>Bli kjent med Ulvik p\u00e5 en spennende spasertur med en lokal guide!<\/p>\n","protected":false},"featured_media":943,"parent":0,"template":"","tags":[],"activity-categories":[41,46],"location":[38],"class_list":["post-1066","product","type-product","status-publish","has-post-thumbnail","hentry","activity-categories-mat-og-kultur","activity-categories-sightseeingturer","location-ulvik"],"acf":[],"_links":{"self":[{"href":"https:\/\/www.bookhardanger.com\/no\/wp-json\/wp\/v2\/product\/1066","targetHints":{"allow":["GET"]}}],"collection":[{"href":"https:\/\/www.bookhardanger.com\/no\/wp-json\/wp\/v2\/product"}],"about":[{"href":"https:\/\/www.bookhardanger.com\/no\/wp-json\/wp\/v2\/types\/product"}],"wp:featuredmedia":[{"embeddable":true,"href":"https:\/\/www.bookhardanger.com\/no\/wp-json\/wp\/v2\/media\/943"}],"wp:attachment":[{"href":"https:\/\/www.bookhardanger.com\/no\/wp-json\/wp\/v2\/media?parent=1066"}],"wp:term":[{"taxonomy":"post_tag","embeddable":true,"href":"https:\/\/www.bookhardanger.com\/no\/wp-json\/wp\/v2\/tags?post=1066"},{"taxonomy":"activity-categories","embeddable":true,"href":"https:\/\/www.bookhardanger.com\/no\/wp-json\/wp\/v2\/activity-categories?post=1066"},{"taxonomy":"location","embeddable":true,"href":"https:\/\/www.bookhardanger.com\/no\/wp-json\/wp\/v2\/location?post=1066"}],"curies":[{"name":"wp","href":"https:\/\/api.w.org\/{rel}","templated":true}]}}