{"id":1069,"date":"2025-02-19T14:55:52","date_gmt":"2025-02-19T14:55:52","guid":{"rendered":"https:\/\/www.bookhardanger.com\/products\/tidlig-varpadling-pa-fjorden-i-eidfjord\/"},"modified":"2026-03-12T16:19:21","modified_gmt":"2026-03-12T16:19:21","slug":"tidlig-varpadling-pa-fjorden-i-eidfjord","status":"publish","type":"product","link":"https:\/\/www.bookhardanger.com\/no\/produkter\/tidlig-varpadling-pa-fjorden-i-eidfjord\/","title":{"rendered":"Tidlig v\u00e5rpadling p\u00e5 fjorden i Eidfjord"},"content":{"rendered":"\n<p>V\u00e5ren, ofte kalt naturens oppv\u00e5kning, markerer overgangen fra vinterens kulde til mildere og varmere v\u00e6r. Det er tiden da naturen v\u00e5kner til liv \u2013 knopper spretter, fuglesangen fyller lufta, og landskapet f\u00e5r tilbake sine friske farger.<\/p>\n\n<p>Bli med p\u00e5 en naturskj\u00f8nn kajakktur fra Eidfjord og opplev endringene p\u00e5 n\u00e6rt hold.<\/p>\n\n<p>F\u00f8r vi setter ut p\u00e5 fjorden, gir erfarne instrukt\u00f8rer en grundig innf\u00f8ring i padleteknikk. Mens du glir gjennom det klare vannet, omgitt av sn\u00f8dekte fjelltopper, vil du kjenne p\u00e5 den ekte, nordiske villmarksf\u00f8lelsen.<\/p>\n\n<p>Hold \u00f8ynene \u00e5pne! Med litt flaks kan du f\u00e5 \u00f8ye p\u00e5 lekne seler, majestetiske hav\u00f8rner og kanskje til og med niser eller spekkhoggere.<\/p>\n\n<p>V\u00e5rpadling fra Eidfjord passer for alle niv\u00e5er, fra nybegynnere til erfarne padlere.<\/p>\n\n<p>Fra Eidfjord padler vi mot Simadalsfjorden, som ligger innerst i den smale og majestetiske Simadalen.  <\/p>\n\n<p>Inkludert i prisen:<\/p>\n\n<ul class=\"wp-block-list\">\n<li>Padleutstyr, inkl. t\u00f8rrdrakt<\/li>\n<\/ul>\n\n<p>Hva b\u00f8r du ta med:<\/p>\n\n<ul class=\"wp-block-list\">\n<li>Vannflaske<\/li>\n\n\n\n<li>Litt snacks<\/li>\n<\/ul>\n\n<div style=\"height:60px\" aria-hidden=\"true\" class=\"wp-block-spacer\"><\/div>\n\n<h2 class=\"wp-block-heading\">Vanlige sp\u00f8rsm\u00e5l<\/h2>\n\n<h3 class=\"wp-block-heading\"><strong>Kan barn bli med p\u00e5 kajakkturen?<\/strong><\/h3>\n\n<p>Dessverre ikke. Deltakere m\u00e5 v\u00e6re minst 18 \u00e5r for \u00e5 bli med p\u00e5 denne turen.<\/p>\n\n<h3 class=\"wp-block-heading\"><strong>M\u00e5 jeg kunne sv\u00f8mme?<\/strong><\/h3>\n\n<p>Selv om alle deltakere f\u00e5r utdelt redningsvest, m\u00e5 alle deltakere kunne sv\u00f8mme.<\/p>\n\n<h3 class=\"wp-block-heading\"><strong>Hva skjer hvis v\u00e6ret er d\u00e5rlig?<\/strong><\/h3>\n\n<p>Kajakkturer gjennomf\u00f8res normalt i de fleste v\u00e6rforhold, ogs\u00e5 n\u00e5r det regner.<br\/>Ved sterk vind eller andre forhold som kan p\u00e5virke sikkerheten, kan turarrang\u00f8ren likevel bli n\u00f8dt til \u00e5 avlyse turen. I s\u00e5 fall vil du selvf\u00f8lgelig f\u00e5 full refusjon, eller mulighet til \u00e5 bli med p\u00e5 en annen tur dersom det er ledig kapasitet.<\/p>\n\n<h3 class=\"wp-block-heading\"><strong>Hva b\u00f8r jeg ha p\u00e5 meg?<\/strong><\/h3>\n\n<p>Vi anbefaler at du tar med varme, vindtette og vanntette kl\u00e6r, samt gode og vanntette sko.<br\/>Det kan ogs\u00e5 v\u00e6re lurt \u00e5 ta med et skift med t\u00f8rre kl\u00e6r etter turen, for sikkerhets skyld.<\/p>\n\n<h3 class=\"wp-block-heading\"><strong>Kan jeg ta med kamera eller mobil?<\/strong><\/h3>\n\n<p>Selvf\u00f8lgelig \u2013 vi forst\u00e5r godt at du \u00f8nsker \u00e5 ta bilder fra kajakkturen.<br\/>Vi anbefaler likevel at du tar med en vanntett pose eller beholder til kamera og andre personlige eiendeler. Merk at personlige eiendeler du tar med p\u00e5 turen er p\u00e5 eget ansvar.<\/p>\n\n<h3 class=\"wp-block-heading\"><strong>Hvorfor kan jeg ikke bestille billett for bare \u00e9n person?<\/strong><\/h3>\n\n<p>Turarrang\u00f8ren trenger minst to deltakere for \u00e5 gjennomf\u00f8re turen. Derfor er det dessverre ikke mulig \u00e5 bestille billett for bare \u00e9n person.<\/p>\n\n<p>Hvis du \u00f8nsker \u00e5 bestille en billett for 3 voksne -velg 1 billett<strong> \u201cTwo adults\u201d<\/strong>, og etter at du har valgt tidspunkt kan du legge til \u00e9n billett<strong> \u201cekstra voksen\u201d.<\/strong><\/p>\n","protected":false},"excerpt":{"rendered":"<p>Opplev magien med havkajakk p\u00e5 fjorden tidlig om v\u00e5ren!<\/p>\n","protected":false},"featured_media":866,"parent":0,"template":"","tags":[],"activity-categories":[42],"location":[32],"class_list":["post-1069","product","type-product","status-publish","has-post-thumbnail","hentry","activity-categories-opplevelsesferie","location-eidfjord"],"acf":[],"_links":{"self":[{"href":"https:\/\/www.bookhardanger.com\/no\/wp-json\/wp\/v2\/product\/1069","targetHints":{"allow":["GET"]}}],"collection":[{"href":"https:\/\/www.bookhardanger.com\/no\/wp-json\/wp\/v2\/product"}],"about":[{"href":"https:\/\/www.bookhardanger.com\/no\/wp-json\/wp\/v2\/types\/product"}],"wp:featuredmedia":[{"embeddable":true,"href":"https:\/\/www.bookhardanger.com\/no\/wp-json\/wp\/v2\/media\/866"}],"wp:attachment":[{"href":"https:\/\/www.bookhardanger.com\/no\/wp-json\/wp\/v2\/media?parent=1069"}],"wp:term":[{"taxonomy":"post_tag","embeddable":true,"href":"https:\/\/www.bookhardanger.com\/no\/wp-json\/wp\/v2\/tags?post=1069"},{"taxonomy":"activity-categories","embeddable":true,"href":"https:\/\/www.bookhardanger.com\/no\/wp-json\/wp\/v2\/activity-categories?post=1069"},{"taxonomy":"location","embeddable":true,"href":"https:\/\/www.bookhardanger.com\/no\/wp-json\/wp\/v2\/location?post=1069"}],"curies":[{"name":"wp","href":"https:\/\/api.w.org\/{rel}","templated":true}]}}