{"id":1072,"date":"2025-01-13T20:48:42","date_gmt":"2025-01-13T20:48:42","guid":{"rendered":"https:\/\/www.bookhardanger.com\/products\/opplev-eidfjord-med-trolltoget\/"},"modified":"2026-03-12T06:57:25","modified_gmt":"2026-03-12T06:57:25","slug":"opplev-eidfjord-med-trolltoget","status":"publish","type":"product","link":"https:\/\/www.bookhardanger.com\/no\/produkter\/opplev-eidfjord-med-trolltoget\/","title":{"rendered":"Opplev Eidfjord med Trolltoget"},"content":{"rendered":"\n<p>Trolltoget starter i sentrum av Eidfjord, like opp fra turistinformasjonen og ved siden av Coop-butikken. P\u00e5 50 minutter tar toget deg med til noen av de mest interessante stedene i bygda.<\/p>\n\n<h3 class=\"wp-block-heading\">Fjordutsikt og eldgamle graver<\/h3>\n\n<p>F\u00f8rst kj\u00f8rer toget opp til H\u00e6reid-terrassen, forbi Vestlandets st\u00f8rste forhistoriske gravfelt. Her, omtrent 100 meter over havet, ligger nesten 400 gravhauger fra jernalderen og vikingtiden. Toget stopper her en kort stund, slik at du kan ta bilder av den flotte utsikten over fjorden og bygda.<\/p>\n\n<h3 class=\"wp-block-heading\">Bes\u00f8k Eidfjord gamle kirke med Trolltoget<\/h3>\n\n<p>Deretter g\u00e5r turen tilbake gjennom sentrum og videre opp til L\u00e6greid-terrassen, hvor det blir et kort stopp ved Eidfjord gamle kirke. Herfra kan du enten bli med toget tilbake til sentrum eller ta en 10-minutters spasertur tilbake p\u00e5 egen h\u00e5nd.<\/p>\n\n<div style=\"height:28px\" aria-hidden=\"true\" class=\"wp-block-spacer\"><\/div>\n\n<h2 class=\"wp-block-heading\">Vanlige sp\u00f8rsm\u00e5l<\/h2>\n\n<h3 class=\"wp-block-heading\"><h3 class=\"wp-block-heading\"><strong>Hvor kan jeg kj\u00f8pe billetter?<\/strong><\/h3><\/h3>\n\n<p>Du kan enkelt kj\u00f8pe billetter direkte her p\u00e5 nettsiden ved \u00e5 klikke p\u00e5 \u00abBestill n\u00e5\u00bb nederst p\u00e5 siden. Book Hardanger er et lokalt non-profit-selskap som bidrar til lokal verdiskaping og et b\u00e6rekraftig lokalsamfunn.<br\/>Du kan ogs\u00e5 kj\u00f8pe billetter personlig i v\u00e5rt kundesenter inne p\u00e5 Eidfjord turistkontor.<\/p>\n\n<h3 class=\"wp-block-heading\"><h3 class=\"wp-block-heading\"><strong>Hvor g\u00e5r jeg om bord p\u00e5 toget?<\/strong><\/h3><\/h3>\n\n<p>Trolltoget har av- og p\u00e5stigning rett ved Eidfjord turistkontor. Du finner stoppet ved det hvite gjerdet mellom Coop og V\u00f8ringfoss Hotel.<\/p>\n\n<h3 class=\"wp-block-heading\"><h3 class=\"wp-block-heading\"><strong>Kan jeg g\u00e5 av og p\u00e5 hvor jeg vil?<\/strong><\/h3><\/h3>\n\n<p>Nei, det er dessverre ikke mulig. Toget har to faste stopp underveis.<br\/>Det f\u00f8rste er et kort fotostopp ved utsiktspunktet over fjorden hvor du ogs\u00e5 kan g\u00e5 ut av toget for \u00e5 nyte utsikten.<br\/>Det andre stoppet er ved den gamle kirken, og her kan du velge \u00e5 g\u00e5 av og spasere tilbake til kaien p\u00e5 egen h\u00e5nd.<\/p>\n\n<h3 class=\"wp-block-heading\"><h3 class=\"wp-block-heading\"><strong>Passer turen for rullestol?<\/strong><\/h3><\/h3>\n\n<p>Trolltoget er dessverre ikke tilrettelagt for rullestol, passasjerer m\u00e5 kunne g\u00e5 om bord selv.<\/p>\n\n<h3 class=\"wp-block-heading\"><h3 class=\"wp-block-heading\"><strong>Passer turen for barnevogn eller rullator?<\/strong><\/h3><\/h3>\n\n<p>Det er dessverre ikke mulig \u00e5 ta med barnevogn eller rullator p\u00e5 toget. Disse kan trygt settes igjen inne p\u00e5 turistkontoret.<br\/>Innstigningen kan for noen oppleves som litt h\u00f8y. Trenger du hjelp, er det bare \u00e5 si ifra til sj\u00e5f\u00f8ren som har krakk tilgjengelig for enklere av- og p\u00e5stigning.<\/p>\n\n<h3 class=\"wp-block-heading\"><h3 class=\"wp-block-heading\"><strong>Hva b\u00f8r jeg ha p\u00e5 meg?<\/strong><\/h3><\/h3>\n\n<p>Toget er ikke oppvarmet og har \u00e5pne vinduer p\u00e5 den ene siden, s\u00e5 vi anbefaler \u00e5 kle deg etter v\u00e6r og temperatur.<\/p>\n\n<h3 class=\"wp-block-heading\"><h3 class=\"wp-block-heading\"><strong>Passer turen for barn?<\/strong><\/h3><\/h3>\n\n<p>Ja! Dette er en hyggelig og opplevelsesrik tur som mange barn setter stor pris p\u00e5.<\/p>\n\n<h3 class=\"wp-block-heading\"><h3 class=\"wp-block-heading\"><strong>Har Trolltoget avganger hver dag?<\/strong><\/h3><\/h3>\n\n<p>Trolltoget i Eidfjord kj\u00f8rer ikke daglig. Det g\u00e5r som regel p\u00e5 dager hvor cruiseskip bes\u00f8ker Eidfjord. Sjekk kalenderen v\u00e5r for oppdaterte avgangsdager.<\/p>\n\n<h3 class=\"wp-block-heading\"><h3 class=\"wp-block-heading\"><strong>Er det guiding om bord?<\/strong><\/h3><\/h3>\n\n<p>Ja, turen har audioguide p\u00e5 enten engelsk eller tysk. N\u00e5r Eidfjord f\u00e5r bes\u00f8k av tyske cruiseskip, vil audioguiden v\u00e6re p\u00e5 tysk.<\/p>\n\n<p><\/p>\n","protected":false},"excerpt":{"rendered":"<p>Bli med p\u00e5 en 50-minutters rundtur gjennom Eidfjord med det sjarmerende Trolltoget!<\/p>\n","protected":false},"featured_media":822,"parent":0,"template":"","tags":[],"activity-categories":[46],"location":[32],"class_list":["post-1072","product","type-product","status-publish","has-post-thumbnail","hentry","activity-categories-sightseeingturer","location-eidfjord"],"acf":[],"_links":{"self":[{"href":"https:\/\/www.bookhardanger.com\/no\/wp-json\/wp\/v2\/product\/1072","targetHints":{"allow":["GET"]}}],"collection":[{"href":"https:\/\/www.bookhardanger.com\/no\/wp-json\/wp\/v2\/product"}],"about":[{"href":"https:\/\/www.bookhardanger.com\/no\/wp-json\/wp\/v2\/types\/product"}],"wp:featuredmedia":[{"embeddable":true,"href":"https:\/\/www.bookhardanger.com\/no\/wp-json\/wp\/v2\/media\/822"}],"wp:attachment":[{"href":"https:\/\/www.bookhardanger.com\/no\/wp-json\/wp\/v2\/media?parent=1072"}],"wp:term":[{"taxonomy":"post_tag","embeddable":true,"href":"https:\/\/www.bookhardanger.com\/no\/wp-json\/wp\/v2\/tags?post=1072"},{"taxonomy":"activity-categories","embeddable":true,"href":"https:\/\/www.bookhardanger.com\/no\/wp-json\/wp\/v2\/activity-categories?post=1072"},{"taxonomy":"location","embeddable":true,"href":"https:\/\/www.bookhardanger.com\/no\/wp-json\/wp\/v2\/location?post=1072"}],"curies":[{"name":"wp","href":"https:\/\/api.w.org\/{rel}","templated":true}]}}