{"id":1074,"date":"2025-02-28T12:12:45","date_gmt":"2025-02-28T12:12:45","guid":{"rendered":"https:\/\/www.bookhardanger.com\/products\/fjord-og-laks-rib-safari-fra-oystese\/"},"modified":"2025-03-07T22:41:08","modified_gmt":"2025-03-07T22:41:08","slug":"fjord-og-laks-rib-safari-fra-oystese","status":"publish","type":"product","link":"https:\/\/www.bookhardanger.com\/no\/produkter\/fjord-og-laks-rib-safari-fra-oystese\/","title":{"rendered":"Fjord og laks RIB-safari fra \u00d8ystese"},"content":{"rendered":"\n<p>Fra \u00d8ystese g\u00e5r turen innover Hardangerfjorden til utl\u00f8pet av Fyksesundet, Hardangers smaleste fjordarm. Men f\u00f8r dere kj\u00f8rer videre innover i sundet skal dere f\u00e5 l\u00e6re mer om lakseoppdrett. Hardanger Akvasenter tilbyr omvisninger og smakspr\u00f8ver p\u00e5 b\u00e5de deilig laks og lokal sider eller eplemost.&nbsp;&nbsp;<\/p>\n\n\n\n<p>Etter litt tid p\u00e5 senteret st\u00e5r natur, fart og spenning p\u00e5 programmet. Innover i Fyksesundet nyter dere utsikten mot 1000 meter h\u00f8ye fjell p\u00e5 begge sider og kj\u00f8rer tett p\u00e5 unike fossefall. Det blir flere stopp der dere f\u00e5r l\u00e6re om livet langs fjorden.&nbsp;&nbsp;<\/p>\n\n\n\n<p>Retur g\u00e5r via Kvams\u00f8y og Tjuvaholmen tilbake til \u00d8ystese.&nbsp;&nbsp;<\/p>\n\n\n\n<p><strong>Inkludert i prisen:\u00a0<\/strong><\/p>\n\n\n\n<ul class=\"wp-block-list\">\n<li>Flytedrakt&nbsp;<\/li>\n\n\n\n<li>Goggles\/briller&nbsp;<\/li>\n\n\n\n<li>Hansker&nbsp;<\/li>\n\n\n\n<li>Guiding&nbsp;<\/li>\n\n\n\n<li>Smaking av laks og sider<\/li>\n<\/ul>\n\n\n\n<p><strong>Hva b\u00f8r du ta med:<\/strong><\/p>\n\n\n\n<ul class=\"wp-block-list\">\n<li><a href=\"https:\/\/irp.cdn-website.com\/5891e755\/files\/uploaded\/Bekledning%20RIB_norsk.pdf\" target=\"_blank\" rel=\"noopener\">Klikk her for \u00e5 se hvordan du b\u00f8r kle deg etter v\u00e6ret&nbsp;<\/a><\/li>\n<\/ul>\n\n\n\n<figure class=\"wp-block-gallery has-nested-images columns-2 is-cropped wp-block-gallery-1 is-layout-flex wp-block-gallery-is-layout-flex\">\n<figure data-wp-context=\"{&quot;imageId&quot;:&quot;69e61907c551b&quot;}\" data-wp-interactive=\"core\/image\" data-wp-key=\"69e61907c551b\" class=\"wp-block-image size-large wp-lightbox-container\"><img loading=\"lazy\" decoding=\"async\" width=\"1024\" height=\"683\" data-wp-class--hide=\"state.isContentHidden\" data-wp-class--show=\"state.isContentVisible\" data-wp-init=\"callbacks.setButtonStyles\" data-wp-on--click=\"actions.showLightbox\" data-wp-on--load=\"callbacks.setButtonStyles\" data-wp-on-window--resize=\"callbacks.setButtonStyles\" data-id=\"649\" src=\"https:\/\/www.bookhardanger.com\/wp-content\/uploads\/2025\/02\/Hardangerfjord-Adventure_RIB-Akvasenter-Fyksesundet_01-1024x683.jpg\" alt=\"\" class=\"wp-image-649\" srcset=\"https:\/\/www.bookhardanger.com\/wp-content\/uploads\/2025\/02\/Hardangerfjord-Adventure_RIB-Akvasenter-Fyksesundet_01-1024x683.jpg 1024w, https:\/\/www.bookhardanger.com\/wp-content\/uploads\/2025\/02\/Hardangerfjord-Adventure_RIB-Akvasenter-Fyksesundet_01-300x200.jpg 300w, https:\/\/www.bookhardanger.com\/wp-content\/uploads\/2025\/02\/Hardangerfjord-Adventure_RIB-Akvasenter-Fyksesundet_01-768x512.jpg 768w, https:\/\/www.bookhardanger.com\/wp-content\/uploads\/2025\/02\/Hardangerfjord-Adventure_RIB-Akvasenter-Fyksesundet_01-1536x1024.jpg 1536w, https:\/\/www.bookhardanger.com\/wp-content\/uploads\/2025\/02\/Hardangerfjord-Adventure_RIB-Akvasenter-Fyksesundet_01.jpg 1600w\" sizes=\"auto, (max-width: 1024px) 100vw, 1024px\" \/><button\n\t\t\tclass=\"lightbox-trigger\"\n\t\t\ttype=\"button\"\n\t\t\taria-haspopup=\"dialog\"\n\t\t\taria-label=\"Forst\u00f8rr\"\n\t\t\tdata-wp-init=\"callbacks.initTriggerButton\"\n\t\t\tdata-wp-on--click=\"actions.showLightbox\"\n\t\t\tdata-wp-style--right=\"state.imageButtonRight\"\n\t\t\tdata-wp-style--top=\"state.imageButtonTop\"\n\t\t>\n\t\t\t<svg xmlns=\"http:\/\/www.w3.org\/2000\/svg\" width=\"12\" height=\"12\" fill=\"none\" viewBox=\"0 0 12 12\">\n\t\t\t\t<path fill=\"#fff\" d=\"M2 0a2 2 0 0 0-2 2v2h1.5V2a.5.5 0 0 1 .5-.5h2V0H2Zm2 10.5H2a.5.5 0 0 1-.5-.5V8H0v2a2 2 0 0 0 2 2h2v-1.5ZM8 12v-1.5h2a.5.5 0 0 0 .5-.5V8H12v2a2 2 0 0 1-2 2H8Zm2-12a2 2 0 0 1 2 2v2h-1.5V2a.5.5 0 0 0-.5-.5H8V0h2Z\" \/>\n\t\t\t<\/svg>\n\t\t<\/button><\/figure>\n\n\n\n<figure data-wp-context=\"{&quot;imageId&quot;:&quot;69e61907c5c71&quot;}\" data-wp-interactive=\"core\/image\" data-wp-key=\"69e61907c5c71\" class=\"wp-block-image size-large wp-lightbox-container\"><img loading=\"lazy\" decoding=\"async\" width=\"1024\" height=\"686\" data-wp-class--hide=\"state.isContentHidden\" data-wp-class--show=\"state.isContentVisible\" data-wp-init=\"callbacks.setButtonStyles\" data-wp-on--click=\"actions.showLightbox\" data-wp-on--load=\"callbacks.setButtonStyles\" data-wp-on-window--resize=\"callbacks.setButtonStyles\" data-id=\"650\" src=\"https:\/\/www.bookhardanger.com\/wp-content\/uploads\/2025\/02\/Hardangerfjord-Adventure_RIB-Akvasenter-Fyksesundet_03-1024x686.jpg\" alt=\"\" class=\"wp-image-650\" srcset=\"https:\/\/www.bookhardanger.com\/wp-content\/uploads\/2025\/02\/Hardangerfjord-Adventure_RIB-Akvasenter-Fyksesundet_03-1024x686.jpg 1024w, https:\/\/www.bookhardanger.com\/wp-content\/uploads\/2025\/02\/Hardangerfjord-Adventure_RIB-Akvasenter-Fyksesundet_03-300x201.jpg 300w, https:\/\/www.bookhardanger.com\/wp-content\/uploads\/2025\/02\/Hardangerfjord-Adventure_RIB-Akvasenter-Fyksesundet_03-768x515.jpg 768w, https:\/\/www.bookhardanger.com\/wp-content\/uploads\/2025\/02\/Hardangerfjord-Adventure_RIB-Akvasenter-Fyksesundet_03-1536x1029.jpg 1536w, https:\/\/www.bookhardanger.com\/wp-content\/uploads\/2025\/02\/Hardangerfjord-Adventure_RIB-Akvasenter-Fyksesundet_03.jpg 1600w\" sizes=\"auto, (max-width: 1024px) 100vw, 1024px\" \/><button\n\t\t\tclass=\"lightbox-trigger\"\n\t\t\ttype=\"button\"\n\t\t\taria-haspopup=\"dialog\"\n\t\t\taria-label=\"Forst\u00f8rr\"\n\t\t\tdata-wp-init=\"callbacks.initTriggerButton\"\n\t\t\tdata-wp-on--click=\"actions.showLightbox\"\n\t\t\tdata-wp-style--right=\"state.imageButtonRight\"\n\t\t\tdata-wp-style--top=\"state.imageButtonTop\"\n\t\t>\n\t\t\t<svg xmlns=\"http:\/\/www.w3.org\/2000\/svg\" width=\"12\" height=\"12\" fill=\"none\" viewBox=\"0 0 12 12\">\n\t\t\t\t<path fill=\"#fff\" d=\"M2 0a2 2 0 0 0-2 2v2h1.5V2a.5.5 0 0 1 .5-.5h2V0H2Zm2 10.5H2a.5.5 0 0 1-.5-.5V8H0v2a2 2 0 0 0 2 2h2v-1.5ZM8 12v-1.5h2a.5.5 0 0 0 .5-.5V8H12v2a2 2 0 0 1-2 2H8Zm2-12a2 2 0 0 1 2 2v2h-1.5V2a.5.5 0 0 0-.5-.5H8V0h2Z\" \/>\n\t\t\t<\/svg>\n\t\t<\/button><\/figure>\n\n\n\n<figure data-wp-context=\"{&quot;imageId&quot;:&quot;69e61907c62da&quot;}\" data-wp-interactive=\"core\/image\" data-wp-key=\"69e61907c62da\" class=\"wp-block-image size-large wp-lightbox-container\"><img loading=\"lazy\" decoding=\"async\" width=\"1024\" height=\"683\" data-wp-class--hide=\"state.isContentHidden\" data-wp-class--show=\"state.isContentVisible\" data-wp-init=\"callbacks.setButtonStyles\" data-wp-on--click=\"actions.showLightbox\" data-wp-on--load=\"callbacks.setButtonStyles\" data-wp-on-window--resize=\"callbacks.setButtonStyles\" data-id=\"647\" src=\"https:\/\/www.bookhardanger.com\/wp-content\/uploads\/2025\/02\/Hardangerfjord-Adventure_RIB-Akvasenter-Fyksesundet_05-1024x683.jpg\" alt=\"\" class=\"wp-image-647\" srcset=\"https:\/\/www.bookhardanger.com\/wp-content\/uploads\/2025\/02\/Hardangerfjord-Adventure_RIB-Akvasenter-Fyksesundet_05-1024x683.jpg 1024w, https:\/\/www.bookhardanger.com\/wp-content\/uploads\/2025\/02\/Hardangerfjord-Adventure_RIB-Akvasenter-Fyksesundet_05-300x200.jpg 300w, https:\/\/www.bookhardanger.com\/wp-content\/uploads\/2025\/02\/Hardangerfjord-Adventure_RIB-Akvasenter-Fyksesundet_05-768x512.jpg 768w, https:\/\/www.bookhardanger.com\/wp-content\/uploads\/2025\/02\/Hardangerfjord-Adventure_RIB-Akvasenter-Fyksesundet_05-1536x1024.jpg 1536w, https:\/\/www.bookhardanger.com\/wp-content\/uploads\/2025\/02\/Hardangerfjord-Adventure_RIB-Akvasenter-Fyksesundet_05.jpg 1600w\" sizes=\"auto, (max-width: 1024px) 100vw, 1024px\" \/><button\n\t\t\tclass=\"lightbox-trigger\"\n\t\t\ttype=\"button\"\n\t\t\taria-haspopup=\"dialog\"\n\t\t\taria-label=\"Forst\u00f8rr\"\n\t\t\tdata-wp-init=\"callbacks.initTriggerButton\"\n\t\t\tdata-wp-on--click=\"actions.showLightbox\"\n\t\t\tdata-wp-style--right=\"state.imageButtonRight\"\n\t\t\tdata-wp-style--top=\"state.imageButtonTop\"\n\t\t>\n\t\t\t<svg xmlns=\"http:\/\/www.w3.org\/2000\/svg\" width=\"12\" height=\"12\" fill=\"none\" viewBox=\"0 0 12 12\">\n\t\t\t\t<path fill=\"#fff\" d=\"M2 0a2 2 0 0 0-2 2v2h1.5V2a.5.5 0 0 1 .5-.5h2V0H2Zm2 10.5H2a.5.5 0 0 1-.5-.5V8H0v2a2 2 0 0 0 2 2h2v-1.5ZM8 12v-1.5h2a.5.5 0 0 0 .5-.5V8H12v2a2 2 0 0 1-2 2H8Zm2-12a2 2 0 0 1 2 2v2h-1.5V2a.5.5 0 0 0-.5-.5H8V0h2Z\" \/>\n\t\t\t<\/svg>\n\t\t<\/button><\/figure>\n\n\n\n<figure data-wp-context=\"{&quot;imageId&quot;:&quot;69e61907c696f&quot;}\" data-wp-interactive=\"core\/image\" data-wp-key=\"69e61907c696f\" class=\"wp-block-image size-large wp-lightbox-container\"><img loading=\"lazy\" decoding=\"async\" width=\"1024\" height=\"729\" data-wp-class--hide=\"state.isContentHidden\" data-wp-class--show=\"state.isContentVisible\" data-wp-init=\"callbacks.setButtonStyles\" data-wp-on--click=\"actions.showLightbox\" data-wp-on--load=\"callbacks.setButtonStyles\" data-wp-on-window--resize=\"callbacks.setButtonStyles\" data-id=\"441\" src=\"https:\/\/www.bookhardanger.com\/wp-content\/uploads\/2025\/02\/Fyksesundet_Hardangerfjord-Adventure_96-1024x729.jpg\" alt=\"\" class=\"wp-image-441\" srcset=\"https:\/\/www.bookhardanger.com\/wp-content\/uploads\/2025\/02\/Fyksesundet_Hardangerfjord-Adventure_96-1024x729.jpg 1024w, https:\/\/www.bookhardanger.com\/wp-content\/uploads\/2025\/02\/Fyksesundet_Hardangerfjord-Adventure_96-300x214.jpg 300w, https:\/\/www.bookhardanger.com\/wp-content\/uploads\/2025\/02\/Fyksesundet_Hardangerfjord-Adventure_96-768x547.jpg 768w, https:\/\/www.bookhardanger.com\/wp-content\/uploads\/2025\/02\/Fyksesundet_Hardangerfjord-Adventure_96-1536x1094.jpg 1536w, https:\/\/www.bookhardanger.com\/wp-content\/uploads\/2025\/02\/Fyksesundet_Hardangerfjord-Adventure_96.jpg 2048w\" sizes=\"auto, (max-width: 1024px) 100vw, 1024px\" \/><button\n\t\t\tclass=\"lightbox-trigger\"\n\t\t\ttype=\"button\"\n\t\t\taria-haspopup=\"dialog\"\n\t\t\taria-label=\"Forst\u00f8rr\"\n\t\t\tdata-wp-init=\"callbacks.initTriggerButton\"\n\t\t\tdata-wp-on--click=\"actions.showLightbox\"\n\t\t\tdata-wp-style--right=\"state.imageButtonRight\"\n\t\t\tdata-wp-style--top=\"state.imageButtonTop\"\n\t\t>\n\t\t\t<svg xmlns=\"http:\/\/www.w3.org\/2000\/svg\" width=\"12\" height=\"12\" fill=\"none\" viewBox=\"0 0 12 12\">\n\t\t\t\t<path fill=\"#fff\" d=\"M2 0a2 2 0 0 0-2 2v2h1.5V2a.5.5 0 0 1 .5-.5h2V0H2Zm2 10.5H2a.5.5 0 0 1-.5-.5V8H0v2a2 2 0 0 0 2 2h2v-1.5ZM8 12v-1.5h2a.5.5 0 0 0 .5-.5V8H12v2a2 2 0 0 1-2 2H8Zm2-12a2 2 0 0 1 2 2v2h-1.5V2a.5.5 0 0 0-.5-.5H8V0h2Z\" \/>\n\t\t\t<\/svg>\n\t\t<\/button><\/figure>\n<figcaption class=\"blocks-gallery-caption wp-element-caption\">\u00a9 Hardangerfjord Adventure<\/figcaption><\/figure>\n\n\n\n<p><\/p>\n","protected":false},"excerpt":{"rendered":"<p>Kombiner en spennende RIB tur med et bes\u00f8k p\u00e5 Hardanger Akvasenter.  <\/p>\n","protected":false},"featured_media":934,"parent":0,"template":"","tags":[],"activity-categories":[45],"location":[39],"class_list":["post-1074","product","type-product","status-publish","has-post-thumbnail","hentry","activity-categories-private-turer","location-oystese-norheimsund"],"acf":[],"_links":{"self":[{"href":"https:\/\/www.bookhardanger.com\/no\/wp-json\/wp\/v2\/product\/1074","targetHints":{"allow":["GET"]}}],"collection":[{"href":"https:\/\/www.bookhardanger.com\/no\/wp-json\/wp\/v2\/product"}],"about":[{"href":"https:\/\/www.bookhardanger.com\/no\/wp-json\/wp\/v2\/types\/product"}],"wp:featuredmedia":[{"embeddable":true,"href":"https:\/\/www.bookhardanger.com\/no\/wp-json\/wp\/v2\/media\/934"}],"wp:attachment":[{"href":"https:\/\/www.bookhardanger.com\/no\/wp-json\/wp\/v2\/media?parent=1074"}],"wp:term":[{"taxonomy":"post_tag","embeddable":true,"href":"https:\/\/www.bookhardanger.com\/no\/wp-json\/wp\/v2\/tags?post=1074"},{"taxonomy":"activity-categories","embeddable":true,"href":"https:\/\/www.bookhardanger.com\/no\/wp-json\/wp\/v2\/activity-categories?post=1074"},{"taxonomy":"location","embeddable":true,"href":"https:\/\/www.bookhardanger.com\/no\/wp-json\/wp\/v2\/location?post=1074"}],"curies":[{"name":"wp","href":"https:\/\/api.w.org\/{rel}","templated":true}]}}