{"id":1077,"date":"2025-02-20T13:22:54","date_gmt":"2025-02-20T13:22:54","guid":{"rendered":"https:\/\/www.bookhardanger.com\/products\/fyksesund-fjordsafari-fra-oystese\/"},"modified":"2025-03-07T22:43:13","modified_gmt":"2025-03-07T22:43:13","slug":"fyksesund-fjordsafari-fra-oystese","status":"publish","type":"product","link":"https:\/\/www.bookhardanger.com\/no\/produkter\/fyksesund-fjordsafari-fra-oystese\/","title":{"rendered":"Fyksesund fjordsafari fra \u00d8ystese\u00a0"},"content":{"rendered":"\n<p>Eventyret starter i \u00d8ystese og tar deg f\u00f8rst ut p\u00e5 hovedfjorden f\u00f8r ferden g\u00e5r videre inn i Fyksesundet. Her reiser 1000 meter h\u00f8ye, stupbratte fjell seg p\u00e5 begge sider, og guiden stopper flere ganger underveis for \u00e5 fortelle historier om omr\u00e5det.<\/p>\n\n\n\n<p>Utallige fosser stuper ned fra fjellsidene, og b\u00e5ten vil stoppe ved noen av dem slik at du kan oppleve den imponerende naturen p\u00e5 n\u00e6rt hold.<\/p>\n\n\n\n<p>Fyksesund er den eneste fjordarmen i Hardanger uten vei, noe som gir f\u00f8lelsen av \u00e5 reise tilbake i tid. Innerst i fjorden ligger den lille bygda Botnen, en geografisk isolert perle med historisk og kulturell betydning.<\/p>\n\n\n\n<p>Vi gj\u00f8r ogs\u00e5 et stopp her, hvor guiden vil fortelle mer om stedet. Hele turen byr p\u00e5 en spennende kombinasjon av fart og naturopplevelser \u2013 du vil kjenne vinden i h\u00e5ret og adrenalinet i kroppen, samtidig som du er i trygge hender!<\/p>\n\n\n\n<figure class=\"wp-block-gallery has-nested-images columns-2 is-cropped wp-block-gallery-1 is-layout-flex wp-block-gallery-is-layout-flex\">\n<figure data-wp-context=\"{&quot;imageId&quot;:&quot;6a096f928b8cb&quot;}\" data-wp-interactive=\"core\/image\" data-wp-key=\"6a096f928b8cb\" class=\"wp-block-image size-large wp-lightbox-container\"><img loading=\"lazy\" decoding=\"async\" width=\"682\" height=\"1024\" data-wp-class--hide=\"state.isContentHidden\" data-wp-class--show=\"state.isContentVisible\" data-wp-init=\"callbacks.setButtonStyles\" data-wp-on--click=\"actions.showLightbox\" data-wp-on--load=\"callbacks.setButtonStyles\" data-wp-on-window--resize=\"callbacks.setButtonStyles\" data-id=\"440\" src=\"https:\/\/www.bookhardanger.com\/wp-content\/uploads\/2025\/02\/Fyksesundet_Helle-Frogner_06-682x1024.jpg\" alt=\"\" class=\"wp-image-440\" srcset=\"https:\/\/www.bookhardanger.com\/wp-content\/uploads\/2025\/02\/Fyksesundet_Helle-Frogner_06-682x1024.jpg 682w, https:\/\/www.bookhardanger.com\/wp-content\/uploads\/2025\/02\/Fyksesundet_Helle-Frogner_06-200x300.jpg 200w, https:\/\/www.bookhardanger.com\/wp-content\/uploads\/2025\/02\/Fyksesundet_Helle-Frogner_06-768x1153.jpg 768w, https:\/\/www.bookhardanger.com\/wp-content\/uploads\/2025\/02\/Fyksesundet_Helle-Frogner_06-1023x1536.jpg 1023w, https:\/\/www.bookhardanger.com\/wp-content\/uploads\/2025\/02\/Fyksesundet_Helle-Frogner_06.jpg 1364w\" sizes=\"auto, (max-width: 682px) 100vw, 682px\" \/><button\n\t\t\tclass=\"lightbox-trigger\"\n\t\t\ttype=\"button\"\n\t\t\taria-haspopup=\"dialog\"\n\t\t\taria-label=\"Forst\u00f8rr\"\n\t\t\tdata-wp-init=\"callbacks.initTriggerButton\"\n\t\t\tdata-wp-on--click=\"actions.showLightbox\"\n\t\t\tdata-wp-style--right=\"state.imageButtonRight\"\n\t\t\tdata-wp-style--top=\"state.imageButtonTop\"\n\t\t>\n\t\t\t<svg xmlns=\"http:\/\/www.w3.org\/2000\/svg\" width=\"12\" height=\"12\" fill=\"none\" viewBox=\"0 0 12 12\">\n\t\t\t\t<path fill=\"#fff\" d=\"M2 0a2 2 0 0 0-2 2v2h1.5V2a.5.5 0 0 1 .5-.5h2V0H2Zm2 10.5H2a.5.5 0 0 1-.5-.5V8H0v2a2 2 0 0 0 2 2h2v-1.5ZM8 12v-1.5h2a.5.5 0 0 0 .5-.5V8H12v2a2 2 0 0 1-2 2H8Zm2-12a2 2 0 0 1 2 2v2h-1.5V2a.5.5 0 0 0-.5-.5H8V0h2Z\" \/>\n\t\t\t<\/svg>\n\t\t<\/button><\/figure>\n\n\n\n<figure data-wp-context=\"{&quot;imageId&quot;:&quot;6a096f928c028&quot;}\" data-wp-interactive=\"core\/image\" data-wp-key=\"6a096f928c028\" class=\"wp-block-image size-large wp-lightbox-container\"><img loading=\"lazy\" decoding=\"async\" width=\"683\" height=\"1024\" data-wp-class--hide=\"state.isContentHidden\" data-wp-class--show=\"state.isContentVisible\" data-wp-init=\"callbacks.setButtonStyles\" data-wp-on--click=\"actions.showLightbox\" data-wp-on--load=\"callbacks.setButtonStyles\" data-wp-on-window--resize=\"callbacks.setButtonStyles\" data-id=\"438\" src=\"https:\/\/www.bookhardanger.com\/wp-content\/uploads\/2025\/02\/Fyksesundet_Helle-Frogner_02-683x1024.jpg\" alt=\"\" class=\"wp-image-438\" srcset=\"https:\/\/www.bookhardanger.com\/wp-content\/uploads\/2025\/02\/Fyksesundet_Helle-Frogner_02-683x1024.jpg 683w, https:\/\/www.bookhardanger.com\/wp-content\/uploads\/2025\/02\/Fyksesundet_Helle-Frogner_02-200x300.jpg 200w, https:\/\/www.bookhardanger.com\/wp-content\/uploads\/2025\/02\/Fyksesundet_Helle-Frogner_02-768x1152.jpg 768w, https:\/\/www.bookhardanger.com\/wp-content\/uploads\/2025\/02\/Fyksesundet_Helle-Frogner_02-1024x1536.jpg 1024w, https:\/\/www.bookhardanger.com\/wp-content\/uploads\/2025\/02\/Fyksesundet_Helle-Frogner_02.jpg 1365w\" sizes=\"auto, (max-width: 683px) 100vw, 683px\" \/><button\n\t\t\tclass=\"lightbox-trigger\"\n\t\t\ttype=\"button\"\n\t\t\taria-haspopup=\"dialog\"\n\t\t\taria-label=\"Forst\u00f8rr\"\n\t\t\tdata-wp-init=\"callbacks.initTriggerButton\"\n\t\t\tdata-wp-on--click=\"actions.showLightbox\"\n\t\t\tdata-wp-style--right=\"state.imageButtonRight\"\n\t\t\tdata-wp-style--top=\"state.imageButtonTop\"\n\t\t>\n\t\t\t<svg xmlns=\"http:\/\/www.w3.org\/2000\/svg\" width=\"12\" height=\"12\" fill=\"none\" viewBox=\"0 0 12 12\">\n\t\t\t\t<path fill=\"#fff\" d=\"M2 0a2 2 0 0 0-2 2v2h1.5V2a.5.5 0 0 1 .5-.5h2V0H2Zm2 10.5H2a.5.5 0 0 1-.5-.5V8H0v2a2 2 0 0 0 2 2h2v-1.5ZM8 12v-1.5h2a.5.5 0 0 0 .5-.5V8H12v2a2 2 0 0 1-2 2H8Zm2-12a2 2 0 0 1 2 2v2h-1.5V2a.5.5 0 0 0-.5-.5H8V0h2Z\" \/>\n\t\t\t<\/svg>\n\t\t<\/button><\/figure>\n\n\n\n<figure data-wp-context=\"{&quot;imageId&quot;:&quot;6a096f928c70f&quot;}\" data-wp-interactive=\"core\/image\" data-wp-key=\"6a096f928c70f\" class=\"wp-block-image size-large wp-lightbox-container\"><img loading=\"lazy\" decoding=\"async\" width=\"1024\" height=\"683\" data-wp-class--hide=\"state.isContentHidden\" data-wp-class--show=\"state.isContentVisible\" data-wp-init=\"callbacks.setButtonStyles\" data-wp-on--click=\"actions.showLightbox\" data-wp-on--load=\"callbacks.setButtonStyles\" data-wp-on-window--resize=\"callbacks.setButtonStyles\" data-id=\"439\" src=\"https:\/\/www.bookhardanger.com\/wp-content\/uploads\/2025\/02\/Fyksesundet_Hardangerfjord-Adventure_81-1024x683.jpg\" alt=\"\" class=\"wp-image-439\" srcset=\"https:\/\/www.bookhardanger.com\/wp-content\/uploads\/2025\/02\/Fyksesundet_Hardangerfjord-Adventure_81-1024x683.jpg 1024w, https:\/\/www.bookhardanger.com\/wp-content\/uploads\/2025\/02\/Fyksesundet_Hardangerfjord-Adventure_81-300x200.jpg 300w, https:\/\/www.bookhardanger.com\/wp-content\/uploads\/2025\/02\/Fyksesundet_Hardangerfjord-Adventure_81-768x512.jpg 768w, https:\/\/www.bookhardanger.com\/wp-content\/uploads\/2025\/02\/Fyksesundet_Hardangerfjord-Adventure_81-1536x1024.jpg 1536w, https:\/\/www.bookhardanger.com\/wp-content\/uploads\/2025\/02\/Fyksesundet_Hardangerfjord-Adventure_81.jpg 2048w\" sizes=\"auto, (max-width: 1024px) 100vw, 1024px\" \/><button\n\t\t\tclass=\"lightbox-trigger\"\n\t\t\ttype=\"button\"\n\t\t\taria-haspopup=\"dialog\"\n\t\t\taria-label=\"Forst\u00f8rr\"\n\t\t\tdata-wp-init=\"callbacks.initTriggerButton\"\n\t\t\tdata-wp-on--click=\"actions.showLightbox\"\n\t\t\tdata-wp-style--right=\"state.imageButtonRight\"\n\t\t\tdata-wp-style--top=\"state.imageButtonTop\"\n\t\t>\n\t\t\t<svg xmlns=\"http:\/\/www.w3.org\/2000\/svg\" width=\"12\" height=\"12\" fill=\"none\" viewBox=\"0 0 12 12\">\n\t\t\t\t<path fill=\"#fff\" d=\"M2 0a2 2 0 0 0-2 2v2h1.5V2a.5.5 0 0 1 .5-.5h2V0H2Zm2 10.5H2a.5.5 0 0 1-.5-.5V8H0v2a2 2 0 0 0 2 2h2v-1.5ZM8 12v-1.5h2a.5.5 0 0 0 .5-.5V8H12v2a2 2 0 0 1-2 2H8Zm2-12a2 2 0 0 1 2 2v2h-1.5V2a.5.5 0 0 0-.5-.5H8V0h2Z\" \/>\n\t\t\t<\/svg>\n\t\t<\/button><\/figure>\n<figcaption class=\"blocks-gallery-caption wp-element-caption\">\u00a9 Helle Frogner \/ \u00a9 Hardangerfjord Adventure<\/figcaption><\/figure>\n\n\n\n<p><strong>Inkludert i prisen:\u00a0<\/strong><\/p>\n\n\n\n<ul class=\"wp-block-list\">\n<li>Redningsvest<\/li>\n\n\n\n<li>Flytedrakt<\/li>\n\n\n\n<li>Beskyttelsesbriller<\/li>\n\n\n\n<li>Hansker<\/li>\n<\/ul>\n\n\n\n<p><strong>Hva b\u00f8r du ta med:\u00a0<\/strong><\/p>\n\n\n\n<ul class=\"wp-block-list\">\n<li><a href=\"https:\/\/irp.cdn-website.com\/5891e755\/files\/uploaded\/Bekledning%20RIB_norsk.pdf\" target=\"_blank\" rel=\"noreferrer noopener\">Klikk her for \u00e5 se hvordan du b\u00f8r kle deg etter v\u00e6ret<\/a><\/li>\n<\/ul>\n","protected":false},"excerpt":{"rendered":"<p>Opplev en spennende RIB-tur i den smaleste delen av Hardangerfjorden \u2013 Fyksesundet!<\/p>\n","protected":false},"featured_media":880,"parent":0,"template":"","tags":[],"activity-categories":[43,44],"location":[39],"class_list":["post-1077","product","type-product","status-publish","has-post-thumbnail","hentry","activity-categories-baatturer","activity-categories-familieferie","location-oystese-norheimsund"],"acf":[],"_links":{"self":[{"href":"https:\/\/www.bookhardanger.com\/no\/wp-json\/wp\/v2\/product\/1077","targetHints":{"allow":["GET"]}}],"collection":[{"href":"https:\/\/www.bookhardanger.com\/no\/wp-json\/wp\/v2\/product"}],"about":[{"href":"https:\/\/www.bookhardanger.com\/no\/wp-json\/wp\/v2\/types\/product"}],"wp:featuredmedia":[{"embeddable":true,"href":"https:\/\/www.bookhardanger.com\/no\/wp-json\/wp\/v2\/media\/880"}],"wp:attachment":[{"href":"https:\/\/www.bookhardanger.com\/no\/wp-json\/wp\/v2\/media?parent=1077"}],"wp:term":[{"taxonomy":"post_tag","embeddable":true,"href":"https:\/\/www.bookhardanger.com\/no\/wp-json\/wp\/v2\/tags?post=1077"},{"taxonomy":"activity-categories","embeddable":true,"href":"https:\/\/www.bookhardanger.com\/no\/wp-json\/wp\/v2\/activity-categories?post=1077"},{"taxonomy":"location","embeddable":true,"href":"https:\/\/www.bookhardanger.com\/no\/wp-json\/wp\/v2\/location?post=1077"}],"curies":[{"name":"wp","href":"https:\/\/api.w.org\/{rel}","templated":true}]}}