{"id":1080,"date":"2025-02-17T13:30:39","date_gmt":"2025-02-17T13:30:39","guid":{"rendered":"https:\/\/www.bookhardanger.com\/products\/brepadling\/"},"modified":"2025-03-07T20:54:44","modified_gmt":"2025-03-07T20:54:44","slug":"brepadling","status":"publish","type":"product","link":"https:\/\/www.bookhardanger.com\/no\/produkter\/brepadling\/","title":{"rendered":"Brepadling"},"content":{"rendered":"\n<p>Bli med p\u00e5 en spennende padletur med Folgefonni Bref\u00f8rarlag! Turen starter med en sikkerhetsgjennomgang og tilpasning av utstyret. N\u00e5r alle er klare, legger vi ut p\u00e5 et ekte brekajakkeventyr med padlene i hendene.<\/p>\n\n\n\n<p>Turen g\u00e5r langs den naturskj\u00f8nne bredden, hvor du kan nyte den spektakul\u00e6re utsikten over isbrelandskapet. Etter omtrent 3 kilometer g\u00e5r vi i land p\u00e5 en uber\u00f8rt strand. Her kan du nyte lunsjen din med fantastisk utsikt mot breen.<\/p>\n\n\n\n<p>Dette er en relativt ny brearm av Folgefonna. Under lunsjpausen vil guiden dele spennende fakta og svare p\u00e5 sp\u00f8rsm\u00e5l du m\u00e5tte ha. Etter pausen padler vi tilbake til startpunktet.<\/p>\n\n\n\n<p>Du kan enten ta med din egen lunsj eller forh\u00e5ndsbestille den ved booking.<\/p>\n","protected":false},"excerpt":{"rendered":"<p>Bli med p\u00e5 en helt unik padletur i turkist brevann!<\/p>\n","protected":false},"featured_media":847,"parent":0,"template":"","tags":[],"activity-categories":[42],"location":[37],"class_list":["post-1080","product","type-product","status-publish","has-post-thumbnail","hentry","activity-categories-opplevelsesferie","location-rosendal"],"acf":[],"_links":{"self":[{"href":"https:\/\/www.bookhardanger.com\/no\/wp-json\/wp\/v2\/product\/1080","targetHints":{"allow":["GET"]}}],"collection":[{"href":"https:\/\/www.bookhardanger.com\/no\/wp-json\/wp\/v2\/product"}],"about":[{"href":"https:\/\/www.bookhardanger.com\/no\/wp-json\/wp\/v2\/types\/product"}],"wp:featuredmedia":[{"embeddable":true,"href":"https:\/\/www.bookhardanger.com\/no\/wp-json\/wp\/v2\/media\/847"}],"wp:attachment":[{"href":"https:\/\/www.bookhardanger.com\/no\/wp-json\/wp\/v2\/media?parent=1080"}],"wp:term":[{"taxonomy":"post_tag","embeddable":true,"href":"https:\/\/www.bookhardanger.com\/no\/wp-json\/wp\/v2\/tags?post=1080"},{"taxonomy":"activity-categories","embeddable":true,"href":"https:\/\/www.bookhardanger.com\/no\/wp-json\/wp\/v2\/activity-categories?post=1080"},{"taxonomy":"location","embeddable":true,"href":"https:\/\/www.bookhardanger.com\/no\/wp-json\/wp\/v2\/location?post=1080"}],"curies":[{"name":"wp","href":"https:\/\/api.w.org\/{rel}","templated":true}]}}