{"id":1081,"date":"2025-02-13T12:26:52","date_gmt":"2025-02-13T12:26:52","guid":{"rendered":"https:\/\/www.bookhardanger.com\/products\/guidet-fjelltur-fra-norheimsund\/"},"modified":"2025-03-07T22:42:42","modified_gmt":"2025-03-07T22:42:42","slug":"guidet-fjelltur-fra-norheimsund","status":"publish","type":"product","link":"https:\/\/www.bookhardanger.com\/no\/produkter\/guidet-fjelltur-fra-norheimsund\/","title":{"rendered":"Guidet fjelltur fra Norheimsund"},"content":{"rendered":"\n<p>Kunne du tenke deg en unik fjelltur med fjordutsikt, men vet ikke helt hvor du skal g\u00e5? Da er dette turen for deg.&nbsp;&nbsp;<\/p>\n\n\n\n<p>Bli med en erfaren guide p\u00e5 tur til en av de skjulte perlene i Hardanger og nyt et storsl\u00e5tt utsyn over Hardangerfjorden fra h\u00f8ydene p\u00e5 Hellefjellet. Det er en moderat rundtur p\u00e5 4-5 kilometere og en stigning p\u00e5 250-300 meter. P\u00e5 veien opp og ned nyter du utsikten til det vakre fjordlandskapet rundt Norheimsund.&nbsp;&nbsp;<\/p>\n\n\n\n<p>Turen g\u00e5r p\u00e5 sti hele veien gjennom b\u00e5de skog og \u00e5pent fjellandskap. Det er jevn stigning oppover og du g\u00e5r blant annet forbi sjarmerende, gamle st\u00f8ler. Underveis forteller guiden lokale historier og svarer p\u00e5 sp\u00f8rsm\u00e5l om det dere ser.&nbsp;&nbsp;<\/p>\n\n\n\n<p><strong>Inkludert i prisen:\u00a0<\/strong><\/p>\n\n\n\n<ul class=\"wp-block-list\">\n<li>Guide<\/li>\n\n\n\n<li>Lett snacks&nbsp;<\/li>\n\n\n\n<li>Kaffe eller varm sjokolade<\/li>\n<\/ul>\n\n\n\n<p><strong>Hva b\u00f8r du ta med:\u00a0<\/strong><\/p>\n\n\n\n<ul class=\"wp-block-list\">\n<li>Turbukse<\/li>\n\n\n\n<li>Jakke<\/li>\n\n\n\n<li>Shorts og t-skjorte p\u00e5 varme dager <\/li>\n\n\n\n<li>Ullgenser eller fleece&nbsp;<\/li>\n\n\n\n<li>Regnt\u00f8y p\u00e5 v\u00e5te dager<\/li>\n\n\n\n<li>Lue eller panneb\u00e5nd<\/li>\n\n\n\n<li>Buff&nbsp;<\/li>\n\n\n\n<li>Tursko<\/li>\n\n\n\n<li>Varme sokker, helst ull<\/li>\n\n\n\n<li>0.5\u20131 liter vann<\/li>\n\n\n\n<li>En liten nistepakke&nbsp;<\/li>\n\n\n\n<li>Solkrem og solbriller ved sol<\/li>\n\n\n\n<li>10\u201320 liter ryggsekk<\/li>\n<\/ul>\n","protected":false},"excerpt":{"rendered":"<p>Bli med p\u00e5 tur til en av Hardangers skjulte perler <\/p>\n","protected":false},"featured_media":826,"parent":0,"template":"","tags":[],"activity-categories":[45],"location":[39],"class_list":["post-1081","product","type-product","status-publish","has-post-thumbnail","hentry","activity-categories-private-turer","location-oystese-norheimsund"],"acf":[],"_links":{"self":[{"href":"https:\/\/www.bookhardanger.com\/no\/wp-json\/wp\/v2\/product\/1081","targetHints":{"allow":["GET"]}}],"collection":[{"href":"https:\/\/www.bookhardanger.com\/no\/wp-json\/wp\/v2\/product"}],"about":[{"href":"https:\/\/www.bookhardanger.com\/no\/wp-json\/wp\/v2\/types\/product"}],"wp:featuredmedia":[{"embeddable":true,"href":"https:\/\/www.bookhardanger.com\/no\/wp-json\/wp\/v2\/media\/826"}],"wp:attachment":[{"href":"https:\/\/www.bookhardanger.com\/no\/wp-json\/wp\/v2\/media?parent=1081"}],"wp:term":[{"taxonomy":"post_tag","embeddable":true,"href":"https:\/\/www.bookhardanger.com\/no\/wp-json\/wp\/v2\/tags?post=1081"},{"taxonomy":"activity-categories","embeddable":true,"href":"https:\/\/www.bookhardanger.com\/no\/wp-json\/wp\/v2\/activity-categories?post=1081"},{"taxonomy":"location","embeddable":true,"href":"https:\/\/www.bookhardanger.com\/no\/wp-json\/wp\/v2\/location?post=1081"}],"curies":[{"name":"wp","href":"https:\/\/api.w.org\/{rel}","templated":true}]}}