{"id":1084,"date":"2025-02-28T22:20:04","date_gmt":"2025-02-28T22:20:04","guid":{"rendered":"https:\/\/www.bookhardanger.com\/products\/guidet-kajakktur-fra-ulvik\/"},"modified":"2025-03-07T22:45:01","modified_gmt":"2025-03-07T22:45:01","slug":"guidet-kajakktur-fra-ulvik","status":"publish","type":"product","link":"https:\/\/www.bookhardanger.com\/no\/produkter\/guidet-kajakktur-fra-ulvik\/","title":{"rendered":"Guidet kajakktur fra Ulvik"},"content":{"rendered":"\n<p>I l\u00f8pet av fire timer padler du gjennom rolige fjordvann, omgitt av majestetiske fjell, frukthager og sm\u00e5 g\u00e5rder langs bredden.<\/p>\n\n\n\n<p>F\u00f8r turen starter, gir den erfarne guiden din en grunnleggende introduksjon, noe som gj\u00f8r turen egnet b\u00e5de for nybegynnere og erfarne padlere. Fra Ulvik f\u00f8lger dere fjorden mot Birjetangen og inn i Osafjorden, en roligere sidearm av Hardangerfjorden. Underveis deler guiden innsikt om omr\u00e5dets natur, kultur og historie.<\/p>\n\n\n\n<p>Mens du glir gjennom fjorden, f\u00e5r du en unik n\u00e6rhet til landskapet og god tid til \u00e5 nyte de fredelige omgivelsene. Etter en pause p\u00e5 land g\u00e5r turen tilbake til Ulvik i rolig tempo.<\/p>\n\n\n\n<p>Denne turen gir deg en fantastisk mulighet til \u00e5 utforske Hardanger fra et nytt perspektiv, med en dyktig guide som sikrer en trygg og minneverdig opplevelse.<\/p>\n\n\n\n<figure class=\"wp-block-gallery has-nested-images columns-2 is-cropped wp-block-gallery-1 is-layout-flex wp-block-gallery-is-layout-flex\">\n<figure data-wp-context=\"{&quot;imageId&quot;:&quot;69ebffc7ca5eb&quot;}\" data-wp-interactive=\"core\/image\" data-wp-key=\"69ebffc7ca5eb\" class=\"wp-block-image size-large wp-lightbox-container\"><img loading=\"lazy\" decoding=\"async\" width=\"1024\" height=\"683\" data-wp-class--hide=\"state.isContentHidden\" data-wp-class--show=\"state.isContentVisible\" data-wp-init=\"callbacks.setButtonStyles\" data-wp-on--click=\"actions.showLightbox\" data-wp-on--load=\"callbacks.setButtonStyles\" data-wp-on-window--resize=\"callbacks.setButtonStyles\" data-id=\"692\" src=\"https:\/\/www.bookhardanger.com\/wp-content\/uploads\/2025\/02\/Ulvik_Kayaking_Angr_Photo_Jon_Hunnalvatn-Ton-08484-1024x683.jpg\" alt=\"\" class=\"wp-image-692\" srcset=\"https:\/\/www.bookhardanger.com\/wp-content\/uploads\/2025\/02\/Ulvik_Kayaking_Angr_Photo_Jon_Hunnalvatn-Ton-08484-1024x683.jpg 1024w, https:\/\/www.bookhardanger.com\/wp-content\/uploads\/2025\/02\/Ulvik_Kayaking_Angr_Photo_Jon_Hunnalvatn-Ton-08484-300x200.jpg 300w, https:\/\/www.bookhardanger.com\/wp-content\/uploads\/2025\/02\/Ulvik_Kayaking_Angr_Photo_Jon_Hunnalvatn-Ton-08484-768x512.jpg 768w, https:\/\/www.bookhardanger.com\/wp-content\/uploads\/2025\/02\/Ulvik_Kayaking_Angr_Photo_Jon_Hunnalvatn-Ton-08484-1536x1024.jpg 1536w, https:\/\/www.bookhardanger.com\/wp-content\/uploads\/2025\/02\/Ulvik_Kayaking_Angr_Photo_Jon_Hunnalvatn-Ton-08484.jpg 1900w\" sizes=\"auto, (max-width: 1024px) 100vw, 1024px\" \/><button\n\t\t\tclass=\"lightbox-trigger\"\n\t\t\ttype=\"button\"\n\t\t\taria-haspopup=\"dialog\"\n\t\t\taria-label=\"Forst\u00f8rr\"\n\t\t\tdata-wp-init=\"callbacks.initTriggerButton\"\n\t\t\tdata-wp-on--click=\"actions.showLightbox\"\n\t\t\tdata-wp-style--right=\"state.imageButtonRight\"\n\t\t\tdata-wp-style--top=\"state.imageButtonTop\"\n\t\t>\n\t\t\t<svg xmlns=\"http:\/\/www.w3.org\/2000\/svg\" width=\"12\" height=\"12\" fill=\"none\" viewBox=\"0 0 12 12\">\n\t\t\t\t<path fill=\"#fff\" d=\"M2 0a2 2 0 0 0-2 2v2h1.5V2a.5.5 0 0 1 .5-.5h2V0H2Zm2 10.5H2a.5.5 0 0 1-.5-.5V8H0v2a2 2 0 0 0 2 2h2v-1.5ZM8 12v-1.5h2a.5.5 0 0 0 .5-.5V8H12v2a2 2 0 0 1-2 2H8Zm2-12a2 2 0 0 1 2 2v2h-1.5V2a.5.5 0 0 0-.5-.5H8V0h2Z\" \/>\n\t\t\t<\/svg>\n\t\t<\/button><\/figure>\n\n\n\n<figure data-wp-context=\"{&quot;imageId&quot;:&quot;69ebffc7caccb&quot;}\" data-wp-interactive=\"core\/image\" data-wp-key=\"69ebffc7caccb\" class=\"wp-block-image size-large wp-lightbox-container\"><img loading=\"lazy\" decoding=\"async\" width=\"1024\" height=\"683\" data-wp-class--hide=\"state.isContentHidden\" data-wp-class--show=\"state.isContentVisible\" data-wp-init=\"callbacks.setButtonStyles\" data-wp-on--click=\"actions.showLightbox\" data-wp-on--load=\"callbacks.setButtonStyles\" data-wp-on-window--resize=\"callbacks.setButtonStyles\" data-id=\"696\" src=\"https:\/\/www.bookhardanger.com\/wp-content\/uploads\/2025\/02\/Ulvik_Kayaking_Angr_Jon_Hunnalvatn-Ton-0760-1024x683.jpg\" alt=\"\" class=\"wp-image-696\" srcset=\"https:\/\/www.bookhardanger.com\/wp-content\/uploads\/2025\/02\/Ulvik_Kayaking_Angr_Jon_Hunnalvatn-Ton-0760-1024x683.jpg 1024w, https:\/\/www.bookhardanger.com\/wp-content\/uploads\/2025\/02\/Ulvik_Kayaking_Angr_Jon_Hunnalvatn-Ton-0760-300x200.jpg 300w, https:\/\/www.bookhardanger.com\/wp-content\/uploads\/2025\/02\/Ulvik_Kayaking_Angr_Jon_Hunnalvatn-Ton-0760-768x512.jpg 768w, https:\/\/www.bookhardanger.com\/wp-content\/uploads\/2025\/02\/Ulvik_Kayaking_Angr_Jon_Hunnalvatn-Ton-0760-1536x1024.jpg 1536w, https:\/\/www.bookhardanger.com\/wp-content\/uploads\/2025\/02\/Ulvik_Kayaking_Angr_Jon_Hunnalvatn-Ton-0760.jpg 1900w\" sizes=\"auto, (max-width: 1024px) 100vw, 1024px\" \/><button\n\t\t\tclass=\"lightbox-trigger\"\n\t\t\ttype=\"button\"\n\t\t\taria-haspopup=\"dialog\"\n\t\t\taria-label=\"Forst\u00f8rr\"\n\t\t\tdata-wp-init=\"callbacks.initTriggerButton\"\n\t\t\tdata-wp-on--click=\"actions.showLightbox\"\n\t\t\tdata-wp-style--right=\"state.imageButtonRight\"\n\t\t\tdata-wp-style--top=\"state.imageButtonTop\"\n\t\t>\n\t\t\t<svg xmlns=\"http:\/\/www.w3.org\/2000\/svg\" width=\"12\" height=\"12\" fill=\"none\" viewBox=\"0 0 12 12\">\n\t\t\t\t<path fill=\"#fff\" d=\"M2 0a2 2 0 0 0-2 2v2h1.5V2a.5.5 0 0 1 .5-.5h2V0H2Zm2 10.5H2a.5.5 0 0 1-.5-.5V8H0v2a2 2 0 0 0 2 2h2v-1.5ZM8 12v-1.5h2a.5.5 0 0 0 .5-.5V8H12v2a2 2 0 0 1-2 2H8Zm2-12a2 2 0 0 1 2 2v2h-1.5V2a.5.5 0 0 0-.5-.5H8V0h2Z\" \/>\n\t\t\t<\/svg>\n\t\t<\/button><\/figure>\n\n\n\n<figure data-wp-context=\"{&quot;imageId&quot;:&quot;69ebffc7cb29b&quot;}\" data-wp-interactive=\"core\/image\" data-wp-key=\"69ebffc7cb29b\" class=\"wp-block-image size-large wp-lightbox-container\"><img loading=\"lazy\" decoding=\"async\" width=\"683\" height=\"1024\" data-wp-class--hide=\"state.isContentHidden\" data-wp-class--show=\"state.isContentVisible\" data-wp-init=\"callbacks.setButtonStyles\" data-wp-on--click=\"actions.showLightbox\" data-wp-on--load=\"callbacks.setButtonStyles\" data-wp-on-window--resize=\"callbacks.setButtonStyles\" data-id=\"694\" src=\"https:\/\/www.bookhardanger.com\/wp-content\/uploads\/2025\/02\/Ulvik_Kayaking_Angr_Photo_Jon_Hunnalvatn-Ton-08523-683x1024.jpg\" alt=\"\" class=\"wp-image-694\" srcset=\"https:\/\/www.bookhardanger.com\/wp-content\/uploads\/2025\/02\/Ulvik_Kayaking_Angr_Photo_Jon_Hunnalvatn-Ton-08523-683x1024.jpg 683w, https:\/\/www.bookhardanger.com\/wp-content\/uploads\/2025\/02\/Ulvik_Kayaking_Angr_Photo_Jon_Hunnalvatn-Ton-08523-200x300.jpg 200w, https:\/\/www.bookhardanger.com\/wp-content\/uploads\/2025\/02\/Ulvik_Kayaking_Angr_Photo_Jon_Hunnalvatn-Ton-08523-768x1152.jpg 768w, https:\/\/www.bookhardanger.com\/wp-content\/uploads\/2025\/02\/Ulvik_Kayaking_Angr_Photo_Jon_Hunnalvatn-Ton-08523-1024x1536.jpg 1024w, https:\/\/www.bookhardanger.com\/wp-content\/uploads\/2025\/02\/Ulvik_Kayaking_Angr_Photo_Jon_Hunnalvatn-Ton-08523.jpg 1267w\" sizes=\"auto, (max-width: 683px) 100vw, 683px\" \/><button\n\t\t\tclass=\"lightbox-trigger\"\n\t\t\ttype=\"button\"\n\t\t\taria-haspopup=\"dialog\"\n\t\t\taria-label=\"Forst\u00f8rr\"\n\t\t\tdata-wp-init=\"callbacks.initTriggerButton\"\n\t\t\tdata-wp-on--click=\"actions.showLightbox\"\n\t\t\tdata-wp-style--right=\"state.imageButtonRight\"\n\t\t\tdata-wp-style--top=\"state.imageButtonTop\"\n\t\t>\n\t\t\t<svg xmlns=\"http:\/\/www.w3.org\/2000\/svg\" width=\"12\" height=\"12\" fill=\"none\" viewBox=\"0 0 12 12\">\n\t\t\t\t<path fill=\"#fff\" d=\"M2 0a2 2 0 0 0-2 2v2h1.5V2a.5.5 0 0 1 .5-.5h2V0H2Zm2 10.5H2a.5.5 0 0 1-.5-.5V8H0v2a2 2 0 0 0 2 2h2v-1.5ZM8 12v-1.5h2a.5.5 0 0 0 .5-.5V8H12v2a2 2 0 0 1-2 2H8Zm2-12a2 2 0 0 1 2 2v2h-1.5V2a.5.5 0 0 0-.5-.5H8V0h2Z\" \/>\n\t\t\t<\/svg>\n\t\t<\/button><figcaption class=\"wp-element-caption\">\u00a9 Jon Hunn\u00e5lvatn T\u00f8n \/ Angr<\/figcaption><\/figure>\n<\/figure>\n\n\n\n<p><strong>Inkludert i prisen:<\/strong><\/p>\n\n\n\n<ul class=\"wp-block-list\">\n<li>Guiding<\/li>\n\n\n\n<li>Kajakkutstyr<\/li>\n<\/ul>\n\n\n\n<p><strong>Ta med deg:<\/strong><\/p>\n\n\n\n<ul class=\"wp-block-list\">\n<li>Gode tursko<\/li>\n\n\n\n<li>Vann og litt snacks<\/li>\n\n\n\n<li>Kl\u00e6r etter v\u00e6ret<\/li>\n<\/ul>\n\n\n\n<p><\/p>\n","protected":false},"excerpt":{"rendered":"<p>Opplev Hardanger fra vannet \u2013 guidet kajakktur fra Brakanes Hotel i Ulvik<\/p>\n","protected":false},"featured_media":949,"parent":0,"template":"","tags":[],"activity-categories":[42],"location":[38],"class_list":["post-1084","product","type-product","status-publish","has-post-thumbnail","hentry","activity-categories-opplevelsesferie","location-ulvik"],"acf":[],"_links":{"self":[{"href":"https:\/\/www.bookhardanger.com\/no\/wp-json\/wp\/v2\/product\/1084","targetHints":{"allow":["GET"]}}],"collection":[{"href":"https:\/\/www.bookhardanger.com\/no\/wp-json\/wp\/v2\/product"}],"about":[{"href":"https:\/\/www.bookhardanger.com\/no\/wp-json\/wp\/v2\/types\/product"}],"wp:featuredmedia":[{"embeddable":true,"href":"https:\/\/www.bookhardanger.com\/no\/wp-json\/wp\/v2\/media\/949"}],"wp:attachment":[{"href":"https:\/\/www.bookhardanger.com\/no\/wp-json\/wp\/v2\/media?parent=1084"}],"wp:term":[{"taxonomy":"post_tag","embeddable":true,"href":"https:\/\/www.bookhardanger.com\/no\/wp-json\/wp\/v2\/tags?post=1084"},{"taxonomy":"activity-categories","embeddable":true,"href":"https:\/\/www.bookhardanger.com\/no\/wp-json\/wp\/v2\/activity-categories?post=1084"},{"taxonomy":"location","embeddable":true,"href":"https:\/\/www.bookhardanger.com\/no\/wp-json\/wp\/v2\/location?post=1084"}],"curies":[{"name":"wp","href":"https:\/\/api.w.org\/{rel}","templated":true}]}}