{"id":1087,"date":"2025-02-13T13:48:33","date_gmt":"2025-02-13T13:48:33","guid":{"rendered":"https:\/\/www.bookhardanger.com\/products\/guidet-fjelltur-fra-oystese\/"},"modified":"2025-03-07T22:44:21","modified_gmt":"2025-03-07T22:44:21","slug":"guidet-fjelltur-fra-oystese","status":"publish","type":"product","link":"https:\/\/www.bookhardanger.com\/no\/produkter\/guidet-fjelltur-fra-oystese\/","title":{"rendered":"Guidet fjelltur fra \u00d8ystese"},"content":{"rendered":"\n<p>P\u00e5 denne naturskj\u00f8nne fjellturen fra \u00d8ystese f\u00e5r du oppleve et bortgjemt utkikkspunkt med flott utsikt mot b\u00e5de Fyksesundet og den majestetiske Hardangerfjorden.&nbsp;&nbsp;<\/p>\n\n\n\n<p>Turen er ca. 5 km lang med en stigning p\u00e5 400-450 meter. Du kommer raskt opp i h\u00f8yden og g\u00e5r med utsikt til b\u00e5de fjorden og Folgefonna.&nbsp;&nbsp;<\/p>\n\n\n\n<p>Den kunnskapsrike guiden deler historier om n\u00e6romr\u00e5det og svarer p\u00e5 sp\u00f8rsm\u00e5l om det dere ser underveis.&nbsp;&nbsp;<\/p>\n\n\n\n<p>Dette er en perfekt tur for deg som \u00f8nsker en tur utenfor allfarvei og vil oppdage en del av Hardanger der ikke alle andre drar.&nbsp;&nbsp;<\/p>\n\n\n\n<p><strong>Inkludert i prisen:<\/strong><\/p>\n\n\n\n<ul class=\"wp-block-list\">\n<li>Guide<\/li>\n\n\n\n<li>Lett snacks&nbsp;<\/li>\n\n\n\n<li>Kaffe eller varm sjokolade<\/li>\n<\/ul>\n\n\n\n<p><strong>Hva b\u00f8r du ta med: \u00a0<\/strong><\/p>\n\n\n\n<ul class=\"wp-block-list\">\n<li>Turbukse<\/li>\n\n\n\n<li>Jakke&nbsp;<\/li>\n\n\n\n<li>Shorts og t-skjorte p\u00e5 varme dager<\/li>\n\n\n\n<li>Ullgenser eller fleece&nbsp;<\/li>\n\n\n\n<li>Regnt\u00f8y p\u00e5 v\u00e5te dager<\/li>\n\n\n\n<li>Lue eller panneb\u00e5nd<\/li>\n\n\n\n<li>Buff&nbsp;<\/li>\n\n\n\n<li>Tursko<\/li>\n\n\n\n<li>Varme sokker, helst ull<\/li>\n\n\n\n<li>0.5\u20131 liter vann<\/li>\n\n\n\n<li>Litt niste<\/li>\n\n\n\n<li>Solkrem og solbriller ved sol<\/li>\n\n\n\n<li>10\u201320 liter ryggsekk<\/li>\n<\/ul>\n","protected":false},"excerpt":{"rendered":"<p>Se unike Fyksesundet fra en ny vinkel p\u00e5 en guidet fjelltur fra \u00d8ystese <\/p>\n","protected":false},"featured_media":773,"parent":0,"template":"","tags":[],"activity-categories":[45],"location":[39],"class_list":["post-1087","product","type-product","status-publish","has-post-thumbnail","hentry","activity-categories-private-turer","location-oystese-norheimsund"],"acf":[],"_links":{"self":[{"href":"https:\/\/www.bookhardanger.com\/no\/wp-json\/wp\/v2\/product\/1087","targetHints":{"allow":["GET"]}}],"collection":[{"href":"https:\/\/www.bookhardanger.com\/no\/wp-json\/wp\/v2\/product"}],"about":[{"href":"https:\/\/www.bookhardanger.com\/no\/wp-json\/wp\/v2\/types\/product"}],"wp:featuredmedia":[{"embeddable":true,"href":"https:\/\/www.bookhardanger.com\/no\/wp-json\/wp\/v2\/media\/773"}],"wp:attachment":[{"href":"https:\/\/www.bookhardanger.com\/no\/wp-json\/wp\/v2\/media?parent=1087"}],"wp:term":[{"taxonomy":"post_tag","embeddable":true,"href":"https:\/\/www.bookhardanger.com\/no\/wp-json\/wp\/v2\/tags?post=1087"},{"taxonomy":"activity-categories","embeddable":true,"href":"https:\/\/www.bookhardanger.com\/no\/wp-json\/wp\/v2\/activity-categories?post=1087"},{"taxonomy":"location","embeddable":true,"href":"https:\/\/www.bookhardanger.com\/no\/wp-json\/wp\/v2\/location?post=1087"}],"curies":[{"name":"wp","href":"https:\/\/api.w.org\/{rel}","templated":true}]}}