{"id":1091,"date":"2025-02-27T14:55:18","date_gmt":"2025-02-27T14:55:18","guid":{"rendered":"https:\/\/www.bookhardanger.com\/products\/tur-til-hardangerbrua-utsiktspunkt\/"},"modified":"2025-03-07T22:31:46","modified_gmt":"2025-03-07T22:31:46","slug":"tur-til-hardangerbrua-utsiktspunkt","status":"publish","type":"product","link":"https:\/\/www.bookhardanger.com\/no\/produkter\/tur-til-hardangerbrua-utsiktspunkt\/","title":{"rendered":"Tur til Hardangerbrua Utsiktspunkt"},"content":{"rendered":"\n<p>Ta turen til Bu utsiktspunkt, hvor du f\u00e5r en fantastisk utsikt over den ikoniske Hardangerbrua \u2013 Norges lengste hengebru og en av de lengste i verden. For en mer milj\u00f8vennlig opplevelse reiser du som en lokal med Skyss-buss (rute 991), som er en offentlig transportbuss.<\/p>\n\n\n\n<p>Bu utsiktspunkt har b\u00e5de piknikomr\u00e5de og toaletter. Herfra kan du g\u00e5 ned til selve brua og til og med krysse den til fots via gang- og sykkelveien. Etter en fin opplevelse p\u00e5 Bu tar bussen deg tilbake til Eidfjord.<\/p>\n\n\n\n<h2 class=\"wp-block-heading\"><strong>Om Hardangerbrua<\/strong><\/h2>\n\n\n\n<p>Hardangerbrua \u00e5pnet i 2013 etter fire \u00e5rs bygging. Brua forbinder kommunene Ulvik og Eidfjord og erstattet den tidligere fergeforbindelsen mellom Brimnes og Bruravik.<\/p>\n\n\n\n<p>Brua er 1380 meter lang og har to kj\u00f8refelt for biler samt en egen gang- og sykkelvei. I begge ender av brua finner du tunneler med rundkj\u00f8ringer: Bu-tunnelen (1,2 km lang) og Vallavik-tunnelen (7,5 km lang).<\/p>\n\n\n\n<p>T\u00e5rnene strekker seg over 200 meter i v\u00e6ret, og seilingsh\u00f8yden under brua er 55 meter. Hovedspennet p\u00e5 1310 meter er faktisk 30 meter lengre enn hovedspennet p\u00e5 den ber\u00f8mte Golden Gate Bridge i San Francisco.<\/p>\n\n\n\n<h3 class=\"wp-block-heading\"><strong>Inkludert i prisen:<\/strong><\/h3>\n\n\n\n<ul class=\"wp-block-list\">\n<li>Tur-retur bussbilletter<\/li>\n<\/ul>\n\n\n\n<figure class=\"wp-block-gallery has-nested-images columns-2 is-cropped wp-block-gallery-1 is-layout-flex wp-block-gallery-is-layout-flex\">\n<figure class=\"wp-block-image size-large\"><img loading=\"lazy\" decoding=\"async\" width=\"680\" height=\"1024\" data-id=\"612\" src=\"https:\/\/www.bookhardanger.com\/wp-content\/uploads\/2025\/02\/Hardangerbrua-bridge_Anne-Hirth_01-680x1024.jpg\" alt=\"\" class=\"wp-image-612\" srcset=\"https:\/\/www.bookhardanger.com\/wp-content\/uploads\/2025\/02\/Hardangerbrua-bridge_Anne-Hirth_01-680x1024.jpg 680w, https:\/\/www.bookhardanger.com\/wp-content\/uploads\/2025\/02\/Hardangerbrua-bridge_Anne-Hirth_01-199x300.jpg 199w, https:\/\/www.bookhardanger.com\/wp-content\/uploads\/2025\/02\/Hardangerbrua-bridge_Anne-Hirth_01-768x1157.jpg 768w, https:\/\/www.bookhardanger.com\/wp-content\/uploads\/2025\/02\/Hardangerbrua-bridge_Anne-Hirth_01-1020x1536.jpg 1020w, https:\/\/www.bookhardanger.com\/wp-content\/uploads\/2025\/02\/Hardangerbrua-bridge_Anne-Hirth_01.jpg 1360w\" sizes=\"auto, (max-width: 680px) 100vw, 680px\" \/><\/figure>\n\n\n\n<figure class=\"wp-block-image size-large\"><img loading=\"lazy\" decoding=\"async\" width=\"683\" height=\"1024\" data-id=\"613\" src=\"https:\/\/www.bookhardanger.com\/wp-content\/uploads\/2025\/02\/Hardangerbrua-bridge_Anne-Hirth_03-683x1024.jpg\" alt=\"\" class=\"wp-image-613\" srcset=\"https:\/\/www.bookhardanger.com\/wp-content\/uploads\/2025\/02\/Hardangerbrua-bridge_Anne-Hirth_03-683x1024.jpg 683w, https:\/\/www.bookhardanger.com\/wp-content\/uploads\/2025\/02\/Hardangerbrua-bridge_Anne-Hirth_03-200x300.jpg 200w, https:\/\/www.bookhardanger.com\/wp-content\/uploads\/2025\/02\/Hardangerbrua-bridge_Anne-Hirth_03-768x1152.jpg 768w, https:\/\/www.bookhardanger.com\/wp-content\/uploads\/2025\/02\/Hardangerbrua-bridge_Anne-Hirth_03-1024x1536.jpg 1024w, https:\/\/www.bookhardanger.com\/wp-content\/uploads\/2025\/02\/Hardangerbrua-bridge_Anne-Hirth_03.jpg 1365w\" sizes=\"auto, (max-width: 683px) 100vw, 683px\" \/><\/figure>\n\n\n\n<figure class=\"wp-block-image size-large\"><img loading=\"lazy\" decoding=\"async\" width=\"1024\" height=\"683\" data-id=\"611\" src=\"https:\/\/www.bookhardanger.com\/wp-content\/uploads\/2025\/02\/Hardangerbrua-bridge_Anne-Hirth_02-1024x683.jpg\" alt=\"\" class=\"wp-image-611\" srcset=\"https:\/\/www.bookhardanger.com\/wp-content\/uploads\/2025\/02\/Hardangerbrua-bridge_Anne-Hirth_02-1024x683.jpg 1024w, https:\/\/www.bookhardanger.com\/wp-content\/uploads\/2025\/02\/Hardangerbrua-bridge_Anne-Hirth_02-300x200.jpg 300w, https:\/\/www.bookhardanger.com\/wp-content\/uploads\/2025\/02\/Hardangerbrua-bridge_Anne-Hirth_02-768x512.jpg 768w, https:\/\/www.bookhardanger.com\/wp-content\/uploads\/2025\/02\/Hardangerbrua-bridge_Anne-Hirth_02-1536x1024.jpg 1536w, https:\/\/www.bookhardanger.com\/wp-content\/uploads\/2025\/02\/Hardangerbrua-bridge_Anne-Hirth_02.jpg 2048w\" sizes=\"auto, (max-width: 1024px) 100vw, 1024px\" \/><\/figure>\n<\/figure>\n","protected":false},"excerpt":{"rendered":"<p>Nyt den spektakul\u00e6re utsikten fra en av verdens lengste hengebruer!<\/p>\n","protected":false},"featured_media":814,"parent":0,"template":"","tags":[],"activity-categories":[47,46],"location":[32],"class_list":["post-1091","product","type-product","status-publish","has-post-thumbnail","hentry","activity-categories-reis-offentlig","activity-categories-sightseeingturer","location-eidfjord"],"acf":[],"_links":{"self":[{"href":"https:\/\/www.bookhardanger.com\/no\/wp-json\/wp\/v2\/product\/1091","targetHints":{"allow":["GET"]}}],"collection":[{"href":"https:\/\/www.bookhardanger.com\/no\/wp-json\/wp\/v2\/product"}],"about":[{"href":"https:\/\/www.bookhardanger.com\/no\/wp-json\/wp\/v2\/types\/product"}],"wp:featuredmedia":[{"embeddable":true,"href":"https:\/\/www.bookhardanger.com\/no\/wp-json\/wp\/v2\/media\/814"}],"wp:attachment":[{"href":"https:\/\/www.bookhardanger.com\/no\/wp-json\/wp\/v2\/media?parent=1091"}],"wp:term":[{"taxonomy":"post_tag","embeddable":true,"href":"https:\/\/www.bookhardanger.com\/no\/wp-json\/wp\/v2\/tags?post=1091"},{"taxonomy":"activity-categories","embeddable":true,"href":"https:\/\/www.bookhardanger.com\/no\/wp-json\/wp\/v2\/activity-categories?post=1091"},{"taxonomy":"location","embeddable":true,"href":"https:\/\/www.bookhardanger.com\/no\/wp-json\/wp\/v2\/location?post=1091"}],"curies":[{"name":"wp","href":"https:\/\/api.w.org\/{rel}","templated":true}]}}