{"id":1093,"date":"2025-02-20T13:57:34","date_gmt":"2025-02-20T13:57:34","guid":{"rendered":"https:\/\/www.bookhardanger.com\/products\/hardangerfjorden-og-fyksesund-rib-safari-fra-norheimsund\/"},"modified":"2025-03-07T22:47:31","modified_gmt":"2025-03-07T22:47:31","slug":"hardangerfjorden-og-fyksesund-rib-safari-fra-norheimsund","status":"publish","type":"product","link":"https:\/\/www.bookhardanger.com\/no\/produkter\/hardangerfjorden-og-fyksesund-rib-safari-fra-norheimsund\/","title":{"rendered":"Hardangerfjorden og Fyksesund RIB-safari fra Norheimsund"},"content":{"rendered":"\n<p>Turen starter i Norheimsund og tar deg ut p\u00e5 Hardangerfjorden. Du passerer \u00f8ya Kvams\u00f8y f\u00f8r du kj\u00f8rer inn i fjordarmen Fyksesund \u2013 den smaleste delen av Hardangerfjorden.<\/p>\n\n\n\n<p>Fyksesund er den eneste fjordarmen i Hardangerfjorden uten vei til den innerste delen. De siste fem kilometerne av den 10,5 kilometer lange fjorden snor seg mellom bratte fjellsider og ender i bygda Botnen \u2013 et avsidesliggende samfunn omgitt av mektig natur.<\/p>\n\n\n\n<p>P\u00e5 denne adrenalinfylte RIB-turen stopper guiden flere ganger slik at du kan ta inn det spektakul\u00e6re fjordlandskapet. Underveis f\u00e5r du h\u00f8re spennende historier om fjorden og menneskene som en gang bodde her. Fyksesund er ogs\u00e5 et fantastisk sted for \u00e5 se utallige fossefall \u2013 du kommer helt tett p\u00e5, s\u00e5 tett at du kan kjenne vannspruten fra fossene!<\/p>\n\n\n\n<figure class=\"wp-block-gallery has-nested-images columns-2 is-cropped wp-block-gallery-1 is-layout-flex wp-block-gallery-is-layout-flex\">\n<figure data-wp-context=\"{&quot;imageId&quot;:&quot;69e4898576ab7&quot;}\" data-wp-interactive=\"core\/image\" data-wp-key=\"69e4898576ab7\" class=\"wp-block-image size-large wp-lightbox-container\"><img loading=\"lazy\" decoding=\"async\" width=\"683\" height=\"1024\" data-wp-class--hide=\"state.isContentHidden\" data-wp-class--show=\"state.isContentVisible\" data-wp-init=\"callbacks.setButtonStyles\" data-wp-on--click=\"actions.showLightbox\" data-wp-on--load=\"callbacks.setButtonStyles\" data-wp-on-window--resize=\"callbacks.setButtonStyles\" data-id=\"445\" src=\"https:\/\/www.bookhardanger.com\/wp-content\/uploads\/2025\/02\/Fyksesundet_Hardangerfjord-Adventure_64-683x1024.jpg\" alt=\"\" class=\"wp-image-445\" srcset=\"https:\/\/www.bookhardanger.com\/wp-content\/uploads\/2025\/02\/Fyksesundet_Hardangerfjord-Adventure_64-683x1024.jpg 683w, https:\/\/www.bookhardanger.com\/wp-content\/uploads\/2025\/02\/Fyksesundet_Hardangerfjord-Adventure_64-200x300.jpg 200w, https:\/\/www.bookhardanger.com\/wp-content\/uploads\/2025\/02\/Fyksesundet_Hardangerfjord-Adventure_64-768x1152.jpg 768w, https:\/\/www.bookhardanger.com\/wp-content\/uploads\/2025\/02\/Fyksesundet_Hardangerfjord-Adventure_64-1024x1536.jpg 1024w, https:\/\/www.bookhardanger.com\/wp-content\/uploads\/2025\/02\/Fyksesundet_Hardangerfjord-Adventure_64.jpg 1365w\" sizes=\"auto, (max-width: 683px) 100vw, 683px\" \/><button\n\t\t\tclass=\"lightbox-trigger\"\n\t\t\ttype=\"button\"\n\t\t\taria-haspopup=\"dialog\"\n\t\t\taria-label=\"Forst\u00f8rr\"\n\t\t\tdata-wp-init=\"callbacks.initTriggerButton\"\n\t\t\tdata-wp-on--click=\"actions.showLightbox\"\n\t\t\tdata-wp-style--right=\"state.imageButtonRight\"\n\t\t\tdata-wp-style--top=\"state.imageButtonTop\"\n\t\t>\n\t\t\t<svg xmlns=\"http:\/\/www.w3.org\/2000\/svg\" width=\"12\" height=\"12\" fill=\"none\" viewBox=\"0 0 12 12\">\n\t\t\t\t<path fill=\"#fff\" d=\"M2 0a2 2 0 0 0-2 2v2h1.5V2a.5.5 0 0 1 .5-.5h2V0H2Zm2 10.5H2a.5.5 0 0 1-.5-.5V8H0v2a2 2 0 0 0 2 2h2v-1.5ZM8 12v-1.5h2a.5.5 0 0 0 .5-.5V8H12v2a2 2 0 0 1-2 2H8Zm2-12a2 2 0 0 1 2 2v2h-1.5V2a.5.5 0 0 0-.5-.5H8V0h2Z\" \/>\n\t\t\t<\/svg>\n\t\t<\/button><\/figure>\n\n\n\n<figure data-wp-context=\"{&quot;imageId&quot;:&quot;69e4898577015&quot;}\" data-wp-interactive=\"core\/image\" data-wp-key=\"69e4898577015\" class=\"wp-block-image size-large wp-lightbox-container\"><img loading=\"lazy\" decoding=\"async\" width=\"683\" height=\"1024\" data-wp-class--hide=\"state.isContentHidden\" data-wp-class--show=\"state.isContentVisible\" data-wp-init=\"callbacks.setButtonStyles\" data-wp-on--click=\"actions.showLightbox\" data-wp-on--load=\"callbacks.setButtonStyles\" data-wp-on-window--resize=\"callbacks.setButtonStyles\" data-id=\"446\" src=\"https:\/\/www.bookhardanger.com\/wp-content\/uploads\/2025\/02\/Fyksesundet_Hardangerfjord-Adventure_70-683x1024.jpg\" alt=\"\" class=\"wp-image-446\" srcset=\"https:\/\/www.bookhardanger.com\/wp-content\/uploads\/2025\/02\/Fyksesundet_Hardangerfjord-Adventure_70-683x1024.jpg 683w, https:\/\/www.bookhardanger.com\/wp-content\/uploads\/2025\/02\/Fyksesundet_Hardangerfjord-Adventure_70-200x300.jpg 200w, https:\/\/www.bookhardanger.com\/wp-content\/uploads\/2025\/02\/Fyksesundet_Hardangerfjord-Adventure_70-768x1152.jpg 768w, https:\/\/www.bookhardanger.com\/wp-content\/uploads\/2025\/02\/Fyksesundet_Hardangerfjord-Adventure_70-1024x1536.jpg 1024w, https:\/\/www.bookhardanger.com\/wp-content\/uploads\/2025\/02\/Fyksesundet_Hardangerfjord-Adventure_70.jpg 1365w\" sizes=\"auto, (max-width: 683px) 100vw, 683px\" \/><button\n\t\t\tclass=\"lightbox-trigger\"\n\t\t\ttype=\"button\"\n\t\t\taria-haspopup=\"dialog\"\n\t\t\taria-label=\"Forst\u00f8rr\"\n\t\t\tdata-wp-init=\"callbacks.initTriggerButton\"\n\t\t\tdata-wp-on--click=\"actions.showLightbox\"\n\t\t\tdata-wp-style--right=\"state.imageButtonRight\"\n\t\t\tdata-wp-style--top=\"state.imageButtonTop\"\n\t\t>\n\t\t\t<svg xmlns=\"http:\/\/www.w3.org\/2000\/svg\" width=\"12\" height=\"12\" fill=\"none\" viewBox=\"0 0 12 12\">\n\t\t\t\t<path fill=\"#fff\" d=\"M2 0a2 2 0 0 0-2 2v2h1.5V2a.5.5 0 0 1 .5-.5h2V0H2Zm2 10.5H2a.5.5 0 0 1-.5-.5V8H0v2a2 2 0 0 0 2 2h2v-1.5ZM8 12v-1.5h2a.5.5 0 0 0 .5-.5V8H12v2a2 2 0 0 1-2 2H8Zm2-12a2 2 0 0 1 2 2v2h-1.5V2a.5.5 0 0 0-.5-.5H8V0h2Z\" \/>\n\t\t\t<\/svg>\n\t\t<\/button><\/figure>\n\n\n\n<figure data-wp-context=\"{&quot;imageId&quot;:&quot;69e4898577536&quot;}\" data-wp-interactive=\"core\/image\" data-wp-key=\"69e4898577536\" class=\"wp-block-image size-large wp-lightbox-container\"><img loading=\"lazy\" decoding=\"async\" width=\"1024\" height=\"683\" data-wp-class--hide=\"state.isContentHidden\" data-wp-class--show=\"state.isContentVisible\" data-wp-init=\"callbacks.setButtonStyles\" data-wp-on--click=\"actions.showLightbox\" data-wp-on--load=\"callbacks.setButtonStyles\" data-wp-on-window--resize=\"callbacks.setButtonStyles\" data-id=\"444\" src=\"https:\/\/www.bookhardanger.com\/wp-content\/uploads\/2025\/02\/Fyksesundet_Hardangerfjord-Adventure_114-1024x683.jpg\" alt=\"\" class=\"wp-image-444\" srcset=\"https:\/\/www.bookhardanger.com\/wp-content\/uploads\/2025\/02\/Fyksesundet_Hardangerfjord-Adventure_114-1024x683.jpg 1024w, https:\/\/www.bookhardanger.com\/wp-content\/uploads\/2025\/02\/Fyksesundet_Hardangerfjord-Adventure_114-300x200.jpg 300w, https:\/\/www.bookhardanger.com\/wp-content\/uploads\/2025\/02\/Fyksesundet_Hardangerfjord-Adventure_114-768x512.jpg 768w, https:\/\/www.bookhardanger.com\/wp-content\/uploads\/2025\/02\/Fyksesundet_Hardangerfjord-Adventure_114-1536x1025.jpg 1536w, https:\/\/www.bookhardanger.com\/wp-content\/uploads\/2025\/02\/Fyksesundet_Hardangerfjord-Adventure_114.jpg 2048w\" sizes=\"auto, (max-width: 1024px) 100vw, 1024px\" \/><button\n\t\t\tclass=\"lightbox-trigger\"\n\t\t\ttype=\"button\"\n\t\t\taria-haspopup=\"dialog\"\n\t\t\taria-label=\"Forst\u00f8rr\"\n\t\t\tdata-wp-init=\"callbacks.initTriggerButton\"\n\t\t\tdata-wp-on--click=\"actions.showLightbox\"\n\t\t\tdata-wp-style--right=\"state.imageButtonRight\"\n\t\t\tdata-wp-style--top=\"state.imageButtonTop\"\n\t\t>\n\t\t\t<svg xmlns=\"http:\/\/www.w3.org\/2000\/svg\" width=\"12\" height=\"12\" fill=\"none\" viewBox=\"0 0 12 12\">\n\t\t\t\t<path fill=\"#fff\" d=\"M2 0a2 2 0 0 0-2 2v2h1.5V2a.5.5 0 0 1 .5-.5h2V0H2Zm2 10.5H2a.5.5 0 0 1-.5-.5V8H0v2a2 2 0 0 0 2 2h2v-1.5ZM8 12v-1.5h2a.5.5 0 0 0 .5-.5V8H12v2a2 2 0 0 1-2 2H8Zm2-12a2 2 0 0 1 2 2v2h-1.5V2a.5.5 0 0 0-.5-.5H8V0h2Z\" \/>\n\t\t\t<\/svg>\n\t\t<\/button><\/figure>\n<figcaption class=\"blocks-gallery-caption wp-element-caption\">\u00a9 Hardangerfjord Adventure<\/figcaption><\/figure>\n\n\n\n<p><strong>Inkludert i prisen:<\/strong><\/p>\n\n\n\n<ul class=\"wp-block-list\">\n<li>Redningsvest<\/li>\n\n\n\n<li>Flytedress<\/li>\n\n\n\n<li>Beskyttelsesbriller<\/li>\n\n\n\n<li>Hansker<\/li>\n<\/ul>\n\n\n\n<p><strong>Ta med deg:<\/strong><\/p>\n\n\n\n<ul class=\"wp-block-list\">\n<li><a href=\"https:\/\/irp.cdn-website.com\/5891e755\/files\/uploaded\/Bekledning%20RIB_norsk.pdf\" target=\"_blank\" rel=\"noopener\">Klikk her for \u00e5 se hva du b\u00f8r ha p\u00e5 deg avhengig av v\u00e6ret<\/a><\/li>\n<\/ul>\n","protected":false},"excerpt":{"rendered":"<p>Kjenn adrenalinet bruse mens du suser langs bratte fjellsider i Hardanger!<\/p>\n","protected":false},"featured_media":881,"parent":0,"template":"","tags":[],"activity-categories":[43,44,42],"location":[39],"class_list":["post-1093","product","type-product","status-publish","has-post-thumbnail","hentry","activity-categories-baatturer","activity-categories-familieferie","activity-categories-opplevelsesferie","location-oystese-norheimsund"],"acf":[],"_links":{"self":[{"href":"https:\/\/www.bookhardanger.com\/no\/wp-json\/wp\/v2\/product\/1093","targetHints":{"allow":["GET"]}}],"collection":[{"href":"https:\/\/www.bookhardanger.com\/no\/wp-json\/wp\/v2\/product"}],"about":[{"href":"https:\/\/www.bookhardanger.com\/no\/wp-json\/wp\/v2\/types\/product"}],"wp:featuredmedia":[{"embeddable":true,"href":"https:\/\/www.bookhardanger.com\/no\/wp-json\/wp\/v2\/media\/881"}],"wp:attachment":[{"href":"https:\/\/www.bookhardanger.com\/no\/wp-json\/wp\/v2\/media?parent=1093"}],"wp:term":[{"taxonomy":"post_tag","embeddable":true,"href":"https:\/\/www.bookhardanger.com\/no\/wp-json\/wp\/v2\/tags?post=1093"},{"taxonomy":"activity-categories","embeddable":true,"href":"https:\/\/www.bookhardanger.com\/no\/wp-json\/wp\/v2\/activity-categories?post=1093"},{"taxonomy":"location","embeddable":true,"href":"https:\/\/www.bookhardanger.com\/no\/wp-json\/wp\/v2\/location?post=1093"}],"curies":[{"name":"wp","href":"https:\/\/api.w.org\/{rel}","templated":true}]}}