{"id":1103,"date":"2025-03-01T12:54:20","date_gmt":"2025-03-01T12:54:20","guid":{"rendered":"https:\/\/www.bookhardanger.com\/products\/hardangerfjord-rib-tur-fra-voss\/"},"modified":"2025-03-07T22:47:00","modified_gmt":"2025-03-07T22:47:00","slug":"hardangerfjord-rib-tur-fra-voss","status":"publish","type":"product","link":"https:\/\/www.bookhardanger.com\/no\/produkter\/hardangerfjord-rib-tur-fra-voss\/","title":{"rendered":"Hardangerfjord RIB-tur fra Voss"},"content":{"rendered":"\n<p>Opplev Ulvik og Hardangerfjorden mens du bor i Voss. Denne turen tar deg med buss fra Voss til Ulvik, hvor RIB-b\u00e5ten venter p\u00e5 deg.<\/p>\n\n\n\n<p>F\u00f8r b\u00e5tturen f\u00e5r du tid til \u00e5 utforske den sjarmerende fjordbygda p\u00e5 egen h\u00e5nd. Ta en rusletur langs fjorden eller nyt en lunsj p\u00e5 en av de koselige kaf\u00e9ene f\u00f8r du m\u00f8ter kapteinen.<\/p>\n\n\n\n<p>N\u00e5r du er kledd opp for eventyret, setter vi kursen ut p\u00e5 fjorden i en rask og stabil RIB-b\u00e5t. I l\u00f8pet av den 1 time og 45 minutter lange turen tar kapteinen deg f\u00f8rst ut p\u00e5 Hardangerfjorden, f\u00f8r vi kj\u00f8rer inn i den bortgjemte perlen Osafjorden. Underveis blir det flere stopp hvor du f\u00e5r l\u00e6re om omr\u00e5dets historie og menneskene som har bodd her. Ha kameraet klart \u2013 det blir mange fotomuligheter!<\/p>\n\n\n\n<p>Vel tilbake i Ulvik tar du bussen tilbake til Voss.<\/p>\n\n\n\n<p><strong>Reiserute:<\/strong><\/p>\n\n\n\n<ul class=\"wp-block-list\">\n<li><strong>10.05:<\/strong> Bussavgang fra Voss stasjon (buss 945)<\/li>\n\n\n\n<li><strong>11.10:<\/strong> Ankomst Ulvik\n<ul class=\"wp-block-list\">\n<li>Tid til \u00e5 utforske Ulvik p\u00e5 egen h\u00e5nd<\/li>\n<\/ul>\n<\/li>\n\n\n\n<li><strong>13.00\u201314.45:<\/strong> RIB-b\u00e5ttur p\u00e5 Hardangerfjorden<\/li>\n\n\n\n<li><strong>15.13:<\/strong> Bussavgang fra Ulvik sentrum (buss 945)<\/li>\n\n\n\n<li><strong>16.10:<\/strong> Ankomst Voss<\/li>\n<\/ul>\n\n\n\n<figure class=\"wp-block-gallery has-nested-images columns-2 is-cropped wp-block-gallery-1 is-layout-flex wp-block-gallery-is-layout-flex\">\n<figure data-wp-context=\"{&quot;imageId&quot;:&quot;69e5e8ee59044&quot;}\" data-wp-interactive=\"core\/image\" data-wp-key=\"69e5e8ee59044\" class=\"wp-block-image size-large wp-lightbox-container\"><img loading=\"lazy\" decoding=\"async\" width=\"1024\" height=\"683\" data-wp-class--hide=\"state.isContentHidden\" data-wp-class--show=\"state.isContentVisible\" data-wp-init=\"callbacks.setButtonStyles\" data-wp-on--click=\"actions.showLightbox\" data-wp-on--load=\"callbacks.setButtonStyles\" data-wp-on-window--resize=\"callbacks.setButtonStyles\" data-id=\"703\" src=\"https:\/\/www.bookhardanger.com\/wp-content\/uploads\/2025\/03\/Ulvik_RIB_Hardangerfjord-Adventure_03-1024x683.jpg\" alt=\"\" class=\"wp-image-703\" srcset=\"https:\/\/www.bookhardanger.com\/wp-content\/uploads\/2025\/03\/Ulvik_RIB_Hardangerfjord-Adventure_03-1024x683.jpg 1024w, https:\/\/www.bookhardanger.com\/wp-content\/uploads\/2025\/03\/Ulvik_RIB_Hardangerfjord-Adventure_03-300x200.jpg 300w, https:\/\/www.bookhardanger.com\/wp-content\/uploads\/2025\/03\/Ulvik_RIB_Hardangerfjord-Adventure_03-768x512.jpg 768w, https:\/\/www.bookhardanger.com\/wp-content\/uploads\/2025\/03\/Ulvik_RIB_Hardangerfjord-Adventure_03-1536x1025.jpg 1536w, https:\/\/www.bookhardanger.com\/wp-content\/uploads\/2025\/03\/Ulvik_RIB_Hardangerfjord-Adventure_03.jpg 2048w\" sizes=\"auto, (max-width: 1024px) 100vw, 1024px\" \/><button\n\t\t\tclass=\"lightbox-trigger\"\n\t\t\ttype=\"button\"\n\t\t\taria-haspopup=\"dialog\"\n\t\t\taria-label=\"Forst\u00f8rr\"\n\t\t\tdata-wp-init=\"callbacks.initTriggerButton\"\n\t\t\tdata-wp-on--click=\"actions.showLightbox\"\n\t\t\tdata-wp-style--right=\"state.imageButtonRight\"\n\t\t\tdata-wp-style--top=\"state.imageButtonTop\"\n\t\t>\n\t\t\t<svg xmlns=\"http:\/\/www.w3.org\/2000\/svg\" width=\"12\" height=\"12\" fill=\"none\" viewBox=\"0 0 12 12\">\n\t\t\t\t<path fill=\"#fff\" d=\"M2 0a2 2 0 0 0-2 2v2h1.5V2a.5.5 0 0 1 .5-.5h2V0H2Zm2 10.5H2a.5.5 0 0 1-.5-.5V8H0v2a2 2 0 0 0 2 2h2v-1.5ZM8 12v-1.5h2a.5.5 0 0 0 .5-.5V8H12v2a2 2 0 0 1-2 2H8Zm2-12a2 2 0 0 1 2 2v2h-1.5V2a.5.5 0 0 0-.5-.5H8V0h2Z\" \/>\n\t\t\t<\/svg>\n\t\t<\/button><\/figure>\n\n\n\n<figure data-wp-context=\"{&quot;imageId&quot;:&quot;69e5e8ee59675&quot;}\" data-wp-interactive=\"core\/image\" data-wp-key=\"69e5e8ee59675\" class=\"wp-block-image size-large wp-lightbox-container\"><img loading=\"lazy\" decoding=\"async\" width=\"1024\" height=\"682\" data-wp-class--hide=\"state.isContentHidden\" data-wp-class--show=\"state.isContentVisible\" data-wp-init=\"callbacks.setButtonStyles\" data-wp-on--click=\"actions.showLightbox\" data-wp-on--load=\"callbacks.setButtonStyles\" data-wp-on-window--resize=\"callbacks.setButtonStyles\" data-id=\"704\" src=\"https:\/\/www.bookhardanger.com\/wp-content\/uploads\/2025\/03\/Ulvik_RIB_Hardangerfjord-Adventure_01-1024x682.jpg\" alt=\"\" class=\"wp-image-704\" srcset=\"https:\/\/www.bookhardanger.com\/wp-content\/uploads\/2025\/03\/Ulvik_RIB_Hardangerfjord-Adventure_01-1024x682.jpg 1024w, https:\/\/www.bookhardanger.com\/wp-content\/uploads\/2025\/03\/Ulvik_RIB_Hardangerfjord-Adventure_01-300x200.jpg 300w, https:\/\/www.bookhardanger.com\/wp-content\/uploads\/2025\/03\/Ulvik_RIB_Hardangerfjord-Adventure_01-768x512.jpg 768w, https:\/\/www.bookhardanger.com\/wp-content\/uploads\/2025\/03\/Ulvik_RIB_Hardangerfjord-Adventure_01-1536x1023.jpg 1536w, https:\/\/www.bookhardanger.com\/wp-content\/uploads\/2025\/03\/Ulvik_RIB_Hardangerfjord-Adventure_01.jpg 2035w\" sizes=\"auto, (max-width: 1024px) 100vw, 1024px\" \/><button\n\t\t\tclass=\"lightbox-trigger\"\n\t\t\ttype=\"button\"\n\t\t\taria-haspopup=\"dialog\"\n\t\t\taria-label=\"Forst\u00f8rr\"\n\t\t\tdata-wp-init=\"callbacks.initTriggerButton\"\n\t\t\tdata-wp-on--click=\"actions.showLightbox\"\n\t\t\tdata-wp-style--right=\"state.imageButtonRight\"\n\t\t\tdata-wp-style--top=\"state.imageButtonTop\"\n\t\t>\n\t\t\t<svg xmlns=\"http:\/\/www.w3.org\/2000\/svg\" width=\"12\" height=\"12\" fill=\"none\" viewBox=\"0 0 12 12\">\n\t\t\t\t<path fill=\"#fff\" d=\"M2 0a2 2 0 0 0-2 2v2h1.5V2a.5.5 0 0 1 .5-.5h2V0H2Zm2 10.5H2a.5.5 0 0 1-.5-.5V8H0v2a2 2 0 0 0 2 2h2v-1.5ZM8 12v-1.5h2a.5.5 0 0 0 .5-.5V8H12v2a2 2 0 0 1-2 2H8Zm2-12a2 2 0 0 1 2 2v2h-1.5V2a.5.5 0 0 0-.5-.5H8V0h2Z\" \/>\n\t\t\t<\/svg>\n\t\t<\/button><\/figure>\n\n\n\n<figure data-wp-context=\"{&quot;imageId&quot;:&quot;69e5e8ee59ba7&quot;}\" data-wp-interactive=\"core\/image\" data-wp-key=\"69e5e8ee59ba7\" class=\"wp-block-image size-large wp-lightbox-container\"><img loading=\"lazy\" decoding=\"async\" width=\"1024\" height=\"683\" data-wp-class--hide=\"state.isContentHidden\" data-wp-class--show=\"state.isContentVisible\" data-wp-init=\"callbacks.setButtonStyles\" data-wp-on--click=\"actions.showLightbox\" data-wp-on--load=\"callbacks.setButtonStyles\" data-wp-on-window--resize=\"callbacks.setButtonStyles\" data-id=\"701\" src=\"https:\/\/www.bookhardanger.com\/wp-content\/uploads\/2025\/03\/Ulvik_RIB_Hardangerfjord-Adventure_05-1024x683.jpg\" alt=\"\" class=\"wp-image-701\" srcset=\"https:\/\/www.bookhardanger.com\/wp-content\/uploads\/2025\/03\/Ulvik_RIB_Hardangerfjord-Adventure_05-1024x683.jpg 1024w, https:\/\/www.bookhardanger.com\/wp-content\/uploads\/2025\/03\/Ulvik_RIB_Hardangerfjord-Adventure_05-300x200.jpg 300w, https:\/\/www.bookhardanger.com\/wp-content\/uploads\/2025\/03\/Ulvik_RIB_Hardangerfjord-Adventure_05-768x512.jpg 768w, https:\/\/www.bookhardanger.com\/wp-content\/uploads\/2025\/03\/Ulvik_RIB_Hardangerfjord-Adventure_05-1536x1024.jpg 1536w, https:\/\/www.bookhardanger.com\/wp-content\/uploads\/2025\/03\/Ulvik_RIB_Hardangerfjord-Adventure_05.jpg 2048w\" sizes=\"auto, (max-width: 1024px) 100vw, 1024px\" \/><button\n\t\t\tclass=\"lightbox-trigger\"\n\t\t\ttype=\"button\"\n\t\t\taria-haspopup=\"dialog\"\n\t\t\taria-label=\"Forst\u00f8rr\"\n\t\t\tdata-wp-init=\"callbacks.initTriggerButton\"\n\t\t\tdata-wp-on--click=\"actions.showLightbox\"\n\t\t\tdata-wp-style--right=\"state.imageButtonRight\"\n\t\t\tdata-wp-style--top=\"state.imageButtonTop\"\n\t\t>\n\t\t\t<svg xmlns=\"http:\/\/www.w3.org\/2000\/svg\" width=\"12\" height=\"12\" fill=\"none\" viewBox=\"0 0 12 12\">\n\t\t\t\t<path fill=\"#fff\" d=\"M2 0a2 2 0 0 0-2 2v2h1.5V2a.5.5 0 0 1 .5-.5h2V0H2Zm2 10.5H2a.5.5 0 0 1-.5-.5V8H0v2a2 2 0 0 0 2 2h2v-1.5ZM8 12v-1.5h2a.5.5 0 0 0 .5-.5V8H12v2a2 2 0 0 1-2 2H8Zm2-12a2 2 0 0 1 2 2v2h-1.5V2a.5.5 0 0 0-.5-.5H8V0h2Z\" \/>\n\t\t\t<\/svg>\n\t\t<\/button><\/figure>\n<figcaption class=\"blocks-gallery-caption wp-element-caption\">\u00a9 Hardangerfjord Adventure<\/figcaption><\/figure>\n\n\n\n<p><strong>Inkludert i prisen:<\/strong><\/p>\n\n\n\n<ul class=\"wp-block-list\">\n<li>Tur-retur bussbilletter<\/li>\n\n\n\n<li>Redningsvest<\/li>\n\n\n\n<li>Flytedrakt<\/li>\n\n\n\n<li>Beskyttelsesbriller<\/li>\n\n\n\n<li>Hansker<\/li>\n<\/ul>\n\n\n\n<p><strong>Ta med:<\/strong><\/p>\n\n\n\n<ul class=\"wp-block-list\">\n<li><a href=\"https:\/\/irp.cdn-website.com\/5891e755\/files\/uploaded\/Bekledning%20RIB_norsk.pdf\" target=\"_blank\" rel=\"noopener\">Klikk her for \u00e5 se hvordan du skal kle deg etter v\u00e6ret<\/a><\/li>\n<\/ul>\n","protected":false},"excerpt":{"rendered":"<p>Bli med p\u00e5 et fartsfylt RIB-eventyr p\u00e5 Hardangerfjorden p\u00e5 denne dagsturen fra Voss til Ulvik!<\/p>\n","protected":false},"featured_media":954,"parent":0,"template":"","tags":[],"activity-categories":[43,47],"location":[33,38],"class_list":["post-1103","product","type-product","status-publish","has-post-thumbnail","hentry","activity-categories-baatturer","activity-categories-reis-offentlig","location-granvin-voss","location-ulvik"],"acf":[],"_links":{"self":[{"href":"https:\/\/www.bookhardanger.com\/no\/wp-json\/wp\/v2\/product\/1103","targetHints":{"allow":["GET"]}}],"collection":[{"href":"https:\/\/www.bookhardanger.com\/no\/wp-json\/wp\/v2\/product"}],"about":[{"href":"https:\/\/www.bookhardanger.com\/no\/wp-json\/wp\/v2\/types\/product"}],"wp:featuredmedia":[{"embeddable":true,"href":"https:\/\/www.bookhardanger.com\/no\/wp-json\/wp\/v2\/media\/954"}],"wp:attachment":[{"href":"https:\/\/www.bookhardanger.com\/no\/wp-json\/wp\/v2\/media?parent=1103"}],"wp:term":[{"taxonomy":"post_tag","embeddable":true,"href":"https:\/\/www.bookhardanger.com\/no\/wp-json\/wp\/v2\/tags?post=1103"},{"taxonomy":"activity-categories","embeddable":true,"href":"https:\/\/www.bookhardanger.com\/no\/wp-json\/wp\/v2\/activity-categories?post=1103"},{"taxonomy":"location","embeddable":true,"href":"https:\/\/www.bookhardanger.com\/no\/wp-json\/wp\/v2\/location?post=1103"}],"curies":[{"name":"wp","href":"https:\/\/api.w.org\/{rel}","templated":true}]}}