{"id":1112,"date":"2025-02-17T15:04:20","date_gmt":"2025-02-17T15:04:20","guid":{"rendered":"https:\/\/www.bookhardanger.com\/products\/kajakkpadling-pa-hardangerfjorden-fra-jondal\/"},"modified":"2025-03-07T22:48:47","modified_gmt":"2025-03-07T22:48:47","slug":"kajakkpadling-pa-hardangerfjorden-fra-jondal","status":"publish","type":"product","link":"https:\/\/www.bookhardanger.com\/no\/produkter\/kajakkpadling-pa-hardangerfjorden-fra-jondal\/","title":{"rendered":"Kajakkpadling p\u00e5 Hardangerfjorden fra Jondal"},"content":{"rendered":"\n<p>Bli med p\u00e5 en sommerlig havkajakktur langs vakre Hardangerfjorden. Eventyret starter med en grundig introduksjon og tilpasning av utstyret, slik at du er godt forberedt p\u00e5 en autentisk fjordopplevelse. De erfarne guidene l\u00e6rer deg viktige teknikker, som hvordan du padler, styrer kajakken og h\u00e5ndterer uventede situasjoner som velt.<\/p>\n\n\n\n<p>N\u00e5r du f\u00f8ler deg trygg og komfortabel, leder guiden gruppen mot Jonaneset eller andre vakre steder, avhengig av b\u00f8lger og v\u00e6rforhold.<\/p>\n\n\n\n<p>Mens du padler, kan du nyte den storsl\u00e5tte utsikten over majestetiske fjell og det eventyrlige fjordlandskapet.<\/p>\n\n\n\n<p>Enten du er nybegynner eller erfaren padler, byr de daglige havkajakkturene p\u00e5 en perfekt kombinasjon av eventyr og naturskj\u00f8nnhet.&nbsp;&nbsp;<\/p>\n\n\n\n<p><strong>Inkludert i prisen:<\/strong><\/p>\n\n\n\n<ul class=\"wp-block-list\">\n<li>Kajakkutstyr<\/li>\n<\/ul>\n\n\n\n<p><strong>Ta med deg:<\/strong><\/p>\n\n\n\n<ul class=\"wp-block-list\">\n<li>Ekstra kl\u00e6r<\/li>\n\n\n\n<li>H\u00e5ndkle<\/li>\n<\/ul>\n\n\n\n<p><\/p>\n","protected":false},"excerpt":{"rendered":"<p>Opplev det magiske fjordlandskapet fra cockpiten i en kajakk!<\/p>\n","protected":false},"featured_media":849,"parent":0,"template":"","tags":[],"activity-categories":[42],"location":[34],"class_list":["post-1112","product","type-product","status-publish","has-post-thumbnail","hentry","activity-categories-opplevelsesferie","location-jondal"],"acf":[],"_links":{"self":[{"href":"https:\/\/www.bookhardanger.com\/no\/wp-json\/wp\/v2\/product\/1112","targetHints":{"allow":["GET"]}}],"collection":[{"href":"https:\/\/www.bookhardanger.com\/no\/wp-json\/wp\/v2\/product"}],"about":[{"href":"https:\/\/www.bookhardanger.com\/no\/wp-json\/wp\/v2\/types\/product"}],"wp:featuredmedia":[{"embeddable":true,"href":"https:\/\/www.bookhardanger.com\/no\/wp-json\/wp\/v2\/media\/849"}],"wp:attachment":[{"href":"https:\/\/www.bookhardanger.com\/no\/wp-json\/wp\/v2\/media?parent=1112"}],"wp:term":[{"taxonomy":"post_tag","embeddable":true,"href":"https:\/\/www.bookhardanger.com\/no\/wp-json\/wp\/v2\/tags?post=1112"},{"taxonomy":"activity-categories","embeddable":true,"href":"https:\/\/www.bookhardanger.com\/no\/wp-json\/wp\/v2\/activity-categories?post=1112"},{"taxonomy":"location","embeddable":true,"href":"https:\/\/www.bookhardanger.com\/no\/wp-json\/wp\/v2\/location?post=1112"}],"curies":[{"name":"wp","href":"https:\/\/api.w.org\/{rel}","templated":true}]}}