{"id":1115,"date":"2025-02-28T11:51:38","date_gmt":"2025-02-28T11:51:38","guid":{"rendered":"https:\/\/www.bookhardanger.com\/products\/maurangsfjord-rib-safari-fra-rosendal\/"},"modified":"2025-03-07T22:07:02","modified_gmt":"2025-03-07T22:07:02","slug":"maurangsfjord-rib-safari-fra-rosendal","status":"publish","type":"product","link":"https:\/\/www.bookhardanger.com\/no\/produkter\/maurangsfjord-rib-safari-fra-rosendal\/","title":{"rendered":"Maurangsfjord RIB safari fra Rosendal"},"content":{"rendered":"\n<p>Det er ikke uten grunn at Maurangsfjorden har tiltrukket seg turister over flere \u00e5rhundrer. Det er rett og slett en eventyrlig vakker fjordarm av Hardangerfjorden.&nbsp;&nbsp;&nbsp;<\/p>\n\n\n\n<p>Fra Rosendal g\u00e5r turen via \u00c6nes p\u00e5 vei til Furebergsfossen og videre til Sundal med utsikt mot Bondhusbreen. Retur ut fjorden igjen via \u00f8yen Sild.&nbsp;&nbsp;<\/p>\n\n\n\n<p>RIB er de raskeste b\u00e5tene som fins, s\u00e5 du kan forvente \u00e5 kjenne litt adrenalin underveis. Det blir ogs\u00e5 flere stopp der guiden gir interessante fakta om fjorden og menneskene som pleide \u00e5 bo her, samt gode fotomuligheter &#8211; s\u00e5 ha kamera lett tilgjengelig.&nbsp;&nbsp;&nbsp;<\/p>\n\n\n\n<p><strong>Inkludert i prisen:\u00a0<\/strong><\/p>\n\n\n\n<ul class=\"wp-block-list\">\n<li>Redningsvest&nbsp;<\/li>\n\n\n\n<li>Flytedrakt&nbsp;<\/li>\n\n\n\n<li>Goggles\/briller&nbsp;<\/li>\n\n\n\n<li>Hansker&nbsp;<\/li>\n\n\n\n<li>Guiding&nbsp;<\/li>\n<\/ul>\n\n\n\n<p><strong>Hva b\u00f8r du ta med:\u00a0<\/strong><\/p>\n\n\n\n<ul class=\"wp-block-list\">\n<li><a href=\"https:\/\/irp.cdn-website.com\/5891e755\/files\/uploaded\/Bekledning%20RIB_norsk.pdf\" target=\"_blank\" rel=\"noreferrer noopener\">Klikk her for \u00e5 se hvordan du b\u00f8r kle deg etter v\u00e6ret&nbsp;<\/a><\/li>\n<\/ul>\n","protected":false},"excerpt":{"rendered":"<p>Bli med p\u00e5 en adrenalinfylt RIB-tur til Maurangsfjorden fra Rosendal <\/p>\n","protected":false},"featured_media":933,"parent":0,"template":"","tags":[],"activity-categories":[45],"location":[37],"class_list":["post-1115","product","type-product","status-publish","has-post-thumbnail","hentry","activity-categories-private-turer","location-rosendal"],"acf":[],"_links":{"self":[{"href":"https:\/\/www.bookhardanger.com\/no\/wp-json\/wp\/v2\/product\/1115","targetHints":{"allow":["GET"]}}],"collection":[{"href":"https:\/\/www.bookhardanger.com\/no\/wp-json\/wp\/v2\/product"}],"about":[{"href":"https:\/\/www.bookhardanger.com\/no\/wp-json\/wp\/v2\/types\/product"}],"wp:featuredmedia":[{"embeddable":true,"href":"https:\/\/www.bookhardanger.com\/no\/wp-json\/wp\/v2\/media\/933"}],"wp:attachment":[{"href":"https:\/\/www.bookhardanger.com\/no\/wp-json\/wp\/v2\/media?parent=1115"}],"wp:term":[{"taxonomy":"post_tag","embeddable":true,"href":"https:\/\/www.bookhardanger.com\/no\/wp-json\/wp\/v2\/tags?post=1115"},{"taxonomy":"activity-categories","embeddable":true,"href":"https:\/\/www.bookhardanger.com\/no\/wp-json\/wp\/v2\/activity-categories?post=1115"},{"taxonomy":"location","embeddable":true,"href":"https:\/\/www.bookhardanger.com\/no\/wp-json\/wp\/v2\/location?post=1115"}],"curies":[{"name":"wp","href":"https:\/\/api.w.org\/{rel}","templated":true}]}}