{"id":1125,"date":"2025-02-28T19:50:15","date_gmt":"2025-02-28T19:50:15","guid":{"rendered":"https:\/\/www.bookhardanger.com\/products\/overnattingstur-med-hundekjoring-pa-folgefonna\/"},"modified":"2025-03-07T22:09:58","modified_gmt":"2025-03-07T22:09:58","slug":"overnattingstur-med-hundekjoring-pa-folgefonna","status":"publish","type":"product","link":"https:\/\/www.bookhardanger.com\/no\/produkter\/overnattingstur-med-hundekjoring-pa-folgefonna\/","title":{"rendered":"Overnattingstur med hundekj\u00f8ring p\u00e5 Folgefonna"},"content":{"rendered":"\n<p>Eventyret starter med en halvdags hundekj\u00f8ringstur over isbreen, med Hardangerfjorden som en spektakul\u00e6r bakgrunn. Du blir ledet av en erfaren hundekj\u00f8rer og dratt av en flokk imponerende huskyer. Ingen tidligere erfaring er n\u00f8dvendig.<\/p>\n\n\n\n<p>Etter hundekj\u00f8ringen ankommer du campen, hvor du blir tatt med tilbake i tid til en verden av tradisjonelle skandinaviske telt, myke reinsdyrskinn og en varmende leirb\u00e5l.<\/p>\n\n\n\n<p>N\u00e5r kvelden senker seg, kan du nyte utsikten over Norges tredje st\u00f8rste isbre mens du spiser en varm og deilig middag. Stemningen er rett og slett magisk \u2013 med b\u00e5lets flakkende lys, frisk fjelluft og den lyse norske sommernatta.<\/p>\n\n\n\n<p>Neste morgen f\u00e5r du en solid frokost f\u00f8r vi pakker sammen og vender tilbake.<\/p>\n\n\n\n<blockquote class=\"wp-block-quote is-layout-flow wp-block-quote-is-layout-flow\">\n<p><strong>Advarsel:<\/strong> Sjansen er stor for at du blir hodestups forelsket i en av huskyene p\u00e5 denne turen!<\/p>\n<\/blockquote>\n\n\n\n<figure class=\"wp-block-gallery has-nested-images columns-2 is-cropped wp-block-gallery-1 is-layout-flex wp-block-gallery-is-layout-flex\">\n<figure data-wp-context=\"{&quot;imageId&quot;:&quot;69e46e5d5b09b&quot;}\" data-wp-interactive=\"core\/image\" data-wp-key=\"69e46e5d5b09b\" class=\"wp-block-image size-large wp-lightbox-container\"><img loading=\"lazy\" decoding=\"async\" width=\"1024\" height=\"683\" data-wp-class--hide=\"state.isContentHidden\" data-wp-class--show=\"state.isContentVisible\" data-wp-init=\"callbacks.setButtonStyles\" data-wp-on--click=\"actions.showLightbox\" data-wp-on--load=\"callbacks.setButtonStyles\" data-wp-on-window--resize=\"callbacks.setButtonStyles\" data-id=\"682\" src=\"https:\/\/www.bookhardanger.com\/wp-content\/uploads\/2025\/02\/38_VHF0624_Husky-Camp_Kred-Visit-Hardangerfjord-1-1024x683.jpg\" alt=\"\" class=\"wp-image-682\" srcset=\"https:\/\/www.bookhardanger.com\/wp-content\/uploads\/2025\/02\/38_VHF0624_Husky-Camp_Kred-Visit-Hardangerfjord-1-1024x683.jpg 1024w, https:\/\/www.bookhardanger.com\/wp-content\/uploads\/2025\/02\/38_VHF0624_Husky-Camp_Kred-Visit-Hardangerfjord-1-300x200.jpg 300w, https:\/\/www.bookhardanger.com\/wp-content\/uploads\/2025\/02\/38_VHF0624_Husky-Camp_Kred-Visit-Hardangerfjord-1-768x512.jpg 768w, https:\/\/www.bookhardanger.com\/wp-content\/uploads\/2025\/02\/38_VHF0624_Husky-Camp_Kred-Visit-Hardangerfjord-1-1536x1025.jpg 1536w, https:\/\/www.bookhardanger.com\/wp-content\/uploads\/2025\/02\/38_VHF0624_Husky-Camp_Kred-Visit-Hardangerfjord-1.jpg 2048w\" sizes=\"auto, (max-width: 1024px) 100vw, 1024px\" \/><button\n\t\t\tclass=\"lightbox-trigger\"\n\t\t\ttype=\"button\"\n\t\t\taria-haspopup=\"dialog\"\n\t\t\taria-label=\"Forst\u00f8rr\"\n\t\t\tdata-wp-init=\"callbacks.initTriggerButton\"\n\t\t\tdata-wp-on--click=\"actions.showLightbox\"\n\t\t\tdata-wp-style--right=\"state.imageButtonRight\"\n\t\t\tdata-wp-style--top=\"state.imageButtonTop\"\n\t\t>\n\t\t\t<svg xmlns=\"http:\/\/www.w3.org\/2000\/svg\" width=\"12\" height=\"12\" fill=\"none\" viewBox=\"0 0 12 12\">\n\t\t\t\t<path fill=\"#fff\" d=\"M2 0a2 2 0 0 0-2 2v2h1.5V2a.5.5 0 0 1 .5-.5h2V0H2Zm2 10.5H2a.5.5 0 0 1-.5-.5V8H0v2a2 2 0 0 0 2 2h2v-1.5ZM8 12v-1.5h2a.5.5 0 0 0 .5-.5V8H12v2a2 2 0 0 1-2 2H8Zm2-12a2 2 0 0 1 2 2v2h-1.5V2a.5.5 0 0 0-.5-.5H8V0h2Z\" \/>\n\t\t\t<\/svg>\n\t\t<\/button><\/figure>\n\n\n\n<figure data-wp-context=\"{&quot;imageId&quot;:&quot;69e46e5d5b71a&quot;}\" data-wp-interactive=\"core\/image\" data-wp-key=\"69e46e5d5b71a\" class=\"wp-block-image size-large wp-lightbox-container\"><img loading=\"lazy\" decoding=\"async\" width=\"1024\" height=\"683\" data-wp-class--hide=\"state.isContentHidden\" data-wp-class--show=\"state.isContentVisible\" data-wp-init=\"callbacks.setButtonStyles\" data-wp-on--click=\"actions.showLightbox\" data-wp-on--load=\"callbacks.setButtonStyles\" data-wp-on-window--resize=\"callbacks.setButtonStyles\" data-id=\"681\" src=\"https:\/\/www.bookhardanger.com\/wp-content\/uploads\/2025\/02\/36_VHF0624_Husky-Camp_Kred-Visit-Hardangerfjord-1-1024x683.jpg\" alt=\"\" class=\"wp-image-681\" srcset=\"https:\/\/www.bookhardanger.com\/wp-content\/uploads\/2025\/02\/36_VHF0624_Husky-Camp_Kred-Visit-Hardangerfjord-1-1024x683.jpg 1024w, https:\/\/www.bookhardanger.com\/wp-content\/uploads\/2025\/02\/36_VHF0624_Husky-Camp_Kred-Visit-Hardangerfjord-1-300x200.jpg 300w, https:\/\/www.bookhardanger.com\/wp-content\/uploads\/2025\/02\/36_VHF0624_Husky-Camp_Kred-Visit-Hardangerfjord-1-768x512.jpg 768w, https:\/\/www.bookhardanger.com\/wp-content\/uploads\/2025\/02\/36_VHF0624_Husky-Camp_Kred-Visit-Hardangerfjord-1-1536x1025.jpg 1536w, https:\/\/www.bookhardanger.com\/wp-content\/uploads\/2025\/02\/36_VHF0624_Husky-Camp_Kred-Visit-Hardangerfjord-1.jpg 2048w\" sizes=\"auto, (max-width: 1024px) 100vw, 1024px\" \/><button\n\t\t\tclass=\"lightbox-trigger\"\n\t\t\ttype=\"button\"\n\t\t\taria-haspopup=\"dialog\"\n\t\t\taria-label=\"Forst\u00f8rr\"\n\t\t\tdata-wp-init=\"callbacks.initTriggerButton\"\n\t\t\tdata-wp-on--click=\"actions.showLightbox\"\n\t\t\tdata-wp-style--right=\"state.imageButtonRight\"\n\t\t\tdata-wp-style--top=\"state.imageButtonTop\"\n\t\t>\n\t\t\t<svg xmlns=\"http:\/\/www.w3.org\/2000\/svg\" width=\"12\" height=\"12\" fill=\"none\" viewBox=\"0 0 12 12\">\n\t\t\t\t<path fill=\"#fff\" d=\"M2 0a2 2 0 0 0-2 2v2h1.5V2a.5.5 0 0 1 .5-.5h2V0H2Zm2 10.5H2a.5.5 0 0 1-.5-.5V8H0v2a2 2 0 0 0 2 2h2v-1.5ZM8 12v-1.5h2a.5.5 0 0 0 .5-.5V8H12v2a2 2 0 0 1-2 2H8Zm2-12a2 2 0 0 1 2 2v2h-1.5V2a.5.5 0 0 0-.5-.5H8V0h2Z\" \/>\n\t\t\t<\/svg>\n\t\t<\/button><\/figure>\n\n\n\n<figure data-wp-context=\"{&quot;imageId&quot;:&quot;69e46e5d5bd02&quot;}\" data-wp-interactive=\"core\/image\" data-wp-key=\"69e46e5d5bd02\" class=\"wp-block-image size-large wp-lightbox-container\"><img loading=\"lazy\" decoding=\"async\" width=\"1024\" height=\"683\" data-wp-class--hide=\"state.isContentHidden\" data-wp-class--show=\"state.isContentVisible\" data-wp-init=\"callbacks.setButtonStyles\" data-wp-on--click=\"actions.showLightbox\" data-wp-on--load=\"callbacks.setButtonStyles\" data-wp-on-window--resize=\"callbacks.setButtonStyles\" data-id=\"680\" src=\"https:\/\/www.bookhardanger.com\/wp-content\/uploads\/2025\/02\/40_VHF0624_Husky-Camp_Kred-Visit-Hardangerfjord-1-1024x683.jpg\" alt=\"\" class=\"wp-image-680\" srcset=\"https:\/\/www.bookhardanger.com\/wp-content\/uploads\/2025\/02\/40_VHF0624_Husky-Camp_Kred-Visit-Hardangerfjord-1-1024x683.jpg 1024w, https:\/\/www.bookhardanger.com\/wp-content\/uploads\/2025\/02\/40_VHF0624_Husky-Camp_Kred-Visit-Hardangerfjord-1-300x200.jpg 300w, https:\/\/www.bookhardanger.com\/wp-content\/uploads\/2025\/02\/40_VHF0624_Husky-Camp_Kred-Visit-Hardangerfjord-1-768x512.jpg 768w, https:\/\/www.bookhardanger.com\/wp-content\/uploads\/2025\/02\/40_VHF0624_Husky-Camp_Kred-Visit-Hardangerfjord-1-1536x1024.jpg 1536w, https:\/\/www.bookhardanger.com\/wp-content\/uploads\/2025\/02\/40_VHF0624_Husky-Camp_Kred-Visit-Hardangerfjord-1.jpg 2048w\" sizes=\"auto, (max-width: 1024px) 100vw, 1024px\" \/><button\n\t\t\tclass=\"lightbox-trigger\"\n\t\t\ttype=\"button\"\n\t\t\taria-haspopup=\"dialog\"\n\t\t\taria-label=\"Forst\u00f8rr\"\n\t\t\tdata-wp-init=\"callbacks.initTriggerButton\"\n\t\t\tdata-wp-on--click=\"actions.showLightbox\"\n\t\t\tdata-wp-style--right=\"state.imageButtonRight\"\n\t\t\tdata-wp-style--top=\"state.imageButtonTop\"\n\t\t>\n\t\t\t<svg xmlns=\"http:\/\/www.w3.org\/2000\/svg\" width=\"12\" height=\"12\" fill=\"none\" viewBox=\"0 0 12 12\">\n\t\t\t\t<path fill=\"#fff\" d=\"M2 0a2 2 0 0 0-2 2v2h1.5V2a.5.5 0 0 1 .5-.5h2V0H2Zm2 10.5H2a.5.5 0 0 1-.5-.5V8H0v2a2 2 0 0 0 2 2h2v-1.5ZM8 12v-1.5h2a.5.5 0 0 0 .5-.5V8H12v2a2 2 0 0 1-2 2H8Zm2-12a2 2 0 0 1 2 2v2h-1.5V2a.5.5 0 0 0-.5-.5H8V0h2Z\" \/>\n\t\t\t<\/svg>\n\t\t<\/button><\/figure>\n\n\n\n<figure class=\"wp-block-image size-large\"><img loading=\"lazy\" decoding=\"async\" width=\"1024\" height=\"683\" data-id=\"684\" src=\"https:\/\/www.bookhardanger.com\/wp-content\/uploads\/2025\/02\/39_VHF0624_Husky-Camp_Kred-Visit-Hardangerfjord-1-1024x683.jpg\" alt=\"\" class=\"wp-image-684\" srcset=\"https:\/\/www.bookhardanger.com\/wp-content\/uploads\/2025\/02\/39_VHF0624_Husky-Camp_Kred-Visit-Hardangerfjord-1-1024x683.jpg 1024w, https:\/\/www.bookhardanger.com\/wp-content\/uploads\/2025\/02\/39_VHF0624_Husky-Camp_Kred-Visit-Hardangerfjord-1-300x200.jpg 300w, https:\/\/www.bookhardanger.com\/wp-content\/uploads\/2025\/02\/39_VHF0624_Husky-Camp_Kred-Visit-Hardangerfjord-1-768x512.jpg 768w, https:\/\/www.bookhardanger.com\/wp-content\/uploads\/2025\/02\/39_VHF0624_Husky-Camp_Kred-Visit-Hardangerfjord-1-1536x1025.jpg 1536w, https:\/\/www.bookhardanger.com\/wp-content\/uploads\/2025\/02\/39_VHF0624_Husky-Camp_Kred-Visit-Hardangerfjord-1.jpg 2048w\" sizes=\"auto, (max-width: 1024px) 100vw, 1024px\" \/><\/figure>\n<\/figure>\n\n\n\n<p><strong>Inkludert i prisen:<\/strong><\/p>\n\n\n\n<ul class=\"wp-block-list\">\n<li>Hundekj\u00f8ringsutstyr<\/li>\n\n\n\n<li>Soveutstyr (sovepose, liggeunderlag, telt)<\/li>\n\n\n\n<li>Tradisjonell norsk middag og frokost<\/li>\n\n\n\n<li>Varme drikker<\/li>\n<\/ul>\n\n\n\n<p><strong>Ta med deg:<\/strong><\/p>\n\n\n\n<ul class=\"wp-block-list\">\n<li>Varme kl\u00e6r (ullundert\u00f8y, varm jakke, ullgenser, sokker, hansker, lue osv.)<\/li>\n\n\n\n<li>Varme vintersko<\/li>\n\n\n\n<li>Toalettsaker<\/li>\n\n\n\n<li>Solbriller og solkrem<\/li>\n<\/ul>\n","protected":false},"excerpt":{"rendered":"<p>Opplev et eventyr for livet med hundekj\u00f8ring og camping p\u00e5 Folgefonna!<\/p>\n","protected":false},"featured_media":941,"parent":0,"template":"","tags":[],"activity-categories":[44,42],"location":[34],"class_list":["post-1125","product","type-product","status-publish","has-post-thumbnail","hentry","activity-categories-familieferie","activity-categories-opplevelsesferie","location-jondal"],"acf":[],"_links":{"self":[{"href":"https:\/\/www.bookhardanger.com\/no\/wp-json\/wp\/v2\/product\/1125","targetHints":{"allow":["GET"]}}],"collection":[{"href":"https:\/\/www.bookhardanger.com\/no\/wp-json\/wp\/v2\/product"}],"about":[{"href":"https:\/\/www.bookhardanger.com\/no\/wp-json\/wp\/v2\/types\/product"}],"wp:featuredmedia":[{"embeddable":true,"href":"https:\/\/www.bookhardanger.com\/no\/wp-json\/wp\/v2\/media\/941"}],"wp:attachment":[{"href":"https:\/\/www.bookhardanger.com\/no\/wp-json\/wp\/v2\/media?parent=1125"}],"wp:term":[{"taxonomy":"post_tag","embeddable":true,"href":"https:\/\/www.bookhardanger.com\/no\/wp-json\/wp\/v2\/tags?post=1125"},{"taxonomy":"activity-categories","embeddable":true,"href":"https:\/\/www.bookhardanger.com\/no\/wp-json\/wp\/v2\/activity-categories?post=1125"},{"taxonomy":"location","embeddable":true,"href":"https:\/\/www.bookhardanger.com\/no\/wp-json\/wp\/v2\/location?post=1125"}],"curies":[{"name":"wp","href":"https:\/\/api.w.org\/{rel}","templated":true}]}}