{"id":1127,"date":"2025-02-19T09:42:03","date_gmt":"2025-02-19T09:42:03","guid":{"rendered":"https:\/\/www.bookhardanger.com\/products\/panorama-brevandring\/"},"modified":"2025-03-07T22:10:58","modified_gmt":"2025-03-07T22:10:58","slug":"panorama-brevandring","status":"publish","type":"product","link":"https:\/\/www.bookhardanger.com\/no\/produkter\/panorama-brevandring\/","title":{"rendered":"Panorama-brevandring"},"content":{"rendered":"\n<p>Bli med p\u00e5 en uforglemmelig brevandring! Denne turen handler om fantastiske utsikter og \u00e5 utforske den urgamle isen. Turen tilpasses etter deltakernes \u00f8nsker og forutsetninger, og den kunnskapsrike guiden vil trygt lede deg gjennom det fascinerende breterrenget.<\/p>\n\n\n\n<p>Mens du klatrer oppover, kan du nyte utsikten over isbreen og det vakre fjordlandskapet. Etter en stund tar vi en velfortjent lunsjpause, med panoramautsikt mot Nordsj\u00f8en, Rosendalsalpene og Folgefonna nasjonalpark.<\/p>\n\n\n\n<p>Gjennom hele turen vil breguiden dele innsikt om lokal kultur, geografi og klima. P\u00e5 ettermiddagen g\u00e5r turen tilbake til Fonna Glacier Ski Resort.&nbsp;<\/p>\n\n\n\n<p><strong>Inkludert i prisen:<\/strong><\/p>\n\n\n\n<ul class=\"wp-block-list\">\n<li>Brevandringsutstyr:\n<ul class=\"wp-block-list\">\n<li>Stegjern<\/li>\n\n\n\n<li>Is\u00f8ks<\/li>\n\n\n\n<li>Klatresele<\/li>\n\n\n\n<li>Hjelm<\/li>\n\n\n\n<li>Tau<\/li>\n\n\n\n<li>Fjellsko (st\u00f8rrelse EUR 33\u201348)<\/li>\n<\/ul>\n<\/li>\n<\/ul>\n\n\n\n<p><strong>Ta med deg:<\/strong><\/p>\n\n\n\n<ul class=\"wp-block-list\">\n<li>Varme, vind- og vanntette kl\u00e6r<\/li>\n\n\n\n<li>Egne varme fjellst\u00f8vler (hvis du har)<\/li>\n\n\n\n<li>Mat og drikke<\/li>\n\n\n\n<li>Solbriller og solkrem<\/li>\n\n\n\n<li>Ryggsekk med ekstra plass til utstyr<\/li>\n<\/ul>\n","protected":false},"excerpt":{"rendered":"<p>Nyt den spektakul\u00e6re utsikten over Hardangers mektige landskap p\u00e5 dette spennende brevandringseventyret p\u00e5 Folgefonna!<\/p>\n","protected":false},"featured_media":856,"parent":0,"template":"","tags":[],"activity-categories":[42],"location":[34],"class_list":["post-1127","product","type-product","status-publish","has-post-thumbnail","hentry","activity-categories-opplevelsesferie","location-jondal"],"acf":[],"_links":{"self":[{"href":"https:\/\/www.bookhardanger.com\/no\/wp-json\/wp\/v2\/product\/1127","targetHints":{"allow":["GET"]}}],"collection":[{"href":"https:\/\/www.bookhardanger.com\/no\/wp-json\/wp\/v2\/product"}],"about":[{"href":"https:\/\/www.bookhardanger.com\/no\/wp-json\/wp\/v2\/types\/product"}],"wp:featuredmedia":[{"embeddable":true,"href":"https:\/\/www.bookhardanger.com\/no\/wp-json\/wp\/v2\/media\/856"}],"wp:attachment":[{"href":"https:\/\/www.bookhardanger.com\/no\/wp-json\/wp\/v2\/media?parent=1127"}],"wp:term":[{"taxonomy":"post_tag","embeddable":true,"href":"https:\/\/www.bookhardanger.com\/no\/wp-json\/wp\/v2\/tags?post=1127"},{"taxonomy":"activity-categories","embeddable":true,"href":"https:\/\/www.bookhardanger.com\/no\/wp-json\/wp\/v2\/activity-categories?post=1127"},{"taxonomy":"location","embeddable":true,"href":"https:\/\/www.bookhardanger.com\/no\/wp-json\/wp\/v2\/location?post=1127"}],"curies":[{"name":"wp","href":"https:\/\/api.w.org\/{rel}","templated":true}]}}