{"id":1129,"date":"2025-02-24T12:41:01","date_gmt":"2025-02-24T12:41:01","guid":{"rendered":"https:\/\/www.bookhardanger.com\/products\/panoramisk-sjoflytur-fra-eidfjord\/"},"modified":"2025-03-07T22:13:07","modified_gmt":"2025-03-07T22:13:07","slug":"sjoflytur-fra-eidfjord","status":"publish","type":"product","link":"https:\/\/www.bookhardanger.com\/no\/produkter\/sjoflytur-fra-eidfjord\/","title":{"rendered":"Sj\u00f8flytur fra Eidfjord"},"content":{"rendered":"\n<p>Sj\u00f8flyet tar av direkte fra kaia i Eidfjord og tar deg med p\u00e5 en spektakul\u00e6r reise gjennom noen av Hardangers mest dramatiske landskap. Etter hvert som flyet stiger, \u00e5pner fjorden seg under deg, omgitt av stupbratte fjell og svingete kystlinjer.<\/p>\n\n\n\n<p>En h\u00f8yresving f\u00f8rer deg inn i Osafjorden, en smal fjordarm der loddrette klipper stiger rett opp fra vannet. N\u00e5r flyet n\u00e5r 1 700 meters h\u00f8yde, f\u00e5r du en imponerende utsikt over en mektig foss i nesten fritt fall.<\/p>\n\n\n\n<p>Deretter g\u00e5r turen videre mot Hardangerj\u00f8kulen, en av Norges st\u00f8rste isbreer. Her kan du se dype bresprekker skj\u00e6re gjennom isen, der turkisfargen skiller seg vakkert ut mot den hvite sn\u00f8en.<\/p>\n\n\n\n<p>N\u00e5r flyet begynner nedstigningen inn i Simadalen, skifter landskapet nok en gang. Fossefall kaster seg ned fjellsidene, og sm\u00e5, avsidesliggende fjellg\u00e5rder dukker opp mellom toppene. Turen avsluttes der den startet, idet sj\u00f8flyet glir tilbake ned p\u00e5 det rolige vannet i Eidfjord.<\/p>\n\n\n\n<figure class=\"wp-block-gallery has-nested-images columns-2 is-cropped wp-block-gallery-1 is-layout-flex wp-block-gallery-is-layout-flex\">\n<figure class=\"wp-block-image size-large\"><img loading=\"lazy\" decoding=\"async\" width=\"1024\" height=\"576\" data-id=\"486\" src=\"https:\/\/www.bookhardanger.com\/wp-content\/uploads\/2025\/02\/01_Scandinavian_Skies_Seaplane-Hardanger_04-1024x576.jpg\" alt=\"\" class=\"wp-image-486\" srcset=\"https:\/\/www.bookhardanger.com\/wp-content\/uploads\/2025\/02\/01_Scandinavian_Skies_Seaplane-Hardanger_04-1024x576.jpg 1024w, https:\/\/www.bookhardanger.com\/wp-content\/uploads\/2025\/02\/01_Scandinavian_Skies_Seaplane-Hardanger_04-300x169.jpg 300w, https:\/\/www.bookhardanger.com\/wp-content\/uploads\/2025\/02\/01_Scandinavian_Skies_Seaplane-Hardanger_04-768x432.jpg 768w, https:\/\/www.bookhardanger.com\/wp-content\/uploads\/2025\/02\/01_Scandinavian_Skies_Seaplane-Hardanger_04-1536x864.jpg 1536w, https:\/\/www.bookhardanger.com\/wp-content\/uploads\/2025\/02\/01_Scandinavian_Skies_Seaplane-Hardanger_04.jpg 2048w\" sizes=\"auto, (max-width: 1024px) 100vw, 1024px\" \/><\/figure>\n\n\n\n<figure class=\"wp-block-image size-large\"><img loading=\"lazy\" decoding=\"async\" width=\"1024\" height=\"576\" data-id=\"484\" src=\"https:\/\/www.bookhardanger.com\/wp-content\/uploads\/2025\/02\/01_Scandinavian_Skies_Seaplane-Hardanger_Felix-Horn-2-1024x576.jpg\" alt=\"\" class=\"wp-image-484\" srcset=\"https:\/\/www.bookhardanger.com\/wp-content\/uploads\/2025\/02\/01_Scandinavian_Skies_Seaplane-Hardanger_Felix-Horn-2-1024x576.jpg 1024w, https:\/\/www.bookhardanger.com\/wp-content\/uploads\/2025\/02\/01_Scandinavian_Skies_Seaplane-Hardanger_Felix-Horn-2-300x169.jpg 300w, https:\/\/www.bookhardanger.com\/wp-content\/uploads\/2025\/02\/01_Scandinavian_Skies_Seaplane-Hardanger_Felix-Horn-2-768x432.jpg 768w, https:\/\/www.bookhardanger.com\/wp-content\/uploads\/2025\/02\/01_Scandinavian_Skies_Seaplane-Hardanger_Felix-Horn-2-1536x864.jpg 1536w, https:\/\/www.bookhardanger.com\/wp-content\/uploads\/2025\/02\/01_Scandinavian_Skies_Seaplane-Hardanger_Felix-Horn-2.jpg 2048w\" sizes=\"auto, (max-width: 1024px) 100vw, 1024px\" \/><\/figure>\n\n\n\n<figure class=\"wp-block-image size-large\"><img loading=\"lazy\" decoding=\"async\" width=\"1024\" height=\"576\" data-id=\"483\" src=\"https:\/\/www.bookhardanger.com\/wp-content\/uploads\/2025\/02\/01_Scandinavian_Skies_Seaplane-Hardanger_02-1024x576.jpg\" alt=\"\" class=\"wp-image-483\" srcset=\"https:\/\/www.bookhardanger.com\/wp-content\/uploads\/2025\/02\/01_Scandinavian_Skies_Seaplane-Hardanger_02-1024x576.jpg 1024w, https:\/\/www.bookhardanger.com\/wp-content\/uploads\/2025\/02\/01_Scandinavian_Skies_Seaplane-Hardanger_02-300x169.jpg 300w, https:\/\/www.bookhardanger.com\/wp-content\/uploads\/2025\/02\/01_Scandinavian_Skies_Seaplane-Hardanger_02-768x432.jpg 768w, https:\/\/www.bookhardanger.com\/wp-content\/uploads\/2025\/02\/01_Scandinavian_Skies_Seaplane-Hardanger_02-1536x864.jpg 1536w, https:\/\/www.bookhardanger.com\/wp-content\/uploads\/2025\/02\/01_Scandinavian_Skies_Seaplane-Hardanger_02.jpg 2048w\" sizes=\"auto, (max-width: 1024px) 100vw, 1024px\" \/><\/figure>\n\n\n\n<figure class=\"wp-block-image size-large\"><img loading=\"lazy\" decoding=\"async\" width=\"1024\" height=\"576\" data-id=\"482\" src=\"https:\/\/www.bookhardanger.com\/wp-content\/uploads\/2025\/02\/01_Scandinavian_Skies_Seaplane-Hardanger_01-1024x576.jpg\" alt=\"\" class=\"wp-image-482\" srcset=\"https:\/\/www.bookhardanger.com\/wp-content\/uploads\/2025\/02\/01_Scandinavian_Skies_Seaplane-Hardanger_01-1024x576.jpg 1024w, https:\/\/www.bookhardanger.com\/wp-content\/uploads\/2025\/02\/01_Scandinavian_Skies_Seaplane-Hardanger_01-300x169.jpg 300w, https:\/\/www.bookhardanger.com\/wp-content\/uploads\/2025\/02\/01_Scandinavian_Skies_Seaplane-Hardanger_01-768x432.jpg 768w, https:\/\/www.bookhardanger.com\/wp-content\/uploads\/2025\/02\/01_Scandinavian_Skies_Seaplane-Hardanger_01-1536x864.jpg 1536w, https:\/\/www.bookhardanger.com\/wp-content\/uploads\/2025\/02\/01_Scandinavian_Skies_Seaplane-Hardanger_01.jpg 1920w\" sizes=\"auto, (max-width: 1024px) 100vw, 1024px\" \/><\/figure>\n<figcaption class=\"blocks-gallery-caption wp-element-caption\">\u00a9 Scandinavian Skies<\/figcaption><\/figure>\n\n\n\n<p><\/p>\n","protected":false},"excerpt":{"rendered":"<p>Se Hardangerfjorden fra et helt nytt perspektiv!<\/p>\n","protected":false},"featured_media":902,"parent":0,"template":"","tags":[],"activity-categories":[46],"location":[32],"class_list":["post-1129","product","type-product","status-publish","has-post-thumbnail","hentry","activity-categories-sightseeingturer","location-eidfjord"],"acf":[],"_links":{"self":[{"href":"https:\/\/www.bookhardanger.com\/no\/wp-json\/wp\/v2\/product\/1129","targetHints":{"allow":["GET"]}}],"collection":[{"href":"https:\/\/www.bookhardanger.com\/no\/wp-json\/wp\/v2\/product"}],"about":[{"href":"https:\/\/www.bookhardanger.com\/no\/wp-json\/wp\/v2\/types\/product"}],"wp:featuredmedia":[{"embeddable":true,"href":"https:\/\/www.bookhardanger.com\/no\/wp-json\/wp\/v2\/media\/902"}],"wp:attachment":[{"href":"https:\/\/www.bookhardanger.com\/no\/wp-json\/wp\/v2\/media?parent=1129"}],"wp:term":[{"taxonomy":"post_tag","embeddable":true,"href":"https:\/\/www.bookhardanger.com\/no\/wp-json\/wp\/v2\/tags?post=1129"},{"taxonomy":"activity-categories","embeddable":true,"href":"https:\/\/www.bookhardanger.com\/no\/wp-json\/wp\/v2\/activity-categories?post=1129"},{"taxonomy":"location","embeddable":true,"href":"https:\/\/www.bookhardanger.com\/no\/wp-json\/wp\/v2\/location?post=1129"}],"curies":[{"name":"wp","href":"https:\/\/api.w.org\/{rel}","templated":true}]}}