{"id":1130,"date":"2025-02-14T14:42:38","date_gmt":"2025-02-14T14:42:38","guid":{"rendered":"https:\/\/www.bookhardanger.com\/products\/ravenheart-vikingutstilling\/"},"modified":"2026-03-23T07:00:28","modified_gmt":"2026-03-23T07:00:28","slug":"ravenheart-vikingutstilling","status":"publish","type":"product","link":"https:\/\/www.bookhardanger.com\/no\/produkter\/ravenheart-vikingutstilling\/","title":{"rendered":"Ravenheart Vikingutstilling"},"content":{"rendered":"\n<p>Velkommen til en spennende tidsreise p\u00e5 Ravenheart Vikingutstilling!<\/p>\n\n<p>Fra det \u00f8yeblikket du tr\u00e5r inn d\u00f8ren, blir du tatt med 1000 \u00e5r tilbake i tid. Historien vekkes til live gjennom en unik, sanselig opplevelse med en engasjerende guide.<\/p>\n\n<h2 class=\"wp-block-heading\">En interaktiv utstilling<\/h2>\n\n<p>Ravenheart er et museum der du f\u00e5r lov til \u00e5 ber\u00f8re og pr\u00f8ve gjenstandene i utstillingen, noe som gj\u00f8r det til en popul\u00e6r opplevelse for familier med barn.<\/p>\n\n<p>Se med egne \u00f8yne de vakre detaljene p\u00e5 gjenstander som en gang beriket vikingenes liv, og f\u00e5 et innblikk i hverdagen deres. H\u00f8r historiens ekko gjennom spennende fortellinger fra den kunnskapsrike guiden. Knytt b\u00e5nd til vikingene mens du kjenner p\u00e5 teksturer og h\u00e5ndverk som definerte denne fascinerende epoken.<\/p>\n\n<h2 class=\"wp-block-heading\">Eidfjord i vikingtiden<\/h2>\n\n<p>Mens du utforsker utstillingen, vil du ogs\u00e5 l\u00e6re om Eidfjords betydning i vikingtiden. Takket v\u00e6re sin beliggenhet mellom fjorden og det ressursrike Hardangervidda-plat\u00e5et, var omr\u00e5det et viktig knutepunkt. Her finner du faktisk Vestlandets st\u00f8rste gravfelt fra jernalderen!<\/p>\n\n<div style=\"height:25px\" aria-hidden=\"true\" class=\"wp-block-spacer\"><\/div>\n\n<h2 class=\"wp-block-heading\">Vanlige sp\u00f8rsm\u00e5l<\/h2>\n\n<h3 class=\"wp-block-heading\"><h3><strong>Hvor kan jeg kj\u00f8pe billetter?<\/strong><\/h3><\/h3>\n\n<p>Du kan enkelt kj\u00f8pe billetter direkte her p\u00e5 nettsiden. Du er ogs\u00e5 velkommen til \u00e5 kj\u00f8pe billetter i v\u00e5rt kundesenter inne p\u00e5 Eidfjord turistkontor.<\/p>\n\n<h3 class=\"wp-block-heading\"><h3><strong>Hvordan kommer jeg meg dit?<\/strong><\/h3><\/h3>\n\n<p>Ravenheart ligger rundt 8\u201310 minutters gange fra Eidfjord turistkontor. Se kartet til h\u00f8yre p\u00e5 siden for enkel veibeskrivelse.<br\/>Du kan komme med bil, eller ta buss fra Voss eller Bergen til Eidfjord.<\/p>\n\n<h3 class=\"wp-block-heading\"><h3><strong>Finnes det parkering?<\/strong><\/h3><\/h3>\n\n<p>Ja, det er gratis parkering rett utenfor utstillingen.<\/p>\n\n<h3 class=\"wp-block-heading\"><h3><strong>Passer omvisningen for rullestol?<\/strong><\/h3><\/h3>\n\n<p>Ja, omvisningen er tilrettelagt for manuelle rullestoler, og det finnes rampe ved inngangen. Det er dessverre ikke tilrettelagt for elektriske rullestoler.<\/p>\n\n<h3 class=\"wp-block-heading\"><h3><strong>Passer omvisningen for barn?<\/strong><\/h3><\/h3>\n\n<p>Dette er en opplevelse mange barn over 7 \u00e5r vil synes er spennende. Omvisningen anbefales ikke for familier med barn under 7 \u00e5r.<\/p>\n\n<h3 class=\"wp-block-heading\"><h3><strong>Har Ravenheart egen suvenirbutikk?<\/strong><\/h3><\/h3>\n\n<p>Nei, Ravenheart har dessverre ingen egen suvenirbutikk.<\/p>\n\n<h3 class=\"wp-block-heading\"><h3><strong>Kan jeg komme inn i museet n\u00e5r det passer meg?<\/strong><\/h3><\/h3>\n\n<p>Nei, vikingopplevelsen har faste tidspunkter for guidede omvisninger og er ikke \u00e5pent utenom disse. Dette er for \u00e5 sikre at alle bes\u00f8kende f\u00e5r mest mulig ut av opplevelsen.<\/p>\n\n<h3 class=\"wp-block-heading\"><h3><strong>Hva skjer hvis jeg kommer 10 minutter for sent til omvisningen?<\/strong><\/h3><\/h3>\n\n<p>Omvisningen starter presis til tidspunktet som st\u00e5r p\u00e5 billetten, og d\u00f8rene lukkes ved oppstart. Vi anbefaler derfor \u00e5 m\u00f8te opp minst 15 minutter f\u00f8r omvisningen begynner.<\/p>\n\n<h3 class=\"wp-block-heading\"><h3><strong>Hva gj\u00f8r jeg hvis jeg blir forsinket p\u00e5 grunn av trafikk?<\/strong><\/h3><\/h3>\n\n<p>Har du kj\u00f8pt billett via nettsiden v\u00e5r, kan du ta direkte kontakt med telefonnummeret som st\u00e5r i bookingbekreftelsen din.<\/p>\n","protected":false},"excerpt":{"rendered":"<p>L\u00e6r om Norges og Eidfjords spennende vikinghistorie p\u00e5 den familievennlige Ravenheart-utstillingen!<\/p>\n","protected":false},"featured_media":840,"parent":0,"template":"","tags":[],"activity-categories":[41],"location":[32],"class_list":["post-1130","product","type-product","status-publish","has-post-thumbnail","hentry","activity-categories-mat-og-kultur","location-eidfjord"],"acf":[],"_links":{"self":[{"href":"https:\/\/www.bookhardanger.com\/no\/wp-json\/wp\/v2\/product\/1130","targetHints":{"allow":["GET"]}}],"collection":[{"href":"https:\/\/www.bookhardanger.com\/no\/wp-json\/wp\/v2\/product"}],"about":[{"href":"https:\/\/www.bookhardanger.com\/no\/wp-json\/wp\/v2\/types\/product"}],"wp:featuredmedia":[{"embeddable":true,"href":"https:\/\/www.bookhardanger.com\/no\/wp-json\/wp\/v2\/media\/840"}],"wp:attachment":[{"href":"https:\/\/www.bookhardanger.com\/no\/wp-json\/wp\/v2\/media?parent=1130"}],"wp:term":[{"taxonomy":"post_tag","embeddable":true,"href":"https:\/\/www.bookhardanger.com\/no\/wp-json\/wp\/v2\/tags?post=1130"},{"taxonomy":"activity-categories","embeddable":true,"href":"https:\/\/www.bookhardanger.com\/no\/wp-json\/wp\/v2\/activity-categories?post=1130"},{"taxonomy":"location","embeddable":true,"href":"https:\/\/www.bookhardanger.com\/no\/wp-json\/wp\/v2\/location?post=1130"}],"curies":[{"name":"wp","href":"https:\/\/api.w.org\/{rel}","templated":true}]}}