{"id":1135,"date":"2025-02-28T10:51:43","date_gmt":"2025-02-28T10:51:43","guid":{"rendered":"https:\/\/www.bookhardanger.com\/products\/rib-safari-fra-jondal\/"},"modified":"2025-03-07T22:17:20","modified_gmt":"2025-03-07T22:17:20","slug":"rib-safari-fra-jondal","status":"publish","type":"product","link":"https:\/\/www.bookhardanger.com\/no\/produkter\/rib-safari-fra-jondal\/","title":{"rendered":"RIB Safari fra Jondal\u00a0"},"content":{"rendered":"\n<p>Ta med familie, venner eller kollegaer p\u00e5 denne opplevelsesrike RIB-turen fra Jondal til Fyksesundet.&nbsp;&nbsp;<\/p>\n\n\n\n<p>Underveis f\u00e5r du sett det historiske handelsstedet p\u00e5 Herand p\u00e5 n\u00e6rt hold, krysset Hardangerfjorden og h\u00f8rt mange interessante historier fra omr\u00e5det.&nbsp;&nbsp;<\/p>\n\n\n\n<p>Fyksesundet er den eneste delen av Hardangefjorden uten tilknytning til bilvei. Det er ogs\u00e5 den smaleste delen av fjorden og p\u00e5 begge sider er det bratte fjellsider med utallige sm\u00e5 og store fossefall. Innerst i fjordarmen ligger Botnen. En i dag fraflyttet grend, men med en rik kulturarv etter lange historiske r\u00f8tter.&nbsp;<\/p>\n\n\n\n<p><strong>Inkludert i prisen:\u00a0<\/strong><\/p>\n\n\n\n<ul class=\"wp-block-list\">\n<li>Redningsvest&nbsp;<\/li>\n\n\n\n<li>Flytedrakt&nbsp;<\/li>\n\n\n\n<li>Goggles\/briller&nbsp;<\/li>\n\n\n\n<li>Hansker&nbsp;<\/li>\n\n\n\n<li>Guiding&nbsp;<\/li>\n<\/ul>\n\n\n\n<p><strong>Hva b\u00f8r du ta med:\u00a0<\/strong><\/p>\n\n\n\n<ul class=\"wp-block-list\">\n<li><a href=\"https:\/\/irp.cdn-website.com\/5891e755\/files\/uploaded\/Bekledning%20RIB_norsk.pdf\" target=\"_blank\" rel=\"noreferrer noopener\">Klikk her for \u00e5 se hvordan du b\u00f8r kle deg etter v\u00e6ret&nbsp;<\/a><\/li>\n<\/ul>\n","protected":false},"excerpt":{"rendered":"<p>Bestill en spennende RIB-tur i vakkert fjordlandskap.  <\/p>\n","protected":false},"featured_media":813,"parent":0,"template":"","tags":[],"activity-categories":[45],"location":[34],"class_list":["post-1135","product","type-product","status-publish","has-post-thumbnail","hentry","activity-categories-private-turer","location-jondal"],"acf":[],"_links":{"self":[{"href":"https:\/\/www.bookhardanger.com\/no\/wp-json\/wp\/v2\/product\/1135","targetHints":{"allow":["GET"]}}],"collection":[{"href":"https:\/\/www.bookhardanger.com\/no\/wp-json\/wp\/v2\/product"}],"about":[{"href":"https:\/\/www.bookhardanger.com\/no\/wp-json\/wp\/v2\/types\/product"}],"wp:featuredmedia":[{"embeddable":true,"href":"https:\/\/www.bookhardanger.com\/no\/wp-json\/wp\/v2\/media\/813"}],"wp:attachment":[{"href":"https:\/\/www.bookhardanger.com\/no\/wp-json\/wp\/v2\/media?parent=1135"}],"wp:term":[{"taxonomy":"post_tag","embeddable":true,"href":"https:\/\/www.bookhardanger.com\/no\/wp-json\/wp\/v2\/tags?post=1135"},{"taxonomy":"activity-categories","embeddable":true,"href":"https:\/\/www.bookhardanger.com\/no\/wp-json\/wp\/v2\/activity-categories?post=1135"},{"taxonomy":"location","embeddable":true,"href":"https:\/\/www.bookhardanger.com\/no\/wp-json\/wp\/v2\/location?post=1135"}],"curies":[{"name":"wp","href":"https:\/\/api.w.org\/{rel}","templated":true}]}}