{"id":1139,"date":"2025-02-14T11:52:13","date_gmt":"2025-02-14T11:52:13","guid":{"rendered":"https:\/\/www.bookhardanger.com\/products\/liten-gruppetur-til-hardangervidda\/"},"modified":"2026-03-30T16:20:00","modified_gmt":"2026-03-30T16:20:00","slug":"liten-gruppetur-til-hardangervidda","status":"publish","type":"product","link":"https:\/\/www.bookhardanger.com\/no\/produkter\/liten-gruppetur-til-hardangervidda\/","title":{"rendered":"Liten gruppetur til Hardangervidda"},"content":{"rendered":"\n<p>Riksvei 7 er en av <strong>Norges Nasjonale turistveger<\/strong> og krysser <strong>Hardangervidda<\/strong>, Europas st\u00f8rste h\u00f8yfjellsplat\u00e5, mellom Vestlandet og \u00d8stlandet.<\/p>\n\n<p>Hardangervidda er kjent for et r\u00f8ft og trel\u00f8st terreng, ispedd blinkende tjern, innsj\u00f8er, elver og bekker \u2013 en fantastisk opplevelse for naturelskere og friluftsentusiaster.<\/p>\n\n<p>P\u00e5 denne sm\u00e5gruppe turen reiser du opp til Dyranut Fjellstove, en skjult perle 1 245 meter over havet. Her kan du g\u00e5 opp p\u00e5 en liten h\u00f8yde i n\u00e6rheten og f\u00e5 en fantastisk 360-graders utsikt over det \u00e5pne h\u00f8yfjellslandskapet.<\/p>\n\n<p>Hvis Dyranut Fjellstove er \u00e5pen, kan du ogs\u00e5 nyte noe \u00e5 spise eller drikke f\u00f8r turen g\u00e5r tilbake til Eidfjord.<\/p>\n\n<h3 class=\"wp-block-heading\">Tilgjengelige datoer p\u00e5 foresp\u00f8rsel<\/h3>\n\n<p>Denne sm\u00e5gruppeturen er tilgjengelig p\u00e5 foresp\u00f8rsel p\u00e5 f\u00f8lgende datoer:<\/p>\n\n<p><strong data-start=\"816\" data-end=\"826\">April:<\/strong> 6, 7, 11, 13, 16, 23, 25, 27, 28, 29<br data-start=\"863\" data-end=\"866\"\/><strong data-start=\"866\" data-end=\"874\">Mai:<\/strong> 3, 5, 6, 14, 15, 21, 22, 23, 26, 28, 30, 31<br data-start=\"918\" data-end=\"921\"\/><strong data-start=\"921\" data-end=\"930\">Juni:<\/strong> 1, 2, 4, 11, 14, 15, 17, 19, 20, 22, 23, 29<br data-start=\"974\" data-end=\"977\"\/><strong data-start=\"977\" data-end=\"986\">Juli:<\/strong> 1, 2, 3, 4, 5, 6, 7, 8, 9, 13, 14, 15, 19, 20, 21, 23, 27, 28<br data-start=\"1048\" data-end=\"1051\"\/><strong data-start=\"1051\" data-end=\"1062\">August:<\/strong> 2, 3, 6, 7, 11, 12, 13, 16, 17, 18, 20, 21, 24, 26, 28<br data-start=\"1117\" data-end=\"1120\"\/><strong data-start=\"1120\" data-end=\"1134\">September:<\/strong> 2, 9, 10, 16, 21, 27, 28, 29<br data-start=\"1163\" data-end=\"1166\"\/><strong data-start=\"1166\" data-end=\"1178\">Oktober:<\/strong> 1, 2, 6, 12, 15, 16, 26, 29<br data-start=\"1206\" data-end=\"1209\"\/><strong data-start=\"1209\" data-end=\"1222\">November:<\/strong> 2<\/p>\n\n<p>Send oss gjerne en e-post til <strong data-start=\"1258\" data-end=\"1291\"><a class=\"decorated-link cursor-pointer\" href=\"mailto:reservation@bookhardanger.com\" rel=\"noopener\" data-start=\"1260\" data-end=\"1289\">reservation@bookhardanger.com<\/a><\/strong> for \u00e5 sjekke tilgjengelighet.<\/p>\n\n<div style=\"height:21px\" aria-hidden=\"true\" class=\"wp-block-spacer\"><\/div>\r\n\n<h2 class=\"wp-block-heading\">Vanlige sp\u00f8rsm\u00e5l<\/h2>\n\n<h3 class=\"wp-block-heading\"><strong>Vil jeg f\u00e5 oppleve Hardangervidda nasjonalpark p\u00e5 denne turen?<\/strong><\/h3>\n\n<p>Selv om turen ikke g\u00e5r direkte inn i selve nasjonalparken, vil du likevel oppleve det spektakul\u00e6re landskapet som Hardangervidda er kjent for.<\/p>\n\n<p>Hardangervidda nasjonalpark dekker et stort omr\u00e5de p\u00e5 rundt 3 422 km\u00b2, og bare en mindre del ligger langs Riksvei 7, der denne sm\u00e5gruppeturen g\u00e5r.<\/p>\n\n<h3 class=\"wp-block-heading\"><strong>Inkluderer turen et stopp ved V\u00f8ringsfossen?<\/strong><\/h3>\n\n<p>Denne turen inkluderer ikke et stopp ved V\u00f8ringsfossen. Du vil imidlertid kj\u00f8re forbi omr\u00e5det og f\u00e5 et glimt av det imponerende juvet som leder opp til fossen.<\/p>\n\n<p>Hvis du \u00f8nsker \u00e5 bes\u00f8ke V\u00f8ringsfossen, kan du enten bestille en <a href=\"https:\/\/www.bookhardanger.com\/no\/produkter\/liten-gruppetur-til-voringsfossen\/\">sm\u00e5gruppetur til V\u00f8ringsfossen<\/a> eller bli med p\u00e5 en av <a href=\"https:\/\/www.bookhardanger.com\/no\/produkter\/sightseeingtur-til-voringsfossen\/\">bussavgangene.<\/a><\/p>\n\n<h3 class=\"wp-block-heading\"><strong>Passer turen for barnevogn eller rullestol?<\/strong><\/h3>\n\n<p>G\u00e5turen opp p\u00e5 den lille h\u00f8yden er dessverre ikke egnet for barnevogn eller rullestol. Veien og omr\u00e5det rundt Dyranut Fjellstove er derimot relativt flatt og tilgjengelig.<\/p>\n\n<p>Gi oss gjerne beskjed p\u00e5 forh\u00e5nd dersom du trenger et rullestoltilpasset kj\u00f8ret\u00f8y, slik at vi kan bestille riktig taxi.<\/p>\n\n<p>Informer oss ogs\u00e5 dersom du reiser med sm\u00e5 barn, slik at vi kan s\u00f8rge for barneseter.<\/p>\n\n<h3 class=\"wp-block-heading\"><strong>N\u00e5r er den beste tiden \u00e5 bes\u00f8ke?<\/strong><\/h3>\n\n<p>Den Nasjonale turistveien kan oppleves hele \u00e5ret. Likevel er v\u00e5r, sommer og h\u00f8st (mai\u2013oktober) som regel den beste perioden.<\/p>\n\n<h3 class=\"wp-block-heading\"><strong>Hva b\u00f8r jeg ha p\u00e5 meg?<\/strong><\/h3>\n\n<p>Dyranut og fjellplat\u00e5et ligger 1 245 meter over havet, og v\u00e6ret kan skifte raskt. Ta derfor med varme og vanntette kl\u00e6r.<\/p>\n\n<p>Hvis du planlegger \u00e5 ta den korte turen opp p\u00e5 h\u00f8yden, anbefaler vi ogs\u00e5 gode sko med solid grep, selv om sommeren, siden v\u00e6rforholdene i fjellet kan endre seg raskt.<\/p>\n\n<h3 class=\"wp-block-heading\"><strong>Hvor m\u00f8ter jeg taxien?<\/strong><\/h3>\n\n<p>Taxien venter ved Eidfjord turistkontor, i n\u00e6rheten av midtrabatten mellom Coop og V\u00f8ringfoss Hotel.<\/p>\n","protected":false},"excerpt":{"rendered":"<p>Utforsk Europas st\u00f8rste h\u00f8yfjellsplat\u00e5 langs en av Norges Nasjonale turistveger<\/p>\n","protected":false},"featured_media":839,"parent":0,"template":"","tags":[],"activity-categories":[46],"location":[32],"class_list":["post-1139","product","type-product","status-publish","has-post-thumbnail","hentry","activity-categories-sightseeingturer","location-eidfjord"],"acf":[],"_links":{"self":[{"href":"https:\/\/www.bookhardanger.com\/no\/wp-json\/wp\/v2\/product\/1139","targetHints":{"allow":["GET"]}}],"collection":[{"href":"https:\/\/www.bookhardanger.com\/no\/wp-json\/wp\/v2\/product"}],"about":[{"href":"https:\/\/www.bookhardanger.com\/no\/wp-json\/wp\/v2\/types\/product"}],"wp:featuredmedia":[{"embeddable":true,"href":"https:\/\/www.bookhardanger.com\/no\/wp-json\/wp\/v2\/media\/839"}],"wp:attachment":[{"href":"https:\/\/www.bookhardanger.com\/no\/wp-json\/wp\/v2\/media?parent=1139"}],"wp:term":[{"taxonomy":"post_tag","embeddable":true,"href":"https:\/\/www.bookhardanger.com\/no\/wp-json\/wp\/v2\/tags?post=1139"},{"taxonomy":"activity-categories","embeddable":true,"href":"https:\/\/www.bookhardanger.com\/no\/wp-json\/wp\/v2\/activity-categories?post=1139"},{"taxonomy":"location","embeddable":true,"href":"https:\/\/www.bookhardanger.com\/no\/wp-json\/wp\/v2\/location?post=1139"}],"curies":[{"name":"wp","href":"https:\/\/api.w.org\/{rel}","templated":true}]}}