{"id":1143,"date":"2025-02-14T11:23:19","date_gmt":"2025-02-14T11:23:19","guid":{"rendered":"https:\/\/www.bookhardanger.com\/products\/liten-gruppetur-kjeasen-and-skytjefossen\/"},"modified":"2026-04-22T15:11:52","modified_gmt":"2026-04-22T15:11:52","slug":"liten-gruppetur-kjeasen-and-skytjefossen","status":"publish","type":"product","link":"https:\/\/www.bookhardanger.com\/no\/produkter\/liten-gruppetur-kjeasen-and-skytjefossen\/","title":{"rendered":"Liten gruppetur Kje\u00e5sen and Skytjefossen"},"content":{"rendered":"\n<p>Opplev unike Kje\u00e5sen og Skytjefossen p\u00e5 denne turen i liten gruppe! Kje\u00e5sen g\u00e5rd er en av Norges mest spektakul\u00e6rt beliggende g\u00e5rder, med en fantastisk utsikt over Hardangerfjorden.<\/p>\n\n<p>G\u00e5rden ligger p\u00e5 en klippe 600 meter rett over fjorden, og det mest utrolige er at folk bodde her uten veiforbindelse helt frem til 1974. Frem til da m\u00e5tte de g\u00e5 en krevende sti opp og ned fjellsiden for alt de trengte \u2013 inkludert skolegang.<\/p>\n\n<h2 class=\"wp-block-heading\">Kje\u00e5sen \u2013 en avsidesliggende fjellg\u00e5rd med en unik historie<\/h2>\n\n<p>Hvorfor valgte folk \u00e5 bosette seg s\u00e5 utilgjengelig? Svaret er de rike naturressursene \u2013 fruktbar jord, jakt og fiske gjorde det mulig \u00e5 leve her.<\/p>\n\n<p>Veien opp til g\u00e5rden ble bygget i forbindelse med utbyggingen av Simadal kraftverk p\u00e5 1970-tallet, men da hadde de fleste allerede valgt et enklere og mer moderne liv. \u00c9n kvinne ble boende her helt fram til for noen f\u00e5 \u00e5r siden. Om vinteren var veien opp stengt, og hun kunne v\u00e6re helt isolert i flere uker av gangen. Veien er fortsatt vinterstengt \u2013 men i dag er det ingen som bor der fast.<\/p>\n\n<h2 class=\"wp-block-heading\">Skytjefossen <\/h2>\n\n<p>Turen inkluderer ogs\u00e5 et stopp ved Skytjefossen, som har et imponerende fall p\u00e5 300 meter. Selv om fossen er regulert for kraftproduksjon, har den periodevis kraftig vannf\u00f8ring, noe som skaper et spektakul\u00e6rt syn for de heldige som f\u00e5r oppleve det.<\/p>\n\n<div style=\"height:31px\" aria-hidden=\"true\" class=\"wp-block-spacer\"><\/div>\n\n<h2 class=\"wp-block-heading\">Vanlige sp\u00f8rsm\u00e5l<\/h2>\n\n<h3 class=\"wp-block-heading\"><h3 class=\"wp-block-heading\"><strong>Hvor kan jeg kj\u00f8pe billetter?<\/strong><\/h3><\/h3>\n\n<p>Dette produktet er kun tilgjengelig p\u00e5 foresp\u00f8rsel, og er dessverre ikke tilgjengelig for online booking p\u00e5 nettsiden v\u00e5r. Vennligst send oss en bookingsforesp\u00f8rspel: <a href=\"mailto:reservation@bookhardanger.com\">reservation@bookhardanger.com<\/a><\/p>\n\n<p>Denne sm\u00e5gruppeturen er tilgjengelig p\u00e5 foresp\u00f8rsel p\u00e5 f\u00f8lgende datoer:<br\/><strong data-start=\"816\" data-end=\"826\">April:<\/strong> 6, 7, 11, 13, 16, 23, 25, 27, 28, 29<br data-start=\"863\" data-end=\"866\"\/><strong data-start=\"866\" data-end=\"874\">Mai:<\/strong> 3, 5, 6, 14, 15, 21, 22, 23, 26, 28, 30, 31<br data-start=\"918\" data-end=\"921\"\/><strong data-start=\"921\" data-end=\"930\">Juni:<\/strong> 1, 2, 4, 11, 14, 15, 17, 19, 20, 22, 23, 29<br data-start=\"974\" data-end=\"977\"\/><strong data-start=\"977\" data-end=\"986\">Juli:<\/strong> 1, 2, 3, 4, 5, 6, 7, 8, 9, 13, 14, 15, 19, 20, 21, 23, 27, 28<br data-start=\"1048\" data-end=\"1051\"\/><strong data-start=\"1051\" data-end=\"1062\">August:<\/strong> 2, 3, 6, 7, 11, 12, 13, 16, 17, 18, 20, 21, 24, 26, 28<br data-start=\"1117\" data-end=\"1120\"\/><strong data-start=\"1120\" data-end=\"1134\">September:<\/strong> 2, 9, 10, 16, 21, 27, 28, 29<br data-start=\"1163\" data-end=\"1166\"\/><strong data-start=\"1166\" data-end=\"1178\">Oktober:<\/strong> 1, 2, 6, 12, 15, 16, 26, 29<br data-start=\"1206\" data-end=\"1209\"\/><strong data-start=\"1209\" data-end=\"1222\">November:<\/strong> 2<br\/><br\/>Hvis det fortsatt er ledige plasser, kan du ogs\u00e5 kj\u00f8pe billett hos Eidfjord turistkontor.<br\/>Book Hardanger er et lokalt non-profit-selskap som jobber for lokal verdiskaping og et mer b\u00e6rekraftig lokalsamfunn.<\/p>\n\n<h3 class=\"wp-block-heading\"><h3 class=\"wp-block-heading\"><strong>Passer turen for barnevogn eller rullestol?<\/strong><\/h3><\/h3>\n\n<p>Kje\u00e5sen er dessverre ikke spesielt godt tilrettelagt for barnevogn eller rullestol. Terrenget er bratt, og stien fra parkeringsplassen er smal. Resten av turen innover Simadalen kan gjennomf\u00f8res med rullestol.<\/p>\n\n<p>Gi oss beskjed dersom du \u00f8nsker en sm\u00e5gruppetur\u00a0 med plass til rullestol \u2013 da reserverer vi riktig bil p\u00e5 forh\u00e5nd.<br\/>Si ogs\u00e5 ifra om dere har sm\u00e5 barn, s\u00e5 s\u00f8rger vi for barneseter.<\/p>\n\n<h3 class=\"wp-block-heading\"><h3 class=\"wp-block-heading\"><strong>N\u00e5r er den beste tiden \u00e5 bes\u00f8ke Kje\u00e5sen?<\/strong><\/h3><\/h3>\n\n<p>V\u00e5r, sommer og h\u00f8st (mai\u2013oktober) er den beste tiden \u00e5 bes\u00f8ke Kje\u00e5sen og nyte den spektakul\u00e6re utsikten. Om vinteren er veien opp stengt.<\/p>\n\n<h3 class=\"wp-block-heading\"><h3 class=\"wp-block-heading\"><strong>Hva f\u00e5r du oppleve p\u00e5 turen?<\/strong><\/h3><\/h3>\n\n<p>For \u00e5 komme til Kje\u00e5sen kj\u00f8rer taxien langs Simadalsfjorden og videre innover den vakre Simadalen. Veien opp til g\u00e5rden er smal, og den siste delen g\u00e5r gjennom en 2,5 kilometer lang tunnel.<\/p>\n\n<p>Som en del av sm\u00e5gruppeturen f\u00e5r du ogs\u00e5 oppleve hele Simadalen. Ved endepunktet kan du skimte Skytjefossen, som stuper ned fra fjellsidene..<\/p>\n\n<h3 class=\"wp-block-heading\"><h3 class=\"wp-block-heading\"><strong>Hvordan b\u00f8r jeg kle meg?<\/strong><\/h3><\/h3>\n\n<p>Kje\u00e5sen ligger 600 meter over Simadalsfjorden. Ta med varme, vindtette og vanntette kl\u00e6r, og bruk gode sko med solid grep \u2013 ogs\u00e5 om sommeren dersom v\u00e6ret tilsier det.<\/p>\n\n<h3 class=\"wp-block-heading\"><h3 class=\"wp-block-heading\"><strong>Hvor finner jeg bilen?<\/strong><\/h3><\/h3>\n\n<p>Taxien st\u00e5r i n\u00e6rheten av Eidfjord turistkontor. Du finner den ved midtrabatten mellom Coop og V\u00f8ringfoss Hotel.<\/p>\n\n<p><\/p>\n","protected":false},"excerpt":{"rendered":"<p>Bes\u00f8k Kje\u00e5sen fjellg\u00e5rd og Skytjefossen med en liten gruppe.<\/p>\n","protected":false},"featured_media":838,"parent":0,"template":"","tags":[],"activity-categories":[46],"location":[32],"class_list":["post-1143","product","type-product","status-publish","has-post-thumbnail","hentry","activity-categories-sightseeingturer","location-eidfjord"],"acf":[],"_links":{"self":[{"href":"https:\/\/www.bookhardanger.com\/no\/wp-json\/wp\/v2\/product\/1143","targetHints":{"allow":["GET"]}}],"collection":[{"href":"https:\/\/www.bookhardanger.com\/no\/wp-json\/wp\/v2\/product"}],"about":[{"href":"https:\/\/www.bookhardanger.com\/no\/wp-json\/wp\/v2\/types\/product"}],"wp:featuredmedia":[{"embeddable":true,"href":"https:\/\/www.bookhardanger.com\/no\/wp-json\/wp\/v2\/media\/838"}],"wp:attachment":[{"href":"https:\/\/www.bookhardanger.com\/no\/wp-json\/wp\/v2\/media?parent=1143"}],"wp:term":[{"taxonomy":"post_tag","embeddable":true,"href":"https:\/\/www.bookhardanger.com\/no\/wp-json\/wp\/v2\/tags?post=1143"},{"taxonomy":"activity-categories","embeddable":true,"href":"https:\/\/www.bookhardanger.com\/no\/wp-json\/wp\/v2\/activity-categories?post=1143"},{"taxonomy":"location","embeddable":true,"href":"https:\/\/www.bookhardanger.com\/no\/wp-json\/wp\/v2\/location?post=1143"}],"curies":[{"name":"wp","href":"https:\/\/api.w.org\/{rel}","templated":true}]}}