{"id":1152,"date":"2025-02-13T11:23:03","date_gmt":"2025-02-13T11:23:03","guid":{"rendered":"https:\/\/www.bookhardanger.com\/products\/trugetur-fra-oystese\/"},"modified":"2025-03-07T22:31:03","modified_gmt":"2025-03-07T22:31:03","slug":"trugetur-fra-oystese","status":"publish","type":"product","link":"https:\/\/www.bookhardanger.com\/no\/produkter\/trugetur-fra-oystese\/","title":{"rendered":"Trugetur fra \u00d8ystese"},"content":{"rendered":"\n<p>Opplev vintermagien i Hardanger med dyktige guider som tar deg med enten inn i den sn\u00f8rike skogen eller til utsiktspunkt mot fjell og fjord. Her f\u00e5r du virkelig kjenne p\u00e5 roen og stillheten man finner her p\u00e5 denne tiden av \u00e5ret.&nbsp;&nbsp;<\/p>\n\n\n\n<p>Trugetur er en aktivitet som passer de fleste. P\u00e5 truger trenger du verken \u00e5 v\u00e6re i s\u00e6rlig god form eller \u00e5 ha god balanse. Trugene gj\u00f8r at du g\u00e5r lett opp\u00e5 sn\u00f8en og har godt feste dersom det er isete og hardt f\u00f8re.&nbsp;&nbsp;<\/p>\n\n\n\n<p>For at du skal f\u00e5 den beste opplevingen, tilbyr vi bare skreddersydde, private turer. Turen vil derfor bli tilpasset din gruppe sine \u00f8nsker, behov og fysiske form.&nbsp;<\/p>\n\n\n\n<p><strong>Inkludert i prisen:\u00a0\u00a0<\/strong><\/p>\n\n\n\n<ul class=\"wp-block-list\">\n<li>Truger&nbsp;<\/li>\n\n\n\n<li>Staver&nbsp;<\/li>\n\n\n\n<li>Snacks<\/li>\n\n\n\n<li>Kaffe eller varm sjokolade&nbsp;<\/li>\n<\/ul>\n\n\n\n<p><strong>Hva b\u00f8r du ta med:\u00a0\u00a0<\/strong><\/p>\n\n\n\n<ul class=\"wp-block-list\">\n<li>Vanntett bekledning<\/li>\n\n\n\n<li>Ullundert\u00f8y&nbsp;<\/li>\n\n\n\n<li>Mellomlag i ull eller fleece&nbsp;<\/li>\n\n\n\n<li>Vintersko&nbsp;<\/li>\n\n\n\n<li>Varme sokker, gjerne i ull&nbsp;<\/li>\n\n\n\n<li>Lue, hansker eller votter&nbsp;<\/li>\n\n\n\n<li>0,5-1 liter vann&nbsp;&nbsp;<\/li>\n\n\n\n<li>Litt mat&nbsp;<\/li>\n\n\n\n<li>Solkrem og solbriller p\u00e5 solfylte dager&nbsp;<\/li>\n\n\n\n<li>10-20 liter ryggsekk&nbsp;<\/li>\n<\/ul>\n","protected":false},"excerpt":{"rendered":"<p>Bli med p\u00e5 en guidet trugetur i fjellene over Hardangerfjorden <\/p>\n","protected":false},"featured_media":769,"parent":0,"template":"","tags":[],"activity-categories":[45],"location":[39],"class_list":["post-1152","product","type-product","status-publish","has-post-thumbnail","hentry","activity-categories-private-turer","location-oystese-norheimsund"],"acf":[],"_links":{"self":[{"href":"https:\/\/www.bookhardanger.com\/no\/wp-json\/wp\/v2\/product\/1152","targetHints":{"allow":["GET"]}}],"collection":[{"href":"https:\/\/www.bookhardanger.com\/no\/wp-json\/wp\/v2\/product"}],"about":[{"href":"https:\/\/www.bookhardanger.com\/no\/wp-json\/wp\/v2\/types\/product"}],"wp:featuredmedia":[{"embeddable":true,"href":"https:\/\/www.bookhardanger.com\/no\/wp-json\/wp\/v2\/media\/769"}],"wp:attachment":[{"href":"https:\/\/www.bookhardanger.com\/no\/wp-json\/wp\/v2\/media?parent=1152"}],"wp:term":[{"taxonomy":"post_tag","embeddable":true,"href":"https:\/\/www.bookhardanger.com\/no\/wp-json\/wp\/v2\/tags?post=1152"},{"taxonomy":"activity-categories","embeddable":true,"href":"https:\/\/www.bookhardanger.com\/no\/wp-json\/wp\/v2\/activity-categories?post=1152"},{"taxonomy":"location","embeddable":true,"href":"https:\/\/www.bookhardanger.com\/no\/wp-json\/wp\/v2\/location?post=1152"}],"curies":[{"name":"wp","href":"https:\/\/api.w.org\/{rel}","templated":true}]}}