{"id":1157,"date":"2025-06-04T08:36:21","date_gmt":"2025-06-04T08:36:21","guid":{"rendered":"https:\/\/www.bookhardanger.com\/products\/tur-til-voringsfossen\/"},"modified":"2026-04-10T19:22:02","modified_gmt":"2026-04-10T19:22:02","slug":"sightseeingtur-til-voringsfossen","status":"publish","type":"product","link":"https:\/\/www.bookhardanger.com\/no\/produkter\/sightseeingtur-til-voringsfossen\/","title":{"rendered":"Sightseeingtur til V\u00f8ringsfossen"},"content":{"rendered":"\n<p>V\u00f8ringsfossen er et av h\u00f8ydepunktene du bare m\u00e5 f\u00e5 med deg n\u00e5r du er i Eidfjord! Det spektakul\u00e6re fossefallet ligger helt p\u00e5 kanten av Hardangervidda nasjonalpark, bare rundt 20 minutters kj\u00f8retur opp fra fjorden.<\/p>\n\n\n\n<h4 class=\"wp-block-heading\">V\u00f8ringsfossen i April<\/h4>\n\n\n\n<p><em>V\u00f8ringsfossen ligger p\u00e5 700 meter over havet, v\u00e6r obs p\u00e5 at det fortsatt kan v\u00e6re sn\u00f8 og glatt i fjellet i april m\u00e5ned, ferdsel p\u00e5 eget ansvar. Kle deg etter forholdene med varme kl\u00e6r og solide sko.<\/em><\/p>\n\n\n\n<p>Du kan fint kj\u00f8re dit selv, men fortvil ikke om du ikke har bil \u2013 V\u00f8ringsfossen Waterfall Tours tar deg rett fra kaien i Eidfjord sentrum og opp til fossen med sightseeingbuss. Du f\u00e5r omtrent \u00e9n time der oppe til \u00e5 utforske det 182 meter h\u00f8ye fossefallet fra flere forskjellige vinkler \u2013 og det er virkelig et syn du ikke glemmer med det f\u00f8rste!<\/p>\n\n\n\n<ul class=\"wp-block-list\">\n<li>Tur hver dag i sesongen i en morderne, komfortabel buss fra Eidfjord til det fineste utsiktspunktet ved fossen, med ekstra avganger p\u00e5 dager med st\u00f8rre cruiseskip.<\/li>\n\n\n\n<li>Digital guide inkludert \u2013 l\u00e6r om natur, historie og lokal kultur langs ruten denne teksten kan du ogs\u00e5 lytte til med Audioguide (p\u00e5 15 spr\u00e5k).<\/li>\n\n\n\n<li>1 times stopp ved V\u00f8ringsfossen.<\/li>\n\n\n\n<li>Flere panoramautsiktspunkter for spektakul\u00e6re bilder av fossen og M\u00e5b\u00f8dalen.<\/li>\n\n\n\n<li>Vakker trappebro som er spennende \u00e5 klatre over \u2013 kryss juvet bak fossen.<\/li>\n\n\n\n<li>Stopp ved historiske Fossli Hotel (stengt for sesongen).<\/li>\n\n\n\n<li>Barnevennlig, trygge gangveier og trillevennlige stier ved hovedutsiktspunktet.<\/li>\n\n\n\n<li>Rullestoltilgjengelige omr\u00e5der (m\u00e5 kunne g\u00e5 om bord i bussen).<\/li>\n\n\n\n<li>Retur til Eidfjord inkludert \u2013 se etter &laquo;Book Hardanger&raquo;-skiltet.<\/li>\n<\/ul>\n\n\n\n<figure class=\"wp-block-image size-full\"><img loading=\"lazy\" decoding=\"async\" width=\"500\" height=\"40\" src=\"https:\/\/www.bookhardanger.com\/wp-content\/uploads\/2025\/06\/Flaggstripe.png\" alt=\"Audioguide spr\u00e5k: norsk, engelsk, tysk, nederlandsk, fransk, italiensk, spansk, portugisisk, polsk, ukrainsk, russisk, egypt-arabisk, hindu, mandarin, japansk.\" class=\"wp-image-2919\" srcset=\"https:\/\/www.bookhardanger.com\/wp-content\/uploads\/2025\/06\/Flaggstripe.png 500w, https:\/\/www.bookhardanger.com\/wp-content\/uploads\/2025\/06\/Flaggstripe-300x24.png 300w\" sizes=\"auto, (max-width: 500px) 100vw, 500px\" \/><\/figure>\n\n\n\n<p>Det finnes tilrettelagte gangveier og utsiktsplattformer p\u00e5 begge sider av fossen, og ei trappebru binder dem sammen. Den delen som er n\u00e6rmest busstoppet er ogs\u00e5 tilgjengelig for rullestol og barnevogn.<\/p>\n\n\n\n<h2 class=\"wp-block-heading\">Ta turen innom kaf\u00e9en p\u00e5 Fossli Hotel (OBS: n\u00e5 stengt for sesongen)<\/h2>\n\n\n\n<p>Bruk litt tid p\u00e5 \u00e5 nyte det spektakul\u00e6re fossefallet og den dramatiske M\u00e5b\u00f8dalen f\u00f8r du stikker innom Fossli Hotel for noe godt \u2013 kanskje en forfriskning, ei vaffel eller et stykke av en av de mange kakene deres. Hotellet \u00e5pna d\u00f8rene helt tilbake i 1891, og ligger helt magisk til \u2013 rett p\u00e5 toppen av fossen.<\/p>\n\n\n\n<p>N\u00e5r det er kj\u00f8lig ute, er det ekstra koselig \u00e5 sitte inne i den lune, tradisjonelle kaf\u00e9en. Men p\u00e5 fine dager anbefaler vi \u00e5 sette seg ute og nyte utsikten over dalen og fjellvidda.<\/p>\n\n\n\n<p>Retur til Eidfjord fra samme sted som du forlot bussen. Se etter skilt med Book Hardanger i frontruta, da det kan v\u00e6re ulike busser som kj\u00f8rer opp og ned. <\/p>\n\n\n\n<p>Denne turen er kun tilgjengelig p\u00e5 cruisedager i Eidfjord. For tilbud andre dager anbefaler vi \u00e5 ta en titt p\u00e5 <a href=\"https:\/\/www.bookhardanger.com\/no\/produkter\/sightseeingtur-til-voringsfossen-og-norsk-natursenter\/\" data-type=\"product\" data-id=\"1977\">V\u00f8ringsfossen Sightseeingtur<\/a><\/p>\n\n\n\n<p>Se v\u00e5r milj\u00f8vennlige elbuss med toalett og rullestolheis her:<\/p>\n\n\n\n<figure class=\"wp-block-embed is-type-video is-provider-youtube wp-block-embed-youtube wp-embed-aspect-16-9 wp-has-aspect-ratio\"><div class=\"wp-block-embed__wrapper\">\n<iframe loading=\"lazy\" title=\"Elbuss\" width=\"500\" height=\"281\" src=\"https:\/\/www.youtube.com\/embed\/qmJF3itNA1o?feature=oembed\" frameborder=\"0\" allow=\"accelerometer; autoplay; clipboard-write; encrypted-media; gyroscope; picture-in-picture; web-share\" referrerpolicy=\"strict-origin-when-cross-origin\" allowfullscreen><\/iframe>\n<\/div><\/figure>\n\n\n\n<h2 class=\"wp-block-heading\">Vanlige sp\u00f8rsm\u00e5l<\/h2>\n\n\n\n<h3 class=\"wp-block-heading\">Hvordan kommer vi oss fra Eidfjord til V\u00f8ringsfoss?<\/h3>\n\n\n\n<p>Reis med Book Hardangers moderne, komfortable buss, eller blir med p\u00e5 en sm\u00e5gruppetur i Maxitaxi. Turen starter nede p\u00e5 cruisekaien, like ved turistinformasjonen i Eidfjord.<\/p>\n\n\n\n<h3 class=\"wp-block-heading\">Hvor kan jeg kj\u00f8pe billetter?<\/h3>\n\n\n\n<p>De billigste billettene med buss fra Eidfjord til V\u00f8ringsfoss f\u00e5r du lokalt p\u00e5 turistkontoret i Eidfjord eller p\u00e5 bookhardanger.com. Book Hardanger er et non profit lokalt selskap som bidrar til lokal verdiskaping og et b\u00e6rekraftig lokalsamfunn.<\/p>\n\n\n\n<h3 class=\"wp-block-heading\">Hva f\u00e5r jeg se p\u00e5 turen?<\/h3>\n\n\n\n<p>Turen g\u00e5r oppover den bratte M\u00e5b\u00f8dalen hvor 4 moderne tunneler tar deg helt opp til plat\u00e5et over fossen p\u00e5 750 meter over havet. Du f\u00e5r oppleve V\u00f8ringsfossen fra flere spektakul\u00e6re utsiktspunkter, bussen stopper n\u00e6rt det beste utsiktspunktet til fossen. H\u00f8ydepunktet er den ber\u00f8mte trappebroen med 99 trappetrinn som krysser juvet og gir en unik utsikt over fossen. En time er god tid til \u00e5 utforske omr\u00e5det, ta bilder og nyte naturen.<\/p>\n\n\n\n<h3 class=\"wp-block-heading\">Inng\u00e5r et bes\u00f8k p\u00e5 Norsk Natursenter?<\/h3>\n\n\n\n<p>Book Hardanger sine turer g\u00e5r direkte fra Eidfjord til V\u00f8ringsfoss, uten stopp p\u00e5 Norsk Natursenter. Et alternativ er \u00e5 ta taxi dersom det er ledig (det finnes sv\u00e6rt f\u00e5 taxier her \u2013 sp\u00f8r oss gjerne p\u00e5 turistinformasjonen, vi organiserer kapasiteten mest mulig effektivt p\u00e5 cruisedager).Senteret byr p\u00e5 interaktive utstillinger og en imponerende panoramafilm som viser Norges natur og milj\u00f8 p\u00e5 n\u00e6rt hold.<\/p>\n\n\n\n<h3 class=\"wp-block-heading\">Passer turen for barnevogn eller rullestol?<\/h3>\n\n\n\n<p>Ja, deler av omr\u00e5det \u2013 inkludert hovedstien til det fineste utsiktspunktet fra bussholdeplassen \u2013 er tilrettelagt for rullestol og barnevogn. Noen brattere partier og sideveier kan imidlertid v\u00e6re mindre egnet.<\/p>\n\n\n\n<h3 class=\"wp-block-heading\">Stopper vi ved Fossli Hotel?<\/h3>\n\n\n\n<p>Ja, busstoppet er like ved det historiske Fossli Hotel, som ligger rett ved det fineste utsiktspunktet til fossen. Hotellet er spesielt kjent for sine vafler og kaker.<\/p>\n\n\n\n<h3 class=\"wp-block-heading\">N\u00e5r er den beste tiden \u00e5 bes\u00f8ke fossen?<\/h3>\n\n\n\n<p>V\u00e5r, sommer og h\u00f8st (mai\u2013oktober) gir den beste opplevelsen \u2013 med stor vannf\u00f8ring og \u00e5pne utsiktspunkter. Om vinteren kan deler av fossen fryse, og omr\u00e5det rundt utsiktspunktene kan v\u00e6re stengt p\u00e5 grunn av sn\u00f8 og is.<\/p>\n\n\n\n<h3 class=\"wp-block-heading\">Hva b\u00f8r jeg ha p\u00e5 meg?<\/h3>\n\n\n\n<p>V\u00f8ringsfossen ligger p\u00e5 750 meter h\u00f8yde ved Hardangervidda, og v\u00e6ret kan endre seg raskt. Ta med varme, vindtette og vanntette kl\u00e6r, samt gode sko med solid grep \u2013 selv p\u00e5 sommeren hvis v\u00e6ret tilsier det.<\/p>\n\n\n\n<h3 class=\"wp-block-heading\">Hva er inkludert i turen?<\/h3>\n\n\n\n<p>Turen inkluderer buss tur\/retur Eidfjord \u2013 V\u00f8ringsfoss og har tilgjengelig en audioguide p\u00e5 15 ulike spr\u00e5k (norsk, engelsk, tysk, nederlandsk, fransk, spansk, portugisisk, italiensk, polsk, ukrainsk, russisk, arabisk, hindu, kinesisk og japansk).<\/p>\n\n\n\n<h3 class=\"wp-block-heading\">Passer turen for barn?<\/h3>\n\n\n\n<p>Ja, omr\u00e5det er flott ogs\u00e5 for barn! Mange stier, broer, utsiktspunkter og benker er spennende \u00e5 l\u00f8pe og klatre p\u00e5. Omr\u00e5det er godt sikret, men barn m\u00e5 til enhver tid v\u00e6re i f\u00f8lge med en ansvarlig voksen p\u00e5 grunn av stor h\u00f8yde.<\/p>\n\n\n\n<p>Det er ikke anbefalt \u00e5 reise p\u00e5 busstur med barn uten sikringsutstyr. Barn p\u00e5 omtrent 0\u20132 \u00e5r (ca. 9\u201315 kilo og under 100 cm) b\u00f8r sitte i en vekt- og h\u00f8ydetilpasset bilstol i bussen. Book Hardanger tilbyr gratis barneseter for barn i priskategorien <strong>Baby (0\u20132)<\/strong>, og p\u00e5 grunn av begrenset antall m\u00e5 disse reserveres p\u00e5 forh\u00e5nd.<\/p>\n\n\n\n<p>Barn over 15 kilo eller h\u00f8yere enn 100 cm b\u00f8r sitte sikret p\u00e5 sittepute i bussen. Disse finnes tilgjengelig om bord og kan l\u00e5nes gratis. Dette trenger ikke \u00e5 bestilles p\u00e5 forh\u00e5nd.<\/p>\n\n\n\n<p><a href=\"https:\/\/www.nasjonaleturistveger.no\/no\/turistvegene\/hardangervidda\/voringsfossen\/\" target=\"_blank\" rel=\"noopener\">Mer informasjon om omr\u00e5det rundt V\u00f8ringsfossen<\/a><\/p>\n","protected":false},"excerpt":{"rendered":"<p>Bes\u00f8k V\u00f8ringsfossen, en av Norges mest kjente fosser, p\u00e5 en busstur tur\/retur fra Eidfjord.<\/p>\n","protected":false},"featured_media":836,"parent":0,"template":"","tags":[],"activity-categories":[46],"location":[32],"class_list":["post-1157","product","type-product","status-publish","has-post-thumbnail","hentry","activity-categories-sightseeingturer","location-eidfjord"],"acf":[],"_links":{"self":[{"href":"https:\/\/www.bookhardanger.com\/no\/wp-json\/wp\/v2\/product\/1157","targetHints":{"allow":["GET"]}}],"collection":[{"href":"https:\/\/www.bookhardanger.com\/no\/wp-json\/wp\/v2\/product"}],"about":[{"href":"https:\/\/www.bookhardanger.com\/no\/wp-json\/wp\/v2\/types\/product"}],"wp:featuredmedia":[{"embeddable":true,"href":"https:\/\/www.bookhardanger.com\/no\/wp-json\/wp\/v2\/media\/836"}],"wp:attachment":[{"href":"https:\/\/www.bookhardanger.com\/no\/wp-json\/wp\/v2\/media?parent=1157"}],"wp:term":[{"taxonomy":"post_tag","embeddable":true,"href":"https:\/\/www.bookhardanger.com\/no\/wp-json\/wp\/v2\/tags?post=1157"},{"taxonomy":"activity-categories","embeddable":true,"href":"https:\/\/www.bookhardanger.com\/no\/wp-json\/wp\/v2\/activity-categories?post=1157"},{"taxonomy":"location","embeddable":true,"href":"https:\/\/www.bookhardanger.com\/no\/wp-json\/wp\/v2\/location?post=1157"}],"curies":[{"name":"wp","href":"https:\/\/api.w.org\/{rel}","templated":true}]}}