{"id":1763,"date":"2025-07-21T12:15:02","date_gmt":"2025-07-21T12:15:02","guid":{"rendered":"https:\/\/www.bookhardanger.com\/?post_type=product&#038;p=1763"},"modified":"2026-02-26T11:46:58","modified_gmt":"2026-02-26T11:46:58","slug":"ettermiddagscruise-fra-eidfjord-til-lofthus","status":"publish","type":"product","link":"https:\/\/www.bookhardanger.com\/no\/produkter\/ettermiddagscruise-fra-eidfjord-til-lofthus\/","title":{"rendered":"Ettermiddagscruise fra Eidfjord til Lofthus"},"content":{"rendered":"\n<p>Tilbring ettermiddagen p\u00e5 en rolig og stemningsfull fjordtur gjennom en av Norges vakreste fjorder. Turen starter fra kaien i Eidfjord og tar deg utover Hardangerfjorden \u2013 omgitt av bratte fjellsider, fossefall som stuper ned mot fjorden og frodige fruktg\u00e5rder s\u00e5 langt \u00f8yet kan se. Her kan du virkelig senke skuldrene, trekke inn frisk fjordluft og nyte utsikten. Ha kameraet klart \u2013 denne delen av fjorden er rett og slett uforglemmelig.<\/p>\n\n<p>Etter omtrent 1 time og 35 minutter p\u00e5 fjorden ankommer du Lofthus \u2013 ei sjarmerende bygd kjent for sine frukthager, vakre fjordutsikt og tradisjonsrike sider. Avhengig av hvilket alternativ du velger, har du enten 1 time eller 4 timer til \u00e5 utforske omr\u00e5det. Ta en rusletur mellom frukttr\u00e6r i blomstring (eller bugnende av frukt senere p\u00e5 sesongen), smak lokal sider, nyt et godt m\u00e5ltid p\u00e5 en av de hyggelige spisestedene \u2013 eller finn roen nede ved fjorden og nyt den fredelige stemningen.<\/p>\n\n<p>Returen til Eidfjord g\u00e5r med Skyss rutebuss, og gir deg et nytt perspektiv p\u00e5 landskapet n\u00e5r du reiser gjennom sm\u00e5 bygder og variert, vestnorsk natur.<\/p>\n<div class=\"wp-block-image\">\n<figure class=\"aligncenter size-large\"><img loading=\"lazy\" decoding=\"async\" width=\"1024\" height=\"577\" src=\"https:\/\/www.bookhardanger.com\/wp-content\/uploads\/2025\/04\/2025_Blossoming_Lofthus_01-1024x577.jpg\" alt=\"Kirseb&#xE6;rtr&#xE6;r i blomst over Hardangerfjorden i Lofthus. Sn&#xF8;dekte fjell i bakgrunnen.\" class=\"wp-image-1756\" srcset=\"https:\/\/www.bookhardanger.com\/wp-content\/uploads\/2025\/04\/2025_Blossoming_Lofthus_01-1024x577.jpg 1024w, https:\/\/www.bookhardanger.com\/wp-content\/uploads\/2025\/04\/2025_Blossoming_Lofthus_01-300x169.jpg 300w, https:\/\/www.bookhardanger.com\/wp-content\/uploads\/2025\/04\/2025_Blossoming_Lofthus_01-768x432.jpg 768w, https:\/\/www.bookhardanger.com\/wp-content\/uploads\/2025\/04\/2025_Blossoming_Lofthus_01-1536x865.jpg 1536w, https:\/\/www.bookhardanger.com\/wp-content\/uploads\/2025\/04\/2025_Blossoming_Lofthus_01-2048x1153.jpg 2048w\" sizes=\"auto, (max-width: 1024px) 100vw, 1024px\" \/><\/figure>\n<\/div>\n<h2 class=\"wp-block-heading\">Vanlige sp\u00f8rsm\u00e5l<\/h2>\n\n<h3 class=\"wp-block-heading\"><h3 class=\"wp-block-heading\"><strong>Hvor kan jeg kj\u00f8pe billetter?<\/strong><\/h3><\/h3>\n\n<p>For \u00e5 f\u00e5 hele turen samlet i \u00e9n billett, kan du enkelt kj\u00f8pe den direkte her p\u00e5 bookhardanger.com.&#13;\nBook Hardanger er et lokalt non-profit-selskap som bidrar til lokal verdiskaping og et b\u00e6rekraftig lokalsamfunn. Du kan ogs\u00e5 kj\u00f8pe billetter i Eidfjord turistkontor.<\/p>\n\n<h3 class=\"wp-block-heading\"><h3 class=\"wp-block-heading\"><strong>Hva er inkludert i billetten?<\/strong><\/h3><\/h3>\n\n<p>N\u00e5r du kj\u00f8per billett via nettsiden eller i Eidfjord turistkontor, er f\u00f8lgende inkludert:<\/p>\n\n<ul class=\"wp-block-list\">\n<li>B\u00e5treise fra Eidfjord til Lofthus<\/li>\n\n\n\n<li>Bussreise fra Lofthus tilbake til Eidfjord<\/li>\n<\/ul>\n\n<p>Alt du trenger for en s\u00f8ml\u00f8s rundtur.<\/p>\n\n<h5 class=\"wp-block-heading\"><h5 class=\"wp-block-heading\"><strong>Forskjellige varigheter av turen:<\/strong><\/h5><\/h5>\n\n<ul class=\"wp-block-list\">\n<li><strong>Kort tur:<\/strong>\u00a0ca. 3 timer og 42 min<\/li>\n\n\n\n<li><strong>Lang tur<\/strong>: ca. 6 timer og 47 min<\/li>\n<\/ul>\n\n<h5 class=\"wp-block-heading\"><h5 class=\"wp-block-heading\"><strong>Rute:<\/strong><\/h5><\/h5>\n\n<ul class=\"wp-block-list\">\n<li><strong>B\u00e5t:<\/strong>\u00a0Avreise fra Eidfjord kl.15:20 \u2192 Ankomst Lofthus kl.16:55<\/li>\n\n\n\n<li><strong>Retur med buss \u2013 kort opphold:<\/strong>\n<ul class=\"wp-block-list\">\n<li>18:06 fra Lofthus (buss 990)<\/li>\n\n\n\n<li>18:45 ankomst Bu terminal \u2192 bytte til buss 991<\/li>\n\n\n\n<li>19:02 ankomst i Eidfjord<\/li>\n<\/ul>\n<\/li>\n\n\n\n<li><strong>Retur med buss \u2013 langt opphold:<\/strong>\n<ul class=\"wp-block-list\">\n<li>21:11 fra Lofthus (buss 990)<\/li>\n\n\n\n<li>21:50 ankomst Bu terminal \u2192 bytte til buss 991<\/li>\n\n\n\n<li>22:07 ankomst i Eidfjord<\/li>\n<\/ul>\n<\/li>\n<\/ul>\n\n<h3 class=\"wp-block-heading\"><h3 class=\"wp-block-heading\"><strong>Hva ser jeg p\u00e5 turen?<\/strong><\/h3><\/h3>\n\n<p>Denne turen tar deg forbi flere idylliske bygder langs Hardangerfjorden.<\/p>\n\n<p>Det f\u00f8rste stedet du ser fra b\u00e5ten er Ulvik, som ligger innerst i Ulvikfjorden. Bygda er kjent for sine frukthager og den vakre fruktblomstringen om v\u00e5ren.<br\/>Deretter passerer du Kinsarvik, en popul\u00e6r destinasjon for turg\u00e5ere som \u00f8nsker \u00e5 g\u00e5 den kjente turen Dronningstien.<br\/>Neste stopp er Lofthus, og det er her du g\u00e5r av b\u00e5ten.<\/p>\n\n<p>Returen g\u00e5r med buss. Turen g\u00e5r gjennom Kinsarvik sentrum og videre gjennom Butunnelen, som har en spesielt utformet rundkj\u00f8ring inne i tunnelen. P\u00e5 Bu bussterminal bytter du buss f\u00f8r turen g\u00e5r videre tilbake til Eidfjord.<\/p>\n\n<h3 class=\"wp-block-heading\"><h3 class=\"wp-block-heading\"><strong>Hva kan man gj\u00f8re i Lofthus?<\/strong><\/h3><\/h3>\n\n<p>Lofthus har lange tradisjoner som reisem\u00e5l, og Hotel Ullensvang har i mange \u00e5r v\u00e6rt et kjent landemerke i omr\u00e5det. I hotellets hage kan du bes\u00f8ke komponisthytten som den ber\u00f8mte komponisten Edvard Grieg brukte. Her fant han inspirasjon til mye av sin vakre musikk.<\/p>\n\n<p>Bygda er ogs\u00e5 kjent for sine stolte frukttradisjoner. I sommersesongen kan du smake p\u00e5 lokal juice eller cider fra en av fruktg\u00e5rdene i omr\u00e5det \u2013 eller bare nyte den storsl\u00e5tte naturen som omgir Lofthus.<\/p>\n\n<h3 class=\"wp-block-heading\"><h3 class=\"wp-block-heading\"><strong>Kan jeg kj\u00f8pe mat om bord p\u00e5 b\u00e5ten?<\/strong><\/h3><\/h3>\n\n<p>B\u00e5ten har en liten kiosk med et enkelt utvalg av snacks og drikke.<\/p>\n\n<h3 class=\"wp-block-heading\"><h3 class=\"wp-block-heading\"><strong>Hvor finner jeg busstoppet i Lofthus?<\/strong><\/h3><\/h3>\n\n<p>I Lofthus kan du g\u00e5 p\u00e5 bussen to steder:<br\/>Den ene holdeplassen ligger skr\u00e5tt over veien fra Bunnpris.<br\/>Den andre ligger rett over veien fra Hotel Ullensvang.<\/p>\n\n<p><\/p>\n","protected":false},"excerpt":{"rendered":"<p>Seil langs vakre Hardangerfjorden og opplev den sjarmerende bygda Lofthus. <\/p>\n","protected":false},"featured_media":1761,"parent":0,"template":"","tags":[],"activity-categories":[43,47,46],"location":[32,35],"class_list":["post-1763","product","type-product","status-publish","has-post-thumbnail","hentry","activity-categories-baatturer","activity-categories-reis-offentlig","activity-categories-sightseeingturer","location-eidfjord","location-kinsarvik-lofthus"],"acf":[],"_links":{"self":[{"href":"https:\/\/www.bookhardanger.com\/no\/wp-json\/wp\/v2\/product\/1763","targetHints":{"allow":["GET"]}}],"collection":[{"href":"https:\/\/www.bookhardanger.com\/no\/wp-json\/wp\/v2\/product"}],"about":[{"href":"https:\/\/www.bookhardanger.com\/no\/wp-json\/wp\/v2\/types\/product"}],"wp:featuredmedia":[{"embeddable":true,"href":"https:\/\/www.bookhardanger.com\/no\/wp-json\/wp\/v2\/media\/1761"}],"wp:attachment":[{"href":"https:\/\/www.bookhardanger.com\/no\/wp-json\/wp\/v2\/media?parent=1763"}],"wp:term":[{"taxonomy":"post_tag","embeddable":true,"href":"https:\/\/www.bookhardanger.com\/no\/wp-json\/wp\/v2\/tags?post=1763"},{"taxonomy":"activity-categories","embeddable":true,"href":"https:\/\/www.bookhardanger.com\/no\/wp-json\/wp\/v2\/activity-categories?post=1763"},{"taxonomy":"location","embeddable":true,"href":"https:\/\/www.bookhardanger.com\/no\/wp-json\/wp\/v2\/location?post=1763"}],"curies":[{"name":"wp","href":"https:\/\/api.w.org\/{rel}","templated":true}]}}