{"id":1957,"date":"2025-05-26T13:51:00","date_gmt":"2025-05-26T13:51:00","guid":{"rendered":"https:\/\/www.bookhardanger.com\/products\/dagstur-fra-odda-fjord-og-fossetur-til-akrafjorden\/"},"modified":"2025-05-28T11:19:35","modified_gmt":"2025-05-28T11:19:35","slug":"dagstur-fra-odda-fjord-og-fossetur-til-akrafjorden","status":"publish","type":"product","link":"https:\/\/www.bookhardanger.com\/no\/produkter\/dagstur-fra-odda-fjord-og-fossetur-til-akrafjorden\/","title":{"rendered":"Dagstur fra Odda: Fjord- og fossetur til \u00c5krafjorden"},"content":{"rendered":"\n<p>Opplev en del av Fjord-Norge som de fleste bare kj\u00f8rer forbi p\u00e5 denne flotte dagsturen fra Odda. Du kj\u00f8rer minibuss gjennom spektakul\u00e6re omgivelser langs den vakre fossefallsruta til \u00c5krafjorden \u2013 et sted de fleste bare kj\u00f8rer rett forbi uten \u00e5 vite hva de g\u00e5r glipp av.<\/p>\n\n\n\n<p>Turen starter i Odda og tar deg gjennom dramatiske landskap, med f\u00f8rste stopp ved den kjente L\u00e5tefoss \u2013 perfekt for \u00e5 ta noen bilder. Fra kaien i Fj\u00e6ra venter et rolig og stemningsfullt fjordcruise p\u00e5 \u00c5krafjorden, omgitt av bratte fjellsider.<\/p>\n\n\n\n<p>H\u00f8ydepunktet p\u00e5 fjordcruiset er utsikten til den spektakul\u00e6re Langfoss, som stuper 612 meter rett ned i fjorden. Visste du at CNN Travel har k\u00e5ret den til en av verdens ti vakreste fossefall?<\/p>\n\n\n\n<blockquote class=\"wp-block-quote is-layout-flow wp-block-quote-is-layout-flow\">\n<p class=\"has-text-align-center\">Det er ikke uten grunn at dette omr\u00e5det kalles Fossefallsruta. L\u00e5tefoss og Langfoss er bare to av flere imponerende fossefall du f\u00e5r se i l\u00f8pet av turen.<\/p>\n<\/blockquote>\n\n\n\n<p>Etter b\u00e5tturen f\u00e5r du se Langfoss fra en ny vinkel \u2013 denne gangen fra utsiktspunktet langs veien. Turen g\u00e5r s\u00e5 videre til \u00c5krafjordtunet eller Eljervik Gard, der du kan velge \u00e5 kj\u00f8pe lunsj eller noe godt \u00e5 drikke.<\/p>\n\n\n\n<p>P\u00e5 vei tilbake kj\u00f8rer vi gjennom den vakre Rullestadjuvet-kl\u00f8fta, f\u00f8r vi er tilbake i Odda utp\u00e5 ettermiddagen \u2013 fulle av inntrykk fra fjorder, fossefall og natur du sent vil glemme.<\/p>\n\n\n\n<figure class=\"wp-block-image size-large\"><img loading=\"lazy\" decoding=\"async\" width=\"1024\" height=\"683\" src=\"https:\/\/www.bookhardanger.com\/wp-content\/uploads\/2025\/05\/2025_Fjord-Cruise-Akrafjord_01-1024x683.jpg\" alt=\"\" class=\"wp-image-1923\" srcset=\"https:\/\/www.bookhardanger.com\/wp-content\/uploads\/2025\/05\/2025_Fjord-Cruise-Akrafjord_01-1024x683.jpg 1024w, https:\/\/www.bookhardanger.com\/wp-content\/uploads\/2025\/05\/2025_Fjord-Cruise-Akrafjord_01-300x200.jpg 300w, https:\/\/www.bookhardanger.com\/wp-content\/uploads\/2025\/05\/2025_Fjord-Cruise-Akrafjord_01-768x512.jpg 768w, https:\/\/www.bookhardanger.com\/wp-content\/uploads\/2025\/05\/2025_Fjord-Cruise-Akrafjord_01-1536x1024.jpg 1536w, https:\/\/www.bookhardanger.com\/wp-content\/uploads\/2025\/05\/2025_Fjord-Cruise-Akrafjord_01.jpg 2048w\" sizes=\"auto, (max-width: 1024px) 100vw, 1024px\" \/><\/figure>\n\n\n\n<h3 class=\"wp-block-heading\"><strong>Dagsprogram:<\/strong><\/h3>\n\n\n\n<ul class=\"wp-block-list\">\n<li>09.30 \u2013 Avreise fra Odda<\/li>\n\n\n\n<li>10.00 \u2013 Fotostopp ved L\u00e5tefoss<\/li>\n\n\n\n<li>11.00 \u2013 Ankomst Fj\u00e6ra kai<\/li>\n\n\n\n<li>11.15 \u2013 Fjordcruise p\u00e5 \u00c5krafjorden<\/li>\n\n\n\n<li>12.00 \u2013 Tilbake i Fj\u00e6ra<\/li>\n\n\n\n<li>12.15 \u2013 Fotostopp ved Langfoss<\/li>\n\n\n\n<li>12.45 \u2013 Lunsj*<\/li>\n\n\n\n<li>13.30 \u2013 Retur til Odda<\/li>\n\n\n\n<li>14.30 \u2013 Tilbake i Odda<\/li>\n<\/ul>\n\n\n\n<p><em>*Du kan legge til en lunsjboks med lokale smaker (inkludert spekemat, p\u00f8lser, ost og r\u00f8kt laks) n\u00e5r du bestiller turen, eller velge lunsj fra menyen i restauranten.<\/em><\/p>\n\n\n\n<h3 class=\"wp-block-heading\"><strong>Husk \u00e5 ta med:<\/strong><\/h3>\n\n\n\n<ul class=\"wp-block-list\">\n<li>Kl\u00e6r og sko etter v\u00e6ret<\/li>\n\n\n\n<li>Kamera<\/li>\n<\/ul>\n\n\n\n<figure class=\"wp-block-gallery has-nested-images columns-2 is-cropped wp-block-gallery-1 is-layout-flex wp-block-gallery-is-layout-flex\">\n<figure class=\"wp-block-image size-large\"><img loading=\"lazy\" decoding=\"async\" width=\"683\" height=\"1024\" data-id=\"1920\" src=\"https:\/\/www.bookhardanger.com\/wp-content\/uploads\/2025\/05\/2025_Fjordcruise-Akrafjord_02-683x1024.jpg\" alt=\"\" class=\"wp-image-1920\" srcset=\"https:\/\/www.bookhardanger.com\/wp-content\/uploads\/2025\/05\/2025_Fjordcruise-Akrafjord_02-683x1024.jpg 683w, https:\/\/www.bookhardanger.com\/wp-content\/uploads\/2025\/05\/2025_Fjordcruise-Akrafjord_02-200x300.jpg 200w, https:\/\/www.bookhardanger.com\/wp-content\/uploads\/2025\/05\/2025_Fjordcruise-Akrafjord_02-768x1152.jpg 768w, https:\/\/www.bookhardanger.com\/wp-content\/uploads\/2025\/05\/2025_Fjordcruise-Akrafjord_02-1024x1536.jpg 1024w, https:\/\/www.bookhardanger.com\/wp-content\/uploads\/2025\/05\/2025_Fjordcruise-Akrafjord_02.jpg 1365w\" sizes=\"auto, (max-width: 683px) 100vw, 683px\" \/><\/figure>\n\n\n\n<figure class=\"wp-block-image size-large\"><img loading=\"lazy\" decoding=\"async\" width=\"683\" height=\"1024\" data-id=\"1932\" src=\"https:\/\/www.bookhardanger.com\/wp-content\/uploads\/2025\/05\/2025_Fjord-Cruise-Akrafjord_Langfoss_03-683x1024.jpg\" alt=\"\" class=\"wp-image-1932\" srcset=\"https:\/\/www.bookhardanger.com\/wp-content\/uploads\/2025\/05\/2025_Fjord-Cruise-Akrafjord_Langfoss_03-683x1024.jpg 683w, https:\/\/www.bookhardanger.com\/wp-content\/uploads\/2025\/05\/2025_Fjord-Cruise-Akrafjord_Langfoss_03-200x300.jpg 200w, https:\/\/www.bookhardanger.com\/wp-content\/uploads\/2025\/05\/2025_Fjord-Cruise-Akrafjord_Langfoss_03-768x1152.jpg 768w, https:\/\/www.bookhardanger.com\/wp-content\/uploads\/2025\/05\/2025_Fjord-Cruise-Akrafjord_Langfoss_03-1024x1536.jpg 1024w, https:\/\/www.bookhardanger.com\/wp-content\/uploads\/2025\/05\/2025_Fjord-Cruise-Akrafjord_Langfoss_03.jpg 1365w\" sizes=\"auto, (max-width: 683px) 100vw, 683px\" \/><\/figure>\n\n\n\n<figure class=\"wp-block-image size-large\"><img loading=\"lazy\" decoding=\"async\" width=\"1024\" height=\"683\" data-id=\"1944\" src=\"https:\/\/www.bookhardanger.com\/wp-content\/uploads\/2025\/05\/2025_Fjord-Cruise-Akrafjord_3x2-1024x683.jpg\" alt=\"\" class=\"wp-image-1944\" srcset=\"https:\/\/www.bookhardanger.com\/wp-content\/uploads\/2025\/05\/2025_Fjord-Cruise-Akrafjord_3x2-1024x683.jpg 1024w, https:\/\/www.bookhardanger.com\/wp-content\/uploads\/2025\/05\/2025_Fjord-Cruise-Akrafjord_3x2-300x200.jpg 300w, https:\/\/www.bookhardanger.com\/wp-content\/uploads\/2025\/05\/2025_Fjord-Cruise-Akrafjord_3x2-768x512.jpg 768w, https:\/\/www.bookhardanger.com\/wp-content\/uploads\/2025\/05\/2025_Fjord-Cruise-Akrafjord_3x2-1536x1024.jpg 1536w, https:\/\/www.bookhardanger.com\/wp-content\/uploads\/2025\/05\/2025_Fjord-Cruise-Akrafjord_3x2.jpg 2048w\" sizes=\"auto, (max-width: 1024px) 100vw, 1024px\" \/><\/figure>\n<\/figure>\n","protected":false},"excerpt":{"rendered":"<p>Bli med p\u00e5 en naturskj\u00f8nn rundtur fr\u00e5 Odda langs fossefallsruta til \u00c5krafjorden \u2013 en ekte skjult perle!<\/p>\n","protected":false},"featured_media":1911,"parent":0,"template":"","tags":[],"activity-categories":[43,46],"location":[36],"class_list":["post-1957","product","type-product","status-publish","has-post-thumbnail","hentry","activity-categories-baatturer","activity-categories-sightseeingturer","location-odda-tyssedal"],"acf":[],"_links":{"self":[{"href":"https:\/\/www.bookhardanger.com\/no\/wp-json\/wp\/v2\/product\/1957","targetHints":{"allow":["GET"]}}],"collection":[{"href":"https:\/\/www.bookhardanger.com\/no\/wp-json\/wp\/v2\/product"}],"about":[{"href":"https:\/\/www.bookhardanger.com\/no\/wp-json\/wp\/v2\/types\/product"}],"wp:featuredmedia":[{"embeddable":true,"href":"https:\/\/www.bookhardanger.com\/no\/wp-json\/wp\/v2\/media\/1911"}],"wp:attachment":[{"href":"https:\/\/www.bookhardanger.com\/no\/wp-json\/wp\/v2\/media?parent=1957"}],"wp:term":[{"taxonomy":"post_tag","embeddable":true,"href":"https:\/\/www.bookhardanger.com\/no\/wp-json\/wp\/v2\/tags?post=1957"},{"taxonomy":"activity-categories","embeddable":true,"href":"https:\/\/www.bookhardanger.com\/no\/wp-json\/wp\/v2\/activity-categories?post=1957"},{"taxonomy":"location","embeddable":true,"href":"https:\/\/www.bookhardanger.com\/no\/wp-json\/wp\/v2\/location?post=1957"}],"curies":[{"name":"wp","href":"https:\/\/api.w.org\/{rel}","templated":true}]}}