{"id":1977,"date":"2025-06-03T13:47:43","date_gmt":"2025-06-03T13:47:43","guid":{"rendered":"https:\/\/www.bookhardanger.com\/products\/voringsfossen-sightseeingtur\/"},"modified":"2026-04-07T16:55:37","modified_gmt":"2026-04-07T16:55:37","slug":"sightseeingtur-til-voringsfossen-og-norsk-natursenter","status":"publish","type":"product","link":"https:\/\/www.bookhardanger.com\/no\/produkter\/sightseeingtur-til-voringsfossen-og-norsk-natursenter\/","title":{"rendered":"Sightseeingtur til V\u00f8ringsfossen med Norsk Natursenter"},"content":{"rendered":"\n<p>Mange reiser langveisfra til den lille bygda Eidfjord for \u00e5 oppleve V\u00f8ringsfossen \u2013 et av Norges mest kjente og spektakul\u00e6re fossefall. En annen popul\u00e6r attraksjon i omr\u00e5det er Norsk Natursenter. P\u00e5 denne turen har vi gjort det enkelt for deg \u00e5 f\u00e5 med deg begge opplevelsene \u2013 p\u00e5 \u00e9n og samme dag.<\/p>\n\n\n\n<h3 class=\"wp-block-heading\"><h3><strong>F\u00f8rste stopp: Norsk Natursenter<\/strong><\/h3><\/h3>\n\n\n\n<p>Turen starter i Eidfjord, rett utenfor turistinformasjonen. Etter omtrent 10 minutters busstur kommer du til Norsk Natursenter \u2013 et moderne og interaktivt opplevelsessenter midt i hjertet av Hardanger.<\/p>\n\n\n\n<p>Bes\u00f8ket begynner med en imponerende panoramafilm som tar deg med gjennom det vakre Hardangerlandskapet \u2013 gjennom alle fire \u00e5rstider. Dette er en veldig fin introduksjon til naturen og omr\u00e5det du befinner deg i.\r\nEtter filmen kan du utforske den interaktive utstillingen i ditt eget tempo. Her l\u00e6rer du mer om norsk natur, klima og geologi p\u00e5 en engasjerende m\u00e5te.\r\n<\/p>\n\n\n\n<h3 class=\"wp-block-heading\"><h3><strong>Neste stopp: V\u00f8ringsfossen<\/strong><\/h3><\/h3>\n\n\n\n<h5 class=\"wp-block-heading\">V\u00f8ringsfossen i april<\/h5>\n\n\n\n<p><em>V\u00f8ringsfossen ligger p\u00e5 700 meter over havet, v\u00e6r obs p\u00e5 at det fortsatt kan v\u00e6re sn\u00f8 og glatt i fjellet i april m\u00e5ned, ferdsel p\u00e5 eget ansvar. Kle deg etter forholdene med varme kl\u00e6r og solide sko.<\/em><\/p>\n\n\n\n<p>Fra Norsk Natursenter g\u00e5r turen videre opp den dramatiske og bratte M\u00e5b\u00f8dalen. Fire moderne tunneler tar deg trygt opp til plat\u00e5et 750 meter over havet, der V\u00f8ringsfossen stuper ned i dalen.<\/p>\n\n\n\n<p>Du f\u00e5r oppleve fossen fra flere spektakul\u00e6re utsiktspunkter, og bussen stopper n\u00e6r det beste utsiktspunktet. Her kommer du tett p\u00e5 naturkreftene.\r\nDersom du t\u00f8r, kan du ogs\u00e5 krysse juvet via den ber\u00f8mte trappebroen med 99 trinn \u2013 en helt spesiell opplevelse som gir deg en unik utsikt over fossen og det dramatiske landskapet rundt.<\/p>\n\n\n\n<p>Du f\u00e5r omtrent \u00e9n time til \u00e5 rusle rundt, ta bilder og nyte utsikten fra ulike plattformer f\u00f8r bussen tar deg med tilbake til Eidfjord.<\/p>\n\n\n\n<h3 class=\"wp-block-heading\"><h3><strong>Dette er inkludert i prisen<\/strong><\/h3><\/h3>\n\n\n\n<ul class=\"wp-block-list\">\n<li>Transport tur\/retur med moderne buss til V\u00f8ringsfossen<\/li>\n\n\n\n<li>Inngangsbillett til Norsk Natursenter<\/li>\n\n\n\n<li>Digital audioguide p\u00e5 flere spr\u00e5k som du kan lytte til p\u00e5 mobilen<\/li>\n<\/ul>\n\n\n\n<h2 class=\"wp-block-heading\">Reiserute:<\/h2>\n\n\n\n<p>11:50 &#8211; avreise fra Eidfjord<br>12:05 &#8211; ankomst p\u00e5&nbsp; Norsk Natursenter, 1 time og 15 minutter til \u00e5 utforske<br>13:20 &#8211; avreise fra Norsk Natursenter<br>13:35 &#8211; ankomst&nbsp; V\u00f8ringsfossen, og 1 time og 15 minutter til \u00e5 utforske<br>14:45 &#8211; avreise fra V\u00f8ringsfossen<br>15:15 &#8211;&nbsp; ankomst Eidfjord<\/p>\n\n\n\n<div style=\"height:23px\" aria-hidden=\"true\" class=\"wp-block-spacer\"><\/div>\n\n\n\n<h2 class=\"wp-block-heading\"><h2><strong>Vanlige sp\u00f8rsm\u00e5l<\/strong><\/h2><\/h2>\n\n\n\n<h3 class=\"wp-block-heading\"><h3><strong>Hvor kan jeg kj\u00f8pe billetter?<\/strong><\/h3><\/h3>\n\n\n\n<p>Du kan enkelt bestille plass direkte p\u00e5 denne siden, slik at billetten er klar f\u00f8r avreise. Billetter kan ogs\u00e5 kj\u00f8pes hos Eidfjord Turistkontor. Book Hardanger er et lokalt non-profit selskap som jobber for lokal verdiskaping og et mer b\u00e6rekraftig lokalsamfunn.<\/p>\n\n\n\n<h3 class=\"wp-block-heading\"><h3><strong>Passer turen for barn?<\/strong><\/h3><\/h3>\n\n\n\n<p>Norsk Natursenter har interaktive utstillinger, filmer og aktiviteter som passer for barn i alle aldre.<\/p>\n\n\n\n<p>Omr\u00e5det ved V\u00f8ringsfossen er ogs\u00e5 spennende for barn, med stier, broer, utsiktspunkter og benker \u00e5 utforske. Omr\u00e5det er godt sikret, men p\u00e5 grunn av den store h\u00f8yden m\u00e5 barn alltid v\u00e6re i f\u00f8lge med en ansvarlig voksen.<br>Se <strong>praktisk informasjon<\/strong> (til h\u00f8yre) vedr\u00f8rende forsvarlig sikring av barn i buss.<\/p>\n\n\n\n<h3 class=\"wp-block-heading\"><h3><strong>Er turen tilrettelagt for rullestol?<\/strong><\/h3><\/h3>\n\n\n\n<p>Norsk Natursenter er universelt utformet med heis, ramper og HC-toalett.<\/p>\n\n\n\n<p>Ved V\u00f8ringsfossen er hovedstien fra bussholdeplassen til det mest popul\u00e6re utsiktspunktet tilrettelagt for rullestol, og flere av plattformene er tilgjengelige. Brattere partier og sideveier er dessverre ikke egnet. Det finnes HC-toalett i toalettbygningen ved bussholdeplassen.<\/p>\n\n\n\n<h3 class=\"wp-block-heading\"><h3><strong>Er det caf\u00e9 p\u00e5 stedet?<\/strong><\/h3><\/h3>\n\n\n\n<p>Ja. P\u00e5 Norsk Natursenter finner du en restaurant som serverer varme, lokale lunsjretter, kaker, snacks og kaffe.<\/p>\n\n\n\n<p>Ved V\u00f8ringsfossen kan du i hovedsesongen bes\u00f8ke det historiske Fossli Hotel, som blant annet er kjent for sine vafler.<\/p>\n\n\n\n<h3 class=\"wp-block-heading\"><h3><strong>Hva b\u00f8r jeg ha p\u00e5 meg?<\/strong><\/h3><\/h3>\n\n\n\n<p>Bes\u00f8ket p\u00e5 Norsk Natursenter foreg\u00e5r innend\u00f8rs. V\u00f8ringsfossen ligger derimot 750 meter over havet, ved Hardangervidda, hvor v\u00e6ret kan skifte raskt. Ta derfor med varme, vindtette og vanntette kl\u00e6r, samt gode sko med solid grep \u2013 ogs\u00e5 om sommeren dersom v\u00e6rmeldingen tilsier det.<\/p>\n\n\n\n<p><\/p>\n","protected":false},"excerpt":{"rendered":"<p>Bli med p\u00e5 en tur som kombinerer to av de st\u00f8rste attraksjonene i Eidfjord: Norsk Natursenter og den spektakul\u00e6re V\u00f8ringsfossen.<\/p>\n","protected":false},"featured_media":1665,"parent":0,"template":"","tags":[],"activity-categories":[46],"location":[32],"class_list":["post-1977","product","type-product","status-publish","has-post-thumbnail","hentry","activity-categories-sightseeingturer","location-eidfjord"],"acf":[],"_links":{"self":[{"href":"https:\/\/www.bookhardanger.com\/no\/wp-json\/wp\/v2\/product\/1977","targetHints":{"allow":["GET"]}}],"collection":[{"href":"https:\/\/www.bookhardanger.com\/no\/wp-json\/wp\/v2\/product"}],"about":[{"href":"https:\/\/www.bookhardanger.com\/no\/wp-json\/wp\/v2\/types\/product"}],"wp:featuredmedia":[{"embeddable":true,"href":"https:\/\/www.bookhardanger.com\/no\/wp-json\/wp\/v2\/media\/1665"}],"wp:attachment":[{"href":"https:\/\/www.bookhardanger.com\/no\/wp-json\/wp\/v2\/media?parent=1977"}],"wp:term":[{"taxonomy":"post_tag","embeddable":true,"href":"https:\/\/www.bookhardanger.com\/no\/wp-json\/wp\/v2\/tags?post=1977"},{"taxonomy":"activity-categories","embeddable":true,"href":"https:\/\/www.bookhardanger.com\/no\/wp-json\/wp\/v2\/activity-categories?post=1977"},{"taxonomy":"location","embeddable":true,"href":"https:\/\/www.bookhardanger.com\/no\/wp-json\/wp\/v2\/location?post=1977"}],"curies":[{"name":"wp","href":"https:\/\/api.w.org\/{rel}","templated":true}]}}