{"id":2015,"date":"2025-06-12T12:42:23","date_gmt":"2025-06-12T12:42:23","guid":{"rendered":"https:\/\/www.bookhardanger.com\/products\/sidersmaking-pa-lekve-gard\/"},"modified":"2025-07-28T11:45:07","modified_gmt":"2025-07-28T11:45:07","slug":"sidersmaking-pa-lekve-gard","status":"publish","type":"product","link":"https:\/\/www.bookhardanger.com\/no\/produkter\/sidersmaking-pa-lekve-gard\/","title":{"rendered":"Sidersmaking p\u00e5 Lekve Gard"},"content":{"rendered":"\n<p>Lekve Gard, ogs\u00e5 kjent som Hardanger Saft og Siderfabrikk, har lange tradisjoner innen sider- og juiceproduksjon. G\u00e5rden er \u00e9n av tre stopp p\u00e5 Frukt- og Siderruta i Ulvik, og var faktisk den aller f\u00f8rste i omr\u00e5det som starta med kommersiell siderproduksjon.<\/p>\n\n\n\n<p>I dag lager de over 20 ulike sidere, i tillegg til juice og sterkere saker.<\/p>\n\n\n\n<p>N\u00e5r du blir med p\u00e5 sidersmakinga, f\u00e5r du smake fem forskjellige sidere. Er du under 18 \u00e5r \u2013 eller bare vil ha noe uten alkohol \u2013 f\u00e5r du en smakspakke med alkoholfri drikke i stedet.<\/p>\n\n\n\n<p>Har du lyst til \u00e5 smake p\u00e5 g\u00e5rdens brennevin, kan du heller velge en pakke med tre av de produktene.<\/p>\n\n\n\n<p><strong>Dette f\u00e5r du med i prisen:<\/strong><\/p>\n\n\n\n<ul class=\"wp-block-list\">\n<li>Smaking av fem ulike sidere, alle laget p\u00e5 Lekve Gard<\/li>\n<\/ul>\n\n\n\n<figure class=\"wp-block-gallery has-nested-images columns-2 is-cropped wp-block-gallery-1 is-layout-flex wp-block-gallery-is-layout-flex\">\n<figure class=\"wp-block-image size-large\"><a href=\"https:\/\/www.bookhardanger.com\/wp-content\/uploads\/2025\/06\/Lekve-Gard_Ulvik_02.jpg\"><img loading=\"lazy\" decoding=\"async\" width=\"683\" height=\"1024\" data-id=\"2008\" src=\"https:\/\/www.bookhardanger.com\/wp-content\/uploads\/2025\/06\/Lekve-Gard_Ulvik_02-683x1024.jpg\" alt=\"\" class=\"wp-image-2008\" srcset=\"https:\/\/www.bookhardanger.com\/wp-content\/uploads\/2025\/06\/Lekve-Gard_Ulvik_02-683x1024.jpg 683w, https:\/\/www.bookhardanger.com\/wp-content\/uploads\/2025\/06\/Lekve-Gard_Ulvik_02-200x300.jpg 200w, https:\/\/www.bookhardanger.com\/wp-content\/uploads\/2025\/06\/Lekve-Gard_Ulvik_02-768x1152.jpg 768w, https:\/\/www.bookhardanger.com\/wp-content\/uploads\/2025\/06\/Lekve-Gard_Ulvik_02-1024x1536.jpg 1024w, https:\/\/www.bookhardanger.com\/wp-content\/uploads\/2025\/06\/Lekve-Gard_Ulvik_02.jpg 1365w\" sizes=\"auto, (max-width: 683px) 100vw, 683px\" \/><\/a><\/figure>\n\n\n\n<figure class=\"wp-block-image size-large\"><a href=\"https:\/\/www.bookhardanger.com\/wp-content\/uploads\/2025\/06\/Lekve-Gard_Ulvik_06.jpg\"><img loading=\"lazy\" decoding=\"async\" width=\"683\" height=\"1024\" data-id=\"2005\" src=\"https:\/\/www.bookhardanger.com\/wp-content\/uploads\/2025\/06\/Lekve-Gard_Ulvik_06-683x1024.jpg\" alt=\"\" class=\"wp-image-2005\" srcset=\"https:\/\/www.bookhardanger.com\/wp-content\/uploads\/2025\/06\/Lekve-Gard_Ulvik_06-683x1024.jpg 683w, https:\/\/www.bookhardanger.com\/wp-content\/uploads\/2025\/06\/Lekve-Gard_Ulvik_06-200x300.jpg 200w, https:\/\/www.bookhardanger.com\/wp-content\/uploads\/2025\/06\/Lekve-Gard_Ulvik_06-768x1152.jpg 768w, https:\/\/www.bookhardanger.com\/wp-content\/uploads\/2025\/06\/Lekve-Gard_Ulvik_06-1024x1536.jpg 1024w, https:\/\/www.bookhardanger.com\/wp-content\/uploads\/2025\/06\/Lekve-Gard_Ulvik_06.jpg 1365w\" sizes=\"auto, (max-width: 683px) 100vw, 683px\" \/><\/a><\/figure>\n\n\n\n<figure class=\"wp-block-image size-large\"><a href=\"https:\/\/www.bookhardanger.com\/wp-content\/uploads\/2025\/06\/Lekve-Gard_Ulvik_03.jpg\"><img loading=\"lazy\" decoding=\"async\" width=\"683\" height=\"1024\" data-id=\"1990\" src=\"https:\/\/www.bookhardanger.com\/wp-content\/uploads\/2025\/06\/Lekve-Gard_Ulvik_03-683x1024.jpg\" alt=\"\" class=\"wp-image-1990\" srcset=\"https:\/\/www.bookhardanger.com\/wp-content\/uploads\/2025\/06\/Lekve-Gard_Ulvik_03-683x1024.jpg 683w, https:\/\/www.bookhardanger.com\/wp-content\/uploads\/2025\/06\/Lekve-Gard_Ulvik_03-200x300.jpg 200w, https:\/\/www.bookhardanger.com\/wp-content\/uploads\/2025\/06\/Lekve-Gard_Ulvik_03-768x1152.jpg 768w, https:\/\/www.bookhardanger.com\/wp-content\/uploads\/2025\/06\/Lekve-Gard_Ulvik_03-1024x1536.jpg 1024w, https:\/\/www.bookhardanger.com\/wp-content\/uploads\/2025\/06\/Lekve-Gard_Ulvik_03.jpg 1365w\" sizes=\"auto, (max-width: 683px) 100vw, 683px\" \/><\/a><\/figure>\n\n\n\n<figure class=\"wp-block-image size-large\"><a href=\"https:\/\/www.bookhardanger.com\/wp-content\/uploads\/2025\/06\/Lekve-Gard_Ulvik_07.jpg\"><img loading=\"lazy\" decoding=\"async\" width=\"683\" height=\"1024\" data-id=\"2011\" src=\"https:\/\/www.bookhardanger.com\/wp-content\/uploads\/2025\/06\/Lekve-Gard_Ulvik_07-683x1024.jpg\" alt=\"\" class=\"wp-image-2011\" srcset=\"https:\/\/www.bookhardanger.com\/wp-content\/uploads\/2025\/06\/Lekve-Gard_Ulvik_07-683x1024.jpg 683w, https:\/\/www.bookhardanger.com\/wp-content\/uploads\/2025\/06\/Lekve-Gard_Ulvik_07-200x300.jpg 200w, https:\/\/www.bookhardanger.com\/wp-content\/uploads\/2025\/06\/Lekve-Gard_Ulvik_07-768x1152.jpg 768w, https:\/\/www.bookhardanger.com\/wp-content\/uploads\/2025\/06\/Lekve-Gard_Ulvik_07-1024x1536.jpg 1024w, https:\/\/www.bookhardanger.com\/wp-content\/uploads\/2025\/06\/Lekve-Gard_Ulvik_07.jpg 1365w\" sizes=\"auto, (max-width: 683px) 100vw, 683px\" \/><\/a><\/figure>\n\n\n\n<figure class=\"wp-block-image size-large\"><a href=\"https:\/\/www.bookhardanger.com\/wp-content\/uploads\/2025\/06\/Hardanger-Saft-og-Siderfabrikk_03.jpg\"><img loading=\"lazy\" decoding=\"async\" width=\"1024\" height=\"576\" data-id=\"1996\" src=\"https:\/\/www.bookhardanger.com\/wp-content\/uploads\/2025\/06\/Hardanger-Saft-og-Siderfabrikk_03-1024x576.jpg\" alt=\"\" class=\"wp-image-1996\" srcset=\"https:\/\/www.bookhardanger.com\/wp-content\/uploads\/2025\/06\/Hardanger-Saft-og-Siderfabrikk_03-1024x576.jpg 1024w, https:\/\/www.bookhardanger.com\/wp-content\/uploads\/2025\/06\/Hardanger-Saft-og-Siderfabrikk_03-300x169.jpg 300w, https:\/\/www.bookhardanger.com\/wp-content\/uploads\/2025\/06\/Hardanger-Saft-og-Siderfabrikk_03-768x432.jpg 768w, https:\/\/www.bookhardanger.com\/wp-content\/uploads\/2025\/06\/Hardanger-Saft-og-Siderfabrikk_03-1536x864.jpg 1536w, https:\/\/www.bookhardanger.com\/wp-content\/uploads\/2025\/06\/Hardanger-Saft-og-Siderfabrikk_03.jpg 2048w\" sizes=\"auto, (max-width: 1024px) 100vw, 1024px\" \/><\/a><\/figure>\n<\/figure>\n","protected":false},"excerpt":{"rendered":"<p>Ta turen innom Lekve Gard og smak p\u00e5 deres lokale drikkevarer \u2013 mens du nyter den spektakul\u00e6re utsikten over Ulvik.<\/p>\n","protected":false},"featured_media":1995,"parent":0,"template":"","tags":[],"activity-categories":[41],"location":[38],"class_list":["post-2015","product","type-product","status-publish","has-post-thumbnail","hentry","activity-categories-mat-og-kultur","location-ulvik"],"acf":[],"_links":{"self":[{"href":"https:\/\/www.bookhardanger.com\/no\/wp-json\/wp\/v2\/product\/2015","targetHints":{"allow":["GET"]}}],"collection":[{"href":"https:\/\/www.bookhardanger.com\/no\/wp-json\/wp\/v2\/product"}],"about":[{"href":"https:\/\/www.bookhardanger.com\/no\/wp-json\/wp\/v2\/types\/product"}],"wp:featuredmedia":[{"embeddable":true,"href":"https:\/\/www.bookhardanger.com\/no\/wp-json\/wp\/v2\/media\/1995"}],"wp:attachment":[{"href":"https:\/\/www.bookhardanger.com\/no\/wp-json\/wp\/v2\/media?parent=2015"}],"wp:term":[{"taxonomy":"post_tag","embeddable":true,"href":"https:\/\/www.bookhardanger.com\/no\/wp-json\/wp\/v2\/tags?post=2015"},{"taxonomy":"activity-categories","embeddable":true,"href":"https:\/\/www.bookhardanger.com\/no\/wp-json\/wp\/v2\/activity-categories?post=2015"},{"taxonomy":"location","embeddable":true,"href":"https:\/\/www.bookhardanger.com\/no\/wp-json\/wp\/v2\/location?post=2015"}],"curies":[{"name":"wp","href":"https:\/\/api.w.org\/{rel}","templated":true}]}}