{"id":2054,"date":"2025-06-19T14:12:12","date_gmt":"2025-06-19T14:12:12","guid":{"rendered":"https:\/\/www.bookhardanger.com\/products\/familiemoro-i-mikkelparken-fra-eidfjord\/"},"modified":"2025-07-03T11:04:15","modified_gmt":"2025-07-03T11:04:15","slug":"familiemoro-i-mikkelparken-fra-eidfjord","status":"publish","type":"product","link":"https:\/\/www.bookhardanger.com\/no\/produkter\/familiemoro-i-mikkelparken-fra-eidfjord\/","title":{"rendered":"Familiemoro i Mikkelparken fra Eidfjord\u00a0"},"content":{"rendered":"\n<p>Mikkelparken er en storfavoritt blant barnefamilier som bes\u00f8ker Hardanger. Her f\u00e5r ungene boltre seg med alt fra vannsklier og underholdningsshow til jungelrafting og bes\u00f8k p\u00e5 Mikkels g\u00e5rd.<\/p>\n\n\n\n<p>Det finnes ogs\u00e5 store innend\u00f8rs lekeomr\u00e5der \u2013 helt perfekt hvis det skulle komme en regnskur. N\u00e5r sulten melder seg, kan du stikke innom Solkroa eller Skoskogen for litt mat.<\/p>\n\n\n\n<p>Denne pakken inkluderer bussbilletter tur-retur mellom Eidfjord og Kinsarvik. Og bare bussturen i seg selv er en opplevelse \u2013 du f\u00e5r panoramautsikt over Hardangerfjorden og kj\u00f8rer forbi sjarmerende fruktg\u00e5rder hele veien.&nbsp;<\/p>\n\n\n\n<h2 class=\"wp-block-heading\">Tidstabell:<\/h2>\n\n\n\n<p><strong><a href=\"https:\/\/www.bookhardanger.com\/wp-content\/uploads\/2025\/07\/2025_Timetable_Family-fun-at-Mikkelparken_v2.pdf.pdf\" data-type=\"attachment\" data-id=\"2197\">Klikk her for \u00e5 se rutetidene (pdf).<\/a><\/strong><\/p>\n\n\n\n<figure class=\"wp-block-gallery has-nested-images columns-2 is-cropped wp-block-gallery-1 is-layout-flex wp-block-gallery-is-layout-flex\">\n<figure class=\"wp-block-image size-large\"><img loading=\"lazy\" decoding=\"async\" width=\"1024\" height=\"682\" data-id=\"355\" src=\"https:\/\/www.bookhardanger.com\/wp-content\/uploads\/2025\/02\/Mikkelparken_05-1024x682.jpg\" alt=\"Colourful mini train driving through a decorated amusement park.\" class=\"wp-image-355\" srcset=\"https:\/\/www.bookhardanger.com\/wp-content\/uploads\/2025\/02\/Mikkelparken_05-1024x682.jpg 1024w, https:\/\/www.bookhardanger.com\/wp-content\/uploads\/2025\/02\/Mikkelparken_05-300x200.jpg 300w, https:\/\/www.bookhardanger.com\/wp-content\/uploads\/2025\/02\/Mikkelparken_05-768x512.jpg 768w, https:\/\/www.bookhardanger.com\/wp-content\/uploads\/2025\/02\/Mikkelparken_05.jpg 1202w\" sizes=\"auto, (max-width: 1024px) 100vw, 1024px\" \/><\/figure>\n\n\n\n<figure class=\"wp-block-image size-large\"><img loading=\"lazy\" decoding=\"async\" width=\"1024\" height=\"683\" data-id=\"356\" src=\"https:\/\/www.bookhardanger.com\/wp-content\/uploads\/2025\/02\/Mikkelparken_01-1024x683.jpg\" alt=\"Kids watching performance of two stuffed animal figures (people in costumes) and one person showing thumbs up.\" class=\"wp-image-356\" srcset=\"https:\/\/www.bookhardanger.com\/wp-content\/uploads\/2025\/02\/Mikkelparken_01-1024x683.jpg 1024w, https:\/\/www.bookhardanger.com\/wp-content\/uploads\/2025\/02\/Mikkelparken_01-300x200.jpg 300w, https:\/\/www.bookhardanger.com\/wp-content\/uploads\/2025\/02\/Mikkelparken_01-768x512.jpg 768w, https:\/\/www.bookhardanger.com\/wp-content\/uploads\/2025\/02\/Mikkelparken_01-1536x1025.jpg 1536w, https:\/\/www.bookhardanger.com\/wp-content\/uploads\/2025\/02\/Mikkelparken_01.jpg 2048w\" sizes=\"auto, (max-width: 1024px) 100vw, 1024px\" \/><\/figure>\n\n\n\n<figure class=\"wp-block-image size-large\"><img loading=\"lazy\" decoding=\"async\" width=\"1024\" height=\"686\" data-id=\"353\" src=\"https:\/\/www.bookhardanger.com\/wp-content\/uploads\/2025\/02\/Mikkelparken_03-1024x686.jpg\" alt=\"Young boy falling into a swimming pool from a waterslide.\" class=\"wp-image-353\" srcset=\"https:\/\/www.bookhardanger.com\/wp-content\/uploads\/2025\/02\/Mikkelparken_03-1024x686.jpg 1024w, https:\/\/www.bookhardanger.com\/wp-content\/uploads\/2025\/02\/Mikkelparken_03-300x201.jpg 300w, https:\/\/www.bookhardanger.com\/wp-content\/uploads\/2025\/02\/Mikkelparken_03-768x514.jpg 768w, https:\/\/www.bookhardanger.com\/wp-content\/uploads\/2025\/02\/Mikkelparken_03-1536x1028.jpg 1536w, https:\/\/www.bookhardanger.com\/wp-content\/uploads\/2025\/02\/Mikkelparken_03.jpg 2048w\" sizes=\"auto, (max-width: 1024px) 100vw, 1024px\" \/><\/figure>\n\n\n\n<figure class=\"wp-block-image size-large\"><img loading=\"lazy\" decoding=\"async\" width=\"1024\" height=\"683\" data-id=\"352\" src=\"https:\/\/www.bookhardanger.com\/wp-content\/uploads\/2025\/02\/Mikkelparken_02-1024x683.jpg\" alt=\"Two boys running through a water fountain in a water park.\" class=\"wp-image-352\" srcset=\"https:\/\/www.bookhardanger.com\/wp-content\/uploads\/2025\/02\/Mikkelparken_02-1024x683.jpg 1024w, https:\/\/www.bookhardanger.com\/wp-content\/uploads\/2025\/02\/Mikkelparken_02-300x200.jpg 300w, https:\/\/www.bookhardanger.com\/wp-content\/uploads\/2025\/02\/Mikkelparken_02-768x512.jpg 768w, https:\/\/www.bookhardanger.com\/wp-content\/uploads\/2025\/02\/Mikkelparken_02-1536x1024.jpg 1536w, https:\/\/www.bookhardanger.com\/wp-content\/uploads\/2025\/02\/Mikkelparken_02.jpg 2048w\" sizes=\"auto, (max-width: 1024px) 100vw, 1024px\" \/><\/figure>\n<figcaption class=\"blocks-gallery-caption wp-element-caption\">\u00a9 Mikkelparken<\/figcaption><\/figure>\n","protected":false},"excerpt":{"rendered":"<p>Ta bussen fra Eidfjord til Mikkelparken for en g\u00f8y dag med familien. <\/p>\n","protected":false},"featured_media":852,"parent":0,"template":"","tags":[],"activity-categories":[44,47],"location":[32,35],"class_list":["post-2054","product","type-product","status-publish","has-post-thumbnail","hentry","activity-categories-familieferie","activity-categories-reis-offentlig","location-eidfjord","location-kinsarvik-lofthus"],"acf":[],"_links":{"self":[{"href":"https:\/\/www.bookhardanger.com\/no\/wp-json\/wp\/v2\/product\/2054","targetHints":{"allow":["GET"]}}],"collection":[{"href":"https:\/\/www.bookhardanger.com\/no\/wp-json\/wp\/v2\/product"}],"about":[{"href":"https:\/\/www.bookhardanger.com\/no\/wp-json\/wp\/v2\/types\/product"}],"wp:featuredmedia":[{"embeddable":true,"href":"https:\/\/www.bookhardanger.com\/no\/wp-json\/wp\/v2\/media\/852"}],"wp:attachment":[{"href":"https:\/\/www.bookhardanger.com\/no\/wp-json\/wp\/v2\/media?parent=2054"}],"wp:term":[{"taxonomy":"post_tag","embeddable":true,"href":"https:\/\/www.bookhardanger.com\/no\/wp-json\/wp\/v2\/tags?post=2054"},{"taxonomy":"activity-categories","embeddable":true,"href":"https:\/\/www.bookhardanger.com\/no\/wp-json\/wp\/v2\/activity-categories?post=2054"},{"taxonomy":"location","embeddable":true,"href":"https:\/\/www.bookhardanger.com\/no\/wp-json\/wp\/v2\/location?post=2054"}],"curies":[{"name":"wp","href":"https:\/\/api.w.org\/{rel}","templated":true}]}}